{"id":5475,"date":"2023-02-10T13:18:16","date_gmt":"2023-02-10T12:18:16","guid":{"rendered":"https:\/\/antcube.shop\/produkt\/popcorn-nest-20x20-l\/"},"modified":"2026-03-09T17:50:04","modified_gmt":"2026-03-09T16:50:04","slug":"popcorn-nest-20x20-l","status":"publish","type":"product","link":"https:\/\/antcube.shop\/pt\/produto\/popcorn-nest-20x20-l\/","title":{"rendered":"Ninho de pipocas 20\u00d720 - L"},"content":{"rendered":"<p><strong>Dimens\u00f5es:<\/strong> 184 x 160 x 18 mm<\/p>\n<p><strong>Material:<\/strong> pipocas prensadas com sacarose e prote\u00ednas<\/p>\n<p><strong>S\u00f3 serve<\/strong> no tamanho das nossas quintas de formigas <strong>L<\/strong><\/p>\n<p><strong>Descri\u00e7\u00e3o:<\/strong> Este ninho de pipocas com passagens e c\u00e2maras pr\u00e9-fabricadas \u00e9 perfeito como uma c\u00e2mara de gr\u00e3os, por exemplo formigas mestres, mas tamb\u00e9m outras esp\u00e9cies de formigas colectoras de gr\u00e3os. Tem um buraco como acesso ao ninho. O ninho de pipocas absorve humidade e pode expandir-se como resultado, por isso<strong> deve ser definitivamente mantido seco<\/strong>. Messor barbarus aceita muito bem o nosso ANTCUBE Popcorn Nest como uma c\u00e2mara de gr\u00e3os. Com o tempo, as formigas v\u00e3o come\u00e7ar a expandir o ninho de pipocas e a comer o seu caminho atrav\u00e9s do material de nidifica\u00e7\u00e3o.<\/p>\n<p>O Ninho de Pipocas s\u00f3 deve ser utilizado para esp\u00e9cies de formigas que requerem muito pouca ou nenhuma humidade na \u00e1rea do ninho.<\/p>","protected":false},"excerpt":{"rendered":"<p>Dimens\u00f5es: 184 x 160 x 18 mm Material: pipocas prensadas com sacarose e prote\u00ednas S\u00f3 se adapta \u00e0s nossas quintas de formigas tamanho L Descri\u00e7\u00e3o: Este ninho de pipocas com passagens e c\u00e2maras pr\u00e9-fabricadas \u00e9 perfeito como c\u00e2mara de gr\u00e3o, por exemplo formigas mestres, mas tamb\u00e9m outras esp\u00e9cies de formigas colectoras de gr\u00e3os. Tem um buraco como ninho","protected":false},"featured_media":5459,"comment_status":"open","ping_status":"closed","template":"","meta":{"_acf_changed":false,"content-type":"","_monsterinsights_skip_tracking":false,"_monsterinsights_sitenote_active":false,"_monsterinsights_sitenote_note":"","_monsterinsights_sitenote_category":0},"product_brand":[],"product_cat":[257,344,87],"product_tag":[],"class_list":{"0":"post-5475","1":"product","2":"type-product","3":"status-publish","4":"has-post-thumbnail","6":"product_cat-new-innovatve-products","7":"product_cat-popcorn","8":"product_cat-nest-insets","10":"first","11":"instock","12":"taxable","13":"shipping-taxable","14":"purchasable","15":"product-type-simple"},"acf":[],"aioseo_notices":[],"jetpack_sharing_enabled":true,"_links":{"self":[{"href":"https:\/\/antcube.shop\/pt\/wp-json\/wp\/v2\/product\/5475","targetHints":{"allow":["GET"]}}],"collection":[{"href":"https:\/\/antcube.shop\/pt\/wp-json\/wp\/v2\/product"}],"about":[{"href":"https:\/\/antcube.shop\/pt\/wp-json\/wp\/v2\/types\/product"}],"replies":[{"embeddable":true,"href":"https:\/\/antcube.shop\/pt\/wp-json\/wp\/v2\/comments?post=5475"}],"wp:featuredmedia":[{"embeddable":true,"href":"https:\/\/antcube.shop\/pt\/wp-json\/wp\/v2\/media\/5459"}],"wp:attachment":[{"href":"https:\/\/antcube.shop\/pt\/wp-json\/wp\/v2\/media?parent=5475"}],"wp:term":[{"taxonomy":"product_brand","embeddable":true,"href":"https:\/\/antcube.shop\/pt\/wp-json\/wp\/v2\/product_brand?post=5475"},{"taxonomy":"product_cat","embeddable":true,"href":"https:\/\/antcube.shop\/pt\/wp-json\/wp\/v2\/product_cat?post=5475"},{"taxonomy":"product_tag","embeddable":true,"href":"https:\/\/antcube.shop\/pt\/wp-json\/wp\/v2\/product_tag?post=5475"}],"curies":[{"name":"wp","href":"https:\/\/api.w.org\/{rel}","templated":true}]}}