{"id":5380,"date":"2023-02-01T17:57:19","date_gmt":"2023-02-01T16:57:19","guid":{"rendered":"https:\/\/antcube.shop\/produkt\/bundle-offer-lasius-niger\/"},"modified":"2026-04-05T17:41:09","modified_gmt":"2026-04-05T15:41:09","slug":"bundle-offer-lasius-niger","status":"publish","type":"product","link":"https:\/\/antcube.shop\/pt\/produto\/bundle-offer-lasius-niger\/","title":{"rendered":"Oferta de pacote - Lasius niger"},"content":{"rendered":"<p><span data-text-color=\"secondary\"><strong>Pacote que inclui uma col\u00f3nia de formigas Lasius niger (rainha + 26-50 oper\u00e1rias + ninhada), um conjunto inicial Combi M com moldura de prote\u00e7\u00e3o contra fugas, grelha de 50 mm, base de formic\u00e1rio - 20x20cm, bebedouro transparente 20ml - esponja, um frasco dos nossos grilos inteiros escaldados especiais 10g (prote\u00edna h\u00famida) e um pacote de recarga de mistura de melada 10ml.<\/strong><\/span><\/p>\n<p><span data-text-color=\"alert\"><strong>Apenas enquanto durarem os stocks.<\/strong><\/span><\/p>\n<p><strong>Tudo o que \u00e9 necess\u00e1rio para uma col\u00f3nia de formigas Lasius niger<\/strong><br \/>\nEste pacote cont\u00e9m tudo o que \u00e9 necess\u00e1rio para que uma col\u00f3nia de Lasius niger passe com sucesso os primeiros meses. \u00c9 flexivelmente expans\u00edvel e explicitamente adequado para principiantes na cria\u00e7\u00e3o de formigas.<\/p>\n<p>Esp\u00e9cie de formiga Lasius niger A Lasius niger, tamb\u00e9m conhecida como a \"formiga do rasto preto\", \u00e9 uma das esp\u00e9cies mais populares para os principiantes na cria\u00e7\u00e3o de formigas. \u00c9 uma das formigas de tamanho pequeno a m\u00e9dio e \u00e9 muito frugal. Est\u00e1 espalhada por toda a Europa, mas tamb\u00e9m pode ser encontrada na \u00c1sia, \u00c1frica e Am\u00e9rica do Norte.<\/p>\n<p><strong>Comida para Lasius niger<\/strong><br \/>\nNa natureza, o Lasius niger mant\u00e9m frequentemente pulg\u00f5es para recolher o seu melado produzido a partir da seiva das plantas. Ao faz\u00ea-lo, protegem-nos e at\u00e9 transportam-nos para os rebentos jovens.<br \/>\nNo formic\u00e1rio, pode simplesmente colocar alguns galhos infestados (por exemplo, rosas, bagas de sabugueiro, groselhas) num vaso e observar os animais a ordenh\u00e1-los. No formic\u00e1rio \u00e9 melhor dar solu\u00e7\u00e3o de mel e alimento proteico (quer seja alimento vivo de pequenos insectos ou alimento proteico seco).<\/p>\n<p><strong>Hiberna\u00e7\u00e3o em Lasius niger<\/strong><br \/>\nO Lasius niger hiberna entre o final de outubro e o final de mar\u00e7o a uma temperatura de 5-8 graus. No formic\u00e1rio, pode simplesmente colocar todo o formic\u00e1rio numa sala fria ou (se o formic\u00e1rio tiver um ninho amov\u00edvel) colocar o ninho no frigor\u00edfico, por exemplo. No entanto, deve ter-se o cuidado de garantir que as formigas n\u00e3o s\u00e3o expostas a temperaturas inferiores a 0 graus, uma vez que nunca est\u00e3o t\u00e3o bem protegidas do frio no formic\u00e1rio como est\u00e3o na natureza. H\u00e1 tamb\u00e9m relatos de tratadores que mant\u00eam a Lasius niger sem hiberna\u00e7\u00e3o. No entanto, isto pode levar a uma redu\u00e7\u00e3o do tempo de vida da col\u00f3nia ou atrasar o desenvolvimento da ninhada. Durante a hiberna\u00e7\u00e3o, os animais n\u00e3o precisam de ser alimentados ou s\u00e3o alimentados muito pouco, se necess\u00e1rio. No entanto, \u00e9 necess\u00e1rio controlar regularmente a humidade e ter cuidado com o bolor!<\/p>\n<p><strong>Conte\u00fado:<\/strong><\/p>\n<p>1x Lasius niger (rainha + 26-50 oper\u00e1rias + ninhada)<br \/>\n1x Cricket Jam 25g<br \/>\n1x Honeydew honey 10ml refill pack<\/p>\n<p>1x ANTCUBE - Arena 20x20x20 - Combi M<br \/>\n1x Cobertura de arena formiga 20\u00d720<br \/>\n4x Ponto de fixa\u00e7\u00e3o para cobertura da arena<br \/>\n1x Arma\u00e7\u00e3o de arena formiga 20\u00d720<br \/>\n1x pad for formicariums &#8211; 20x20cm<\/p>\n<p>2x grid insert &#8211; 50mm<br \/>\n2x grid insert &#8211; 27mm<br \/>\n1x ANTCUBE - Placa Digfix 20\u00d720 - M<br \/>\n1x soil &#8211; Sand-loam red &#8211; 200g<\/p>\n<p>1x Foil thermometer display<br \/>\n1x drinking clear 5ml &#8211; sponge<br \/>\n1x bebedouro de 2ml - 360 graus<br \/>\n1x Feeding dish white rectangle &#8211; 3 compartments<br \/>\n1x Lupa de m\u00e3o - 2x - 30mm<br \/>\n1x Transparent plastic tweezers<br \/>\n1x pin\u00e7a de a\u00e7o para molas - largo - macio<br \/>\n1x Pipeta pl\u00e1stica 3ml<br \/>\n1x \u00f3leo de protec\u00e7\u00e3o contra a fuga de formigas 10ml<br \/>\n1x Foam wiper 150x18x2.5mm<\/p>\n<p><strong>Descri\u00e7\u00e3o:<\/strong><br \/>\nEste Starter Set - Combi \u00e9 adequado para a maioria das esp\u00e9cies de formigas que nidificam no solo.<br \/>\nO conjunto \u00e9 muito compacto e os acess\u00f3rios inclu\u00eddos foram reduzidos ao essencial.<br \/>\nTrata-se, portanto, de um conjunto econ\u00f3mico, fabricado com materiais de alta qualidade, ideal para se iniciar na cria\u00e7\u00e3o de formigas.<br \/>\nO substrato inclu\u00eddo, areia - bege argiloso, \u00e9 bem aceite pela maioria das esp\u00e9cies de formigas escavadoras de ninhos de terra.<\/p>\n<p>No entanto, podem tamb\u00e9m ser colocados outros substratos de solo ou inser\u00e7\u00f5es de nidifica\u00e7\u00e3o na \u00e1rea de nidifica\u00e7\u00e3o do picadeiro.<br \/>\nOutros acess\u00f3rios \u00fateis podem ser encontrados nas sugest\u00f5es (ver abaixo).<\/p>\n<p><strong>Recomenda\u00e7\u00e3o:<\/strong> Recomendamos uma camada de substrato de 2 mm de altura, para que os animais n\u00e3o possam enterrar-se na arena e, em vez disso, utilizar a quinta fornecida para o efeito. Recomendamos tamb\u00e9m que o material de nidifica\u00e7\u00e3o na fazenda (areia\/argila, Digfix, etc.) seja picado levemente em um s\u00f3 lugar para facilitar a escava\u00e7\u00e3o dos animais.<\/p>\n<p><strong>Importante:<\/strong> Humede\u00e7a o substrato do deserto antes de o utilizar, para que a mistura possa aderir e desenvolver uma fixa\u00e7\u00e3o firme no formigueiro. Al\u00e9m disso, um substrato seco e poeirento pode levar \u00e0 obstru\u00e7\u00e3o das vias respirat\u00f3rias das formigas e, no pior dos casos, \u00e0 asfixia dos animais.<\/p>\n<p><strong>Nota:<\/strong><br \/>\nQuando utilizar os nossos insertos de ninho, tenha em aten\u00e7\u00e3o que estes s\u00e3o 8 mm mais estreitos, uma vez que foram originalmente concebidos para se adaptarem aos nossos viveiros de formigas e insertos de arena mais estreitos! Neste caso, o espa\u00e7o entre eles teria de ser preenchido com material de enchimento, como gesso ou argila.<\/p>\n<p><strong>Notas sobre a produ\u00e7\u00e3o<\/strong><br \/>\nO vidro \u00e9 cortado de acordo com a norma DIN 1249 com uma toler\u00e2ncia de +\/;- 1mm. Para esp\u00e9cies de formigas extremamente pequenas, \u00e9 essencial uma protec\u00e7\u00e3o adicional contra a fuga de formigas.<\/p>\n<p><strong>Instru\u00e7\u00f5es: <\/strong>(Vers\u00e3o 2023, a vers\u00e3o actualizada para 2024 estar\u00e1 dispon\u00edvel, o mais tardar, em 04\/2024)<strong><br \/>\n<\/strong><\/p>\n<p>- DE<a href=\"https:\/\/www.antstore.net\/shop\/images\/info\/de\/Gebrauchsanweisung%20Starter%20Set%20Combi.pdf\"> Gebrauchsanweisung Starter Set Combi<\/a> (PDF 7,98 MB)<\/p>\n<p>- PT<a href=\"https:\/\/www.antstore.net\/shop\/images\/info\/en\/Instructions%20for%20use%20-%20Starter%20Set%20Combi.pdf\"> Instru\u00e7\u00f5es de utiliza\u00e7\u00e3o - Starter Set Combi<\/a> (PDF 7,94 MB)<\/p>\n<p>- ES<a href=\"https:\/\/www.antstore.net\/shop\/images\/info\/es\/Manual%20de%20instrucciones%20-%20Set%20de%20inicio%20Combi.pdf\"> Manual de instru\u00e7\u00f5es - Set de inicio Combi<\/a> (PDF 7,94 MB)<\/p>\n<p>- FR<a href=\"https:\/\/www.antstore.net\/shop\/images\/info\/fr\/Manuel%20d'instruction%20-%20Kit%20de%20d%C3%A9marrage%20Combi.pdf\"> Manuel d'instruction - Kit de d\u00e9marrage Combi<\/a> (PDF 7,95 MB)<\/p>\n<p><strong>Notas sobre o Cricket Jam:<\/strong><br \/>\nOs nossos grilos escaldados s\u00e3o uma forma f\u00e1cil de fornecer \u00e0s suas formigas alimentos proteicos acabados de conservar sem ter de alimentar insectos vivos. Os grilos contidos (Acheta domesticus) foram suavemente branqueados para garantir que os valores nutricionais, o sabor e o aroma s\u00e3o mantidos. Al\u00e9m disso, a casca quitinosa dos insectos \u00e9 amolecida desta forma, para que possa ser digerida mais facilmente. As liga\u00e7\u00f5es das prote\u00ednas de colag\u00e9nio s\u00e3o quebradas para que as formigas as possam utilizar melhor. A Acheta domesticus enlatada tem o mesmo valor nutricional que os grilos vivos, mas \u00e9 mais f\u00e1cil de digerir.<\/p>\n<p>O Cricket Jam n\u00e3o \u00e9 adequado para ca\u00e7ar esp\u00e9cies de formigas que necessitam de alimento vivo (por exemplo, ponerinas (formigas grandes) como Harpegnathos ou Odontomachus)<\/p>\n<p><strong>Outras vantagens:<\/strong><br \/>\nGarantia de aus\u00eancia de \u00e1caros<br \/>\nPode ser doseado e dilu\u00eddo em \u00e1gua<br \/>\nEsterilizado e embalado em v\u00e1cuo<br \/>\nSem aditivos<br \/>\nGrilos de cria\u00e7\u00e3o sustent\u00e1vel puramente org\u00e2nica, alimentados com res\u00edduos org\u00e2nicos<\/p>\n<p><strong>Nota:<\/strong><br \/>\nPode ser conservado no frigor\u00edfico durante cerca de quatro dias ap\u00f3s a abertura. A dura\u00e7\u00e3o de conserva\u00e7\u00e3o \u00e9 mais longa se for congelado.<br \/>\nAten\u00e7\u00e3o: Primeiro a por\u00e7\u00e3o, depois o congelamento.<\/p>\n<p><strong>Nota sobre o melado:<\/strong><br \/>\nConte\u00fado: 10 ml<br \/>\nEste \u00e9 um produto natural, que aperfei\u00e7o\u00e1mos ap\u00f3s extensos testes no nosso laborat\u00f3rio e desenvolvemos para ser um alimento muito bem aceite pelas formigas. A raz\u00e3o \u00e9 que o mel de melada n\u00e3o processado na sua forma original concentrada n\u00e3o \u00e9 bem aceite pelas formigas e o seu metabolismo.<br \/>\nO nosso melada foi recolhido nas florestas selvagens e n\u00e3o polu\u00eddas das montanhas da Bulg\u00e1ria. O melado s\u00f3 \u00e9 produzido durante um per\u00edodo muito limitado, cerca de dois meses no ver\u00e3o. Por conseguinte, \u00e9 muito raro. Devido \u00e0s caracter\u00edsticas espec\u00edficas do solo das florestas e do clima, os nutrientes essenciais s\u00e3o armazenados nas folhas das \u00e1rvores, que s\u00e3o absorvidos pelos pulg\u00f5es. \u00c9 isto que torna esta mistura de melada t\u00e3o apetec\u00edvel para as formigas.<\/p>\n<p><strong>Aplica\u00e7\u00e3o:<\/strong><br \/>\nA quantidade de alimentos deve ser consumida no prazo de cerca de 3 dias.<\/p>\n<p><strong>Descri\u00e7\u00e3o:<\/strong><br \/>\nA melada, ao contr\u00e1rio do mel das flores, \u00e9 obtida a partir das secre\u00e7\u00f5es de insectos que sugam as plantas, como os pulg\u00f5es. A melada \u00e9 uma fonte de alimenta\u00e7\u00e3o popular para muitos insectos, como as formigas, as abelhas e os zang\u00f5es. As abelhas e os zang\u00f5es lambem-no das folhas ou agulhas de v\u00e1rias \u00e1rvores. As formigas, como a Lasius niger, guardam literalmente os af\u00eddeos. Defendem-nos mesmo contra os predadores e transportam-nos para os rebentos frescos.<\/p>\n<p>O melado \u00e9 particularmente popular entre as formigas devido aos seus componentes algo diferentes. Os principais a\u00e7\u00facares do melado s\u00e3o a sacarose e a frutose, mas tamb\u00e9m se encontram pequenas quantidades de maltose, trealose, melezitose, rafinose e outros oligossac\u00e1ridos. Para al\u00e9m do a\u00e7\u00facar e da \u00e1gua, o melado cont\u00e9m tamb\u00e9m amino\u00e1cidos essenciais, minerais, oligoelementos, adenosinas, fosfatos e outros ingredientes como as vitaminas.<\/p>\n<p><strong>Utiliza\u00e7\u00e3o:<\/strong><br \/>\nPara esp\u00e9cies de formigas comedoras de mel (Meliphagidae)<br \/>\nTrata-se de um alimento complementar<br \/>\nPode ser oferecida aos animais como fornecida. Uma vez que a concentra\u00e7\u00e3o de a\u00e7\u00facar \u00e9 reduzida pela humidade e se inicia um processo de fermenta\u00e7\u00e3o, os alimentos deveriam ser substitu\u00eddos de 3 em 3 dias. Limpar bem o comedouro\/tubo antes de o voltar a utilizar.<br \/>\nDepois de aberta, a embalagem deve ser mantida bem fechada at\u00e9 ao fim do prazo de validade.<\/p>\n<p><strong>Informa\u00e7\u00e3o nutricional por 100 g:<\/strong><br \/>\naprox. 2,7 % gorduras<br \/>\ndos quais cerca de 0,45 % saturados<br \/>\ncerca de 95 hidratos de carbono %<br \/>\ndos quais cerca de 71<br \/>\naprox. 2.85% prote\u00edna<br \/>\nMinerais (pot\u00e1ssio, c\u00e1lcio, cobre, ferro, s\u00f3dio, magn\u00e9sio, f\u00f3sforo, zinco e outros oligoelementos) Amino\u00e1cidos (prolina, leucina, fenilalanina, alanina, histidina, isoleucina, \u00e1cido glut\u00e2mico, arginina, \u00e1cido asp\u00e1rtico, etc.) \u00c1cidos org\u00e2nicos Enzimas (fermentos)Aromas Inibidores (subst\u00e2ncias antibacterianas) Flores P\u00f3len<\/p>\n<p><strong>Armazenamento:<\/strong><br \/>\nPara garantir a qualidade dos alimentos para animais, estes devem ser armazenados num local escuro e seco.<\/p>\n<p><strong>Nota:<\/strong><br \/>\nAlimento suplementar para formigas comedoras de mel.<br \/>\nConsultar a bula para saber a composi\u00e7\u00e3o, os ingredientes anal\u00edticos, a data de validade e o n\u00famero do lote.<\/p>\n<p>Linha direta de informa\u00e7\u00f5es +49 30 439703870<\/p>\n<p>Inspec\u00e7\u00e3o veterin\u00e1ria e alimentar respons\u00e1vel:<br \/>\nEscrit\u00f3rio Veterin\u00e1rio Steglitz<br \/>\nK\u00f6nigin-Luise-Str. 92<br \/>\n14195 Berlim<\/p>","protected":false},"excerpt":{"rendered":"<p>Tamanho: M<\/p>","protected":false},"featured_media":7115,"comment_status":"open","ping_status":"closed","template":"","meta":{"_acf_changed":false,"content-type":"","_monsterinsights_skip_tracking":false,"_monsterinsights_sitenote_active":false,"_monsterinsights_sitenote_note":"","_monsterinsights_sitenote_category":0},"product_brand":[],"product_cat":[355,73,78],"product_tag":[],"class_list":{"0":"post-5380","1":"product","2":"type-product","3":"status-publish","4":"has-post-thumbnail","6":"product_cat-bundle-offers","7":"product_cat-starter-sets","8":"product_cat-starter-sets-combi","10":"first","11":"instock","12":"taxable","13":"shipping-taxable","14":"purchasable","15":"product-type-simple"},"acf":[],"aioseo_notices":[],"jetpack_sharing_enabled":true,"_links":{"self":[{"href":"https:\/\/antcube.shop\/pt\/wp-json\/wp\/v2\/product\/5380","targetHints":{"allow":["GET"]}}],"collection":[{"href":"https:\/\/antcube.shop\/pt\/wp-json\/wp\/v2\/product"}],"about":[{"href":"https:\/\/antcube.shop\/pt\/wp-json\/wp\/v2\/types\/product"}],"replies":[{"embeddable":true,"href":"https:\/\/antcube.shop\/pt\/wp-json\/wp\/v2\/comments?post=5380"}],"wp:featuredmedia":[{"embeddable":true,"href":"https:\/\/antcube.shop\/pt\/wp-json\/wp\/v2\/media\/7115"}],"wp:attachment":[{"href":"https:\/\/antcube.shop\/pt\/wp-json\/wp\/v2\/media?parent=5380"}],"wp:term":[{"taxonomy":"product_brand","embeddable":true,"href":"https:\/\/antcube.shop\/pt\/wp-json\/wp\/v2\/product_brand?post=5380"},{"taxonomy":"product_cat","embeddable":true,"href":"https:\/\/antcube.shop\/pt\/wp-json\/wp\/v2\/product_cat?post=5380"},{"taxonomy":"product_tag","embeddable":true,"href":"https:\/\/antcube.shop\/pt\/wp-json\/wp\/v2\/product_tag?post=5380"}],"curies":[{"name":"wp","href":"https:\/\/api.w.org\/{rel}","templated":true}]}}