{"id":5379,"date":"2023-02-01T17:48:39","date_gmt":"2023-02-01T16:48:39","guid":{"rendered":"https:\/\/antcube.shop\/produkt\/honigtau-mix-ht-nachfullpack-10ml\/"},"modified":"2026-04-06T15:55:36","modified_gmt":"2026-04-06T13:55:36","slug":"honigtau-mix-ht-nachfullpack-10ml","status":"publish","type":"product","link":"https:\/\/antcube.shop\/pt\/produto\/honigtau-mix-ht-nachfullpack-10ml\/","title":{"rendered":"Honeydew - mistura (HT) - pacote de recarga 10ml"},"content":{"rendered":"<p><strong>Conte\u00fado:<\/strong> 10 ml<\/p>\n<p>Este \u00e9 um produto natural, que aperfei\u00e7o\u00e1mos ap\u00f3s extensos testes no nosso laborat\u00f3rio e desenvolvemos para ser um alimento muito bem aceite pelas formigas. A raz\u00e3o \u00e9 que o mel de melada n\u00e3o processado na sua forma original concentrada n\u00e3o \u00e9 bem aceite pelas formigas e o seu metabolismo.<\/p>\n<p>A nossa melada foi recolhida nas florestas selvagens de montanha n\u00e3o polu\u00eddas da Bulg\u00e1ria. O melada \u00e9 produzido apenas num per\u00edodo muito limitado, de cerca de dois meses no Ver\u00e3o. Por conseguinte, \u00e9 muito raro. Devido \u00e0s caracter\u00edsticas espec\u00edficas do solo das florestas e do clima, foram armazenados nutrientes existencialmente importantes nas folhas das \u00e1rvores, que s\u00e3o absorvidos pelos af\u00eddeos. Isto \u00e9 o que torna esta mistura de melada t\u00e3o desej\u00e1vel para as formigas.<\/p>\n<p><strong>Aplica\u00e7\u00e3o:<\/strong><br \/>\nA quantidade de alimentos deve ser consumida no prazo de cerca de 3 dias.<\/p>\n<p><strong>Descri\u00e7\u00e3o:<\/strong><br \/>\nO mel de mel, ao contr\u00e1rio do mel de flores, \u00e9 derivado de secre\u00e7\u00f5es de insectos sugadores de plantas como os af\u00eddeos. O mel de mel \u00e9 uma fonte alimentar favorita de muitos insectos tais como formigas, abelhas, e at\u00e9 mesmo abelhas. As abelhas e os abelh\u00f5es lambem-no das folhas ou agulhas de diferentes \u00e1rvores. Formigas como o Lasius niger mant\u00eam os af\u00eddeos regularmente. Defendem-nos at\u00e9 contra predadores e transportam-nos para rebentos frescos.<\/p>\n<p>O mel \u00e9 popular entre as formigas, principalmente devido aos seus componentes um pouco diferentes. Os principais a\u00e7\u00facares no mel-dew s\u00e3o a sacarose e a frutose, mas tamb\u00e9m est\u00e3o presentes pequenas quantidades de maltose, trealose, melezitose, rafinose e outros oligossacar\u00eddeos. Al\u00e9m de a\u00e7\u00facares e \u00e1gua, a melada cont\u00e9m tamb\u00e9m amino\u00e1cidos, minerais, oligoelementos, fosfatos de adenosina e outros ingredientes, tais como vitaminas.<\/p>\n<p><strong>Utiliza\u00e7\u00f5es:<\/strong><br \/>\nPara esp\u00e9cies de formiga comedora de mel (Meliphagidae).<br \/>\n\u00c9 uma alimenta\u00e7\u00e3o suplementar (alimenta\u00e7\u00e3o \u00fanica)<br \/>\nPode ser oferecido aos animais no estado em que \u00e9 entregue. Uma vez que a humidade reduz a concentra\u00e7\u00e3o de a\u00e7\u00facar e se inicia um processo de fermenta\u00e7\u00e3o, os alimentos devem ser substitu\u00eddos a cada 3 dias. Tigela\/tubo dos alimentos cuidadosamente limpos antes da sua reutiliza\u00e7\u00e3o.<br \/>\nUm pacote aberto deve ser utilizado bem fechado at\u00e9 \u00e0 data indicada (melhor antes da data).<\/p>\n<p><strong>Valores nutricionais por 100 g:<\/strong><br \/>\naprox. 2,7 % gorduras<br \/>\ndo mesmo saturado ca. 0,45 %<br \/>\nca 95 % hidratos de carbono<br \/>\ndo seu a\u00e7\u00facar ca. 71%<br \/>\naprox. 2.85% prote\u00edna<\/p>\n<p>Minerais (pot\u00e1ssio, c\u00e1lcio, cobre, ferro, s\u00f3dio, magn\u00e9sio, f\u00f3sforo, zinco e outros oligoelementos) Amino\u00e1cidos (prolina, leucina, fenilalanina, alanina, histidina, isoleucina, \u00e1cido glut\u00e2mico, arginina, \u00e1cido asp\u00e1rtico, etc.) \u00c1cidos org\u00e2nicos Enzimas (fermentos)Aromas Inibidores (subst\u00e2ncias antibacterianas) Flores P\u00f3len<\/p>\n<p><strong>Armazenamento:<\/strong> para garantir a qualidade da ra\u00e7\u00e3o, esta deve ser armazenada num local escuro e seco.<\/p>\n<p><strong>Aviso:<\/strong><br \/>\nInforma\u00e7\u00f5es sobre como usar os tubos de alimenta\u00e7\u00e3o podem ser encontradas aqui: Link<br \/>\nAlimento suplementar para formigas comedoras de mel.<br \/>\nConsulte o folheto informativo sobre a composi\u00e7\u00e3o, ingredientes anal\u00edticos, data de validade e n\u00famero do lote.<\/p>\n<p>Linha direta de informa\u00e7\u00f5es +49 30 439703870<\/p>\n<p>Autoridade veterin\u00e1ria e de supervis\u00e3o alimentar respons\u00e1vel:<\/p>\n<p>Escrit\u00f3rio Veterin\u00e1rio Steglitz<br \/>\nK\u00f6nigin-Luise-Str. 92<br \/>\n14195 Berlim<\/p>\n<p>&nbsp;<\/p>\n<div style=\"width: 1020px;\" class=\"wp-video\"><video class=\"wp-video-shortcode\" id=\"video-5379-1\" width=\"1020\" height=\"1813\" preload=\"metadata\" controls=\"controls\"><source type=\"video\/mp4\" src=\"https:\/\/antcube.shop\/wp-content\/uploads\/2024\/04\/black-ant_ein-shot_aphids-.mp4?_=1\" \/><a href=\"https:\/\/antcube.shop\/wp-content\/uploads\/2024\/04\/black-ant_ein-shot_aphids-.mp4\">https:\/\/antcube.shop\/wp-content\/uploads\/2024\/04\/black-ant_ein-shot_aphids-.mp4<\/a><\/video><\/div>","protected":false},"excerpt":{"rendered":"<p>alimentos suplementares<\/p>","protected":false},"featured_media":5382,"comment_status":"open","ping_status":"closed","template":"","meta":{"_acf_changed":false,"content-type":"","_monsterinsights_skip_tracking":false,"_monsterinsights_sitenote_active":false,"_monsterinsights_sitenote_note":"","_monsterinsights_sitenote_category":0},"product_brand":[],"product_cat":[257,115,116],"product_tag":[],"class_list":{"0":"post-5379","1":"product","2":"type-product","3":"status-publish","4":"has-post-thumbnail","6":"product_cat-new-innovatve-products","7":"product_cat-food-and-feeding","8":"product_cat-food","10":"first","11":"instock","12":"taxable","13":"shipping-taxable","14":"purchasable","15":"product-type-simple"},"acf":[],"aioseo_notices":[],"jetpack_sharing_enabled":true,"_links":{"self":[{"href":"https:\/\/antcube.shop\/pt\/wp-json\/wp\/v2\/product\/5379","targetHints":{"allow":["GET"]}}],"collection":[{"href":"https:\/\/antcube.shop\/pt\/wp-json\/wp\/v2\/product"}],"about":[{"href":"https:\/\/antcube.shop\/pt\/wp-json\/wp\/v2\/types\/product"}],"replies":[{"embeddable":true,"href":"https:\/\/antcube.shop\/pt\/wp-json\/wp\/v2\/comments?post=5379"}],"wp:featuredmedia":[{"embeddable":true,"href":"https:\/\/antcube.shop\/pt\/wp-json\/wp\/v2\/media\/5382"}],"wp:attachment":[{"href":"https:\/\/antcube.shop\/pt\/wp-json\/wp\/v2\/media?parent=5379"}],"wp:term":[{"taxonomy":"product_brand","embeddable":true,"href":"https:\/\/antcube.shop\/pt\/wp-json\/wp\/v2\/product_brand?post=5379"},{"taxonomy":"product_cat","embeddable":true,"href":"https:\/\/antcube.shop\/pt\/wp-json\/wp\/v2\/product_cat?post=5379"},{"taxonomy":"product_tag","embeddable":true,"href":"https:\/\/antcube.shop\/pt\/wp-json\/wp\/v2\/product_tag?post=5379"}],"curies":[{"name":"wp","href":"https:\/\/api.w.org\/{rel}","templated":true}]}}