{"id":5347,"date":"2023-01-17T17:36:25","date_gmt":"2023-01-17T16:36:25","guid":{"rendered":"https:\/\/antcube.shop\/produkt\/bundle-offer-messor-barbarus\/"},"modified":"2026-04-02T14:07:24","modified_gmt":"2026-04-02T12:07:24","slug":"bundle-offer-messor-barbarus","status":"publish","type":"product","link":"https:\/\/antcube.shop\/pt\/produto\/bundle-offer-messor-barbarus\/","title":{"rendered":"Oferta de pacote - Messor barbarus"},"content":{"rendered":"<p><span data-text-color=\"secondary\"><strong>Pacote que inclui uma col\u00f3nia de formigas Messor barbarus (rainha + 11-25 oper\u00e1rias + ninhada), um conjunto inicial para Messor spec. com 3x tapetes de formic\u00e1rio e um frasco dos nossos grilos inteiros escaldados especiais 10g (prote\u00edna h\u00famida).<\/strong><\/span><\/p>\n<p><span data-text-color=\"alert\"><strong>Apenas enquanto durarem os stocks.<\/strong><\/span><\/p>\n<p><strong>Tudo o que \u00e9 necess\u00e1rio para uma col\u00f3nia de formigas Messor barbarus<\/strong><br \/>\nEste pacote cont\u00e9m tudo o que \u00e9 necess\u00e1rio para que uma col\u00f3nia de Messor barbarus passe com sucesso os primeiros meses. \u00c9 flexivelmente expans\u00edvel e explicitamente adequado para principiantes na cria\u00e7\u00e3o de formigas.<\/p>\n<p><strong>Esp\u00e9cie de formiga Messor barbarus:<\/strong><br \/>\nA Messor barbarus \u00e9 uma esp\u00e9cie de formiga claramente gran\u00edvora (que come gr\u00e3os) da regi\u00e3o mediterr\u00e2nica. Pertence \u00e0s chamadas formigas colhedoras e \u00e9 uma das esp\u00e9cies de entrada para os criadores de formigas devido \u00e0s suas exig\u00eancias relativamente simples em termos de clima e alimenta\u00e7\u00e3o. Devido \u00e0 sua cor e \u00e0 forma\u00e7\u00e3o de oper\u00e1rias menores, m\u00e9dias e maiores (mais pequenas e maiores), \u00e9 muito interessante de observar.<\/p>\n<p><strong>Alimentos para Messor barbarus<\/strong><br \/>\nNa natureza, o Messor barbarus come principalmente gr\u00e3os e utiliza-os para fazer \"p\u00e3o de formiga\", mas os frutos doces e os insectos mortos tamb\u00e9m s\u00e3o facilmente aceites. O Messor barbarus cobre uma grande parte das suas necessidades de humidade com gr\u00e3os e o resto com insectos. No formic\u00e1rio, podem ser dados gr\u00e3os e, se necess\u00e1rio, mel, alimentos proteicos, insectos muito pequenos ou geleia. A \u00e1gua com mel s\u00f3 \u00e9 aceite se houver falta de l\u00edquido. Como as esp\u00e9cies de Messor t\u00eam tend\u00eancia para mergulhar em fontes de \u00e1gua abertas, estas devem ser sempre cobertas com pedras ou algod\u00e3o absorvente.<\/p>\n<p>O Messor barbarus hiberna entre o final de novembro e o final de fevereiro. No entanto, ao contr\u00e1rio do Lasius niger, por exemplo, este \u00e9 um per\u00edodo de atividade muito reduzida. O per\u00edodo de hiberna\u00e7\u00e3o deve ser passado a cerca de 15\u00b0C, pois as temperaturas nas regi\u00f5es de origem do Messor barbarus raramente s\u00e3o mais baixas, mesmo no inverno. Para este efeito, basta colocar as formigas numa sala sem aquecimento. H\u00e1 tamb\u00e9m relatos de criadores que mant\u00eam a Messor barbarus sem hiberna\u00e7\u00e3o. No entanto, isto pode levar a uma redu\u00e7\u00e3o do tempo de vida da col\u00f3nia ou atrasar o desenvolvimento da cria\u00e7\u00e3o. Durante a hiberna\u00e7\u00e3o, os animais s\u00f3 precisam de ser alimentados um pouco. No entanto, \u00e9 necess\u00e1rio controlar regularmente a humidade e ter cuidado com o bolor!<\/p>\n<p><strong>Formic\u00e1rio para Messor barbarus<\/strong><br \/>\nAs formigas colhedoras precisam de uma \u00e1rea de ninho ligeiramente h\u00famida para a ninhada e uma \u00e1rea de ninho seca para armazenar os gr\u00e3os recolhidos (seca para evitar o crescimento de bolor). Isto funciona melhor com dois ninhos separados, que est\u00e3o inclu\u00eddos no nosso conjunto inicial. Isto durar\u00e1 pelo menos 1-2 anos. Depois disso, tanto a \u00e1rea do ninho como a da arena devem ser alargadas.<\/p>\n<p><strong>As condi\u00e7\u00f5es clim\u00e1ticas \u00f3ptimas para o Messor barbarus s\u00e3o as seguintes<\/strong><br \/>\nHumidade:<br \/>\nArena: 30 - 50% \u00c1rea do ninho: 50 - 70%<br \/>\nTemperatura:<br \/>\nArena: 25 - 30\u00b0C \u00c1rea do ninho: 21 - 26\u00b0C<\/p>\n<p>O nosso Digfix \u00e9 o material de nidifica\u00e7\u00e3o mais adequado. \u00c9 muito resistente \u00e0 humidade e garante que a vis\u00e3o do ninho e das c\u00e2maras e passagens no seu interior n\u00e3o \u00e9 perturbada por res\u00edduos de substrato, como acontece com as misturas de areia e espuma. Gra\u00e7as \u00e0s suas mand\u00edbulas fortes, as oper\u00e1rias Major tamb\u00e9m podem comer o Ytong ao longo do tempo sem qualquer problema. Os ninhos de vidro com inser\u00e7\u00f5es Digfix s\u00e3o, portanto, a melhor e mais segura forma de manter o Messor angularis.<\/p>\n<p><strong>Conte\u00fado:<\/strong><\/p>\n<p>1x Messor barbarus (rainha + 11-25 oper\u00e1rias + ninhada)<br \/>\n1x Cricket Jam 25g<br \/>\n1x Alimento em gr\u00e3o menor 100g<br \/>\n1x pad for formicariums &#8211; 20x20cm<br \/>\n2x pad for formicariums &#8211; 20x6cm<\/p>\n<p>1x ANTCUBE - arena 20x20x10 - plano<br \/>\n1x arma\u00e7\u00e3o de arena de formigas 20\u00d720<br \/>\n1x cobertura de arena de formigas 20\u00d720<br \/>\n4x ponto de fixa\u00e7\u00e3o para cobertura de arena<br \/>\n2x ANTCUBE - Ant farm - L - 20\u00d720 - vertical<\/p>\n<p>2x ANTCUBE - Placa Digfix 20\u00d720 - M<br \/>\n1x Tubo de 1m transparente 14\/10 mm<br \/>\n2x ANTCUBE - Folha vermelha 20\u00d720 - filtro<br \/>\n2x grampos adesivos - transparentes 2 pcs.<br \/>\n1x substrato - deserto - 1 kg<\/p>\n<p>2x grid insert &#8211; 50mm<br \/>\n1x grid insert &#8211; 27mm<br \/>\n1x tampa da grelha - 10mm - a\u00e7o inoxid\u00e1vel<\/p>\n<p>1x conetor para mangueira de dep\u00f3sito 27-14,16,20 mm - transparente<br \/>\n1x drinking clear 5ml &#8211; sponge<br \/>\n1x Feeding dish white rectangle &#8211; 3 compartments<br \/>\n1x Foil thermometer display<br \/>\n2x Foil thermometer farm<br \/>\n1x \u00d3leo de protec\u00e7\u00e3o contra a fuga de formigas 10ml<br \/>\n1x Pin\u00e7a a\u00e7o mola - larga - macia<br \/>\n1x Pin\u00e7a de pl\u00e1stico transparente<br \/>\n1 pipetas de pl\u00e1stico 3ml<br \/>\n1x lupa de m\u00e3o - 2x - 30mm<br \/>\n1x limpador de espuma 150x18x2,5mm<br \/>\n1x fundo fotogr\u00e1fico - deserto - 20\u00d710<\/p>\n<p><strong>Descri\u00e7\u00e3o Conjunto inicial:<\/strong><br \/>\nEste conjunto inicial \u00e9 especialmente adequado para v\u00e1rias esp\u00e9cies do g\u00e9nero Messor. Uma das duas quintas destina-se a armazenar as sementes e o p\u00e3o de formiga e deve, por isso, ser mantida completamente seca para evitar que as sementes\/gr\u00e3os a\u00ed armazenados pelas formigas germinem ou ganhem bolor.<br \/>\nAs \"placas Digfix\" podem ser inseridas nas quintas totalmente transparentes. Em alternativa, pode tamb\u00e9m utilizar o \"Soil - Desert\" para encher os campos. Se necess\u00e1rio, podem ser ligados m\u00f3dulos adicionais atrav\u00e9s dos orif\u00edcios de 50 mm na cobertura, por exemplo, os nebulizadores, ventiladores ou luzes dispon\u00edveis separadamente. Em alternativa, os encaixes de grelha adequados para fechar as aberturas est\u00e3o inclu\u00eddos no volume de fornecimento. Se desejado, o formic\u00e1rio tamb\u00e9m pode ser operado aberto, bastando fixar a estrutura amov\u00edvel e aplicar \u00f3leo de prote\u00e7\u00e3o contra a fuga de formigas na borda.<\/p>\n<p><strong>Importante:<\/strong> Humede\u00e7a o substrato antes de o utilizar, para que a mistura possa aderir e desenvolver uma fixa\u00e7\u00e3o firme no formigueiro. Al\u00e9m disso, se o substrato estiver demasiado seco e poeirento, as vias respirat\u00f3rias das formigas podem ficar bloqueadas e, no pior dos casos, os animais podem sufocar.<\/p>\n<p><strong>Recomenda\u00e7\u00e3o:<\/strong> Recomendamos uma camada de substrato de 2 mm de altura, para que os animais n\u00e3o possam enterrar-se na arena e, em vez disso, utilizar a quinta fornecida para o efeito. Recomendamos tamb\u00e9m que o material de nidifica\u00e7\u00e3o na fazenda (areia\/argila, Digfix, etc.) seja picado levemente em um s\u00f3 lugar para facilitar a escava\u00e7\u00e3o dos animais.<\/p>\n<p><strong>Notas sobre a produ\u00e7\u00e3o<\/strong><br \/>\nO vidro \u00e9 cortado de acordo com a norma DIN 1249 com uma toler\u00e2ncia de +\/;- 1mm. Para esp\u00e9cies de formigas extremamente pequenas, \u00e9 essencial uma protec\u00e7\u00e3o adicional contra a fuga de formigas.<\/p>\n<p><strong>Notas sobre a fazenda<\/strong><br \/>\nAo anexar ou remover mangueiras, por favor note o seguinte:<br \/>\nSe o tubo for muito dif\u00edcil de encaixar na tomada de liga\u00e7\u00e3o, a tomada deve ser ligeiramente esfregada com uma gota do nosso \u00f3leo ou p\u00f3 de prote\u00e7\u00e3o contra fugas. O tubo deve ent\u00e3o ser empurrado para a tomada com movimentos de tor\u00e7\u00e3o ou de aparafusamento, sem for\u00e7ar a tomada com movimentos para cima e para baixo. O mesmo se aplica \u00e0 remo\u00e7\u00e3o das mangueiras da tomada de liga\u00e7\u00e3o agr\u00edcola. Por favor, n\u00e3o a puxe simplesmente!<\/p>\n<p><strong>Nota sobre o Digfix:<\/strong> A cor natural pode variar entre o verde\/acinzentado-castanho e o castanho-terra. A tonalidade da cor n\u00e3o tem qualquer influ\u00eancia na qualidade.<\/p>\n<p><strong>Instru\u00e7\u00f5es: <\/strong>(Vers\u00e3o 2023, a vers\u00e3o actualizada para 2024 estar\u00e1 dispon\u00edvel, o mais tardar, em 04\/2024)<br \/>\n<span data-sheets-root=\"1\" data-sheets-value=\"{&quot;1&quot;:2,&quot;2&quot;:&quot;DE Gebrauchsanweisung Starter Set Ernteameisen (PDF 2,50 MB)&quot;}\" data-sheets-userformat=\"{&quot;2&quot;:513,&quot;3&quot;:{&quot;1&quot;:0},&quot;12&quot;:0}\" data-sheets-hyperlink=\"https:\/\/www.antstore.net\/shop\/images\/info\/de\/Gebrauchsanweisung Starter Set Ernteameisen.pdf\" data-sheets-hyperlinkruns=\"{&quot;1&quot;:3,&quot;2&quot;:&quot;https:\/\/www.antstore.net\/shop\/images\/info\/de\/Gebrauchsanweisung Starter Set Ernteameisen.pdf&quot;}\uee10{&quot;1&quot;:46}\"><a class=\"in-cell-link\" href=\"https:\/\/www.antstore.net\/shop\/images\/info\/de\/Gebrauchsanweisung Starter Set Ernteameisen.pdf\" target=\"_blank\" rel=\"noopener\">- DE <\/a><a class=\"in-cell-link\" href=\"https:\/\/www.antstore.net\/shop\/images\/info\/de\/Gebrauchsanweisung Starter Set Ernteameisen.pdf\" target=\"_blank\" rel=\"noopener\">Gebrauchsanweisung Starter Set Ernteameisen<\/a><a class=\"in-cell-link\" href=\"https:\/\/www.antstore.net\/shop\/images\/info\/de\/Gebrauchsanweisung Starter Set Ernteameisen.pdf\" target=\"_blank\" rel=\"noopener\"> (PDF 2,50 MB)<\/a><\/span><br \/>\n<a href=\"https:\/\/www.antstore.net\/shop\/images\/info\/en\/Instructions%20for%20use%20-%20Starter%20Set%20for%20Harvester%20Ants.pdf\">- PT Instru\u00e7\u00f5es de utiliza\u00e7\u00e3o - Conjunto inicial para formigas colhedoras (PDF 2,50 MB)<\/a><br \/>\n<a href=\"https:\/\/www.antstore.net\/shop\/images\/info\/es\/Manual%20de%20instrucciones%20-%20Set%20de%20inicio%20para%20las%20hormigas%20de%20la%20cosecha%20_%20messor.pdf\">- ES Manual de instrucciones - Set de inicio para las hormigas de la cosecha _ messor (PDF 2,50 MB)<\/a><br \/>\n<a href=\"https:\/\/www.antstore.net\/shop\/images\/info\/fr\/Manuel%20d'instruction%20-%20Kit%20de%20d%C3%A9marrage%20pour%20les%20fourmis%20moissonneuses_%20Messor.pdf\">- FR Manuel d'instruction - Kit de d\u00e9marrage pour les fourmis moissonneuses_ Messor (PDF 2,50 MB)<\/a><\/p>\n<p><strong>Notas sobre o Cricket Jam:<\/strong><br \/>\nOs nossos grilos escaldados s\u00e3o uma forma f\u00e1cil de fornecer \u00e0s suas formigas alimentos proteicos acabados de conservar sem ter de alimentar insectos vivos. Os grilos contidos (Acheta domesticus) foram suavemente branqueados para garantir que os valores nutricionais, o sabor e o aroma s\u00e3o mantidos. Al\u00e9m disso, a casca quitinosa dos insectos \u00e9 amolecida desta forma, para que possa ser digerida mais facilmente. As liga\u00e7\u00f5es das prote\u00ednas de colag\u00e9nio s\u00e3o quebradas para que as formigas as possam utilizar melhor. A Acheta domesticus enlatada tem o mesmo valor nutricional que os grilos vivos, mas \u00e9 mais f\u00e1cil de digerir.<\/p>\n<p>O Cricket Jam n\u00e3o \u00e9 adequado para ca\u00e7ar esp\u00e9cies de formigas que necessitam de alimento vivo (por exemplo, ponerinas (formigas grandes) como Harpegnathos ou Odontomachus)<\/p>\n<p><strong>Outras vantagens:<\/strong><br \/>\nGarantia de aus\u00eancia de \u00e1caros<br \/>\nPode ser doseado e dilu\u00eddo em \u00e1gua<br \/>\nEsterilizado e embalado em v\u00e1cuo<br \/>\nSem aditivos<br \/>\nGrilos de cria\u00e7\u00e3o sustent\u00e1vel puramente org\u00e2nica, alimentados com res\u00edduos org\u00e2nicos<\/p>\n<p><strong>Nota:<\/strong><br \/>\nPode ser conservado no frigor\u00edfico durante cerca de quatro dias ap\u00f3s a abertura. A dura\u00e7\u00e3o de conserva\u00e7\u00e3o \u00e9 mais longa se for congelado.<br \/>\n<strong>Aten\u00e7\u00e3o:<\/strong> Primeiro, porcionar, depois congelar.<\/p>","protected":false},"excerpt":{"rendered":"<p>O conjunto \u00e9 composto por 39 pe\u00e7as<br \/>\nTamanho: M<\/p>","protected":false},"featured_media":7113,"comment_status":"open","ping_status":"closed","template":"","meta":{"_acf_changed":false,"content-type":"","_monsterinsights_skip_tracking":false,"_monsterinsights_sitenote_active":false,"_monsterinsights_sitenote_note":"","_monsterinsights_sitenote_category":0},"product_brand":[],"product_cat":[355,353,73],"product_tag":[],"class_list":{"0":"post-5347","1":"product","2":"type-product","3":"status-publish","4":"has-post-thumbnail","6":"product_cat-bundle-offers","7":"product_cat-starter-sets-for-harvester-ants","8":"product_cat-starter-sets","10":"first","11":"instock","12":"taxable","13":"shipping-taxable","14":"purchasable","15":"product-type-simple"},"acf":[],"aioseo_notices":[],"jetpack_sharing_enabled":true,"_links":{"self":[{"href":"https:\/\/antcube.shop\/pt\/wp-json\/wp\/v2\/product\/5347","targetHints":{"allow":["GET"]}}],"collection":[{"href":"https:\/\/antcube.shop\/pt\/wp-json\/wp\/v2\/product"}],"about":[{"href":"https:\/\/antcube.shop\/pt\/wp-json\/wp\/v2\/types\/product"}],"replies":[{"embeddable":true,"href":"https:\/\/antcube.shop\/pt\/wp-json\/wp\/v2\/comments?post=5347"}],"wp:featuredmedia":[{"embeddable":true,"href":"https:\/\/antcube.shop\/pt\/wp-json\/wp\/v2\/media\/7113"}],"wp:attachment":[{"href":"https:\/\/antcube.shop\/pt\/wp-json\/wp\/v2\/media?parent=5347"}],"wp:term":[{"taxonomy":"product_brand","embeddable":true,"href":"https:\/\/antcube.shop\/pt\/wp-json\/wp\/v2\/product_brand?post=5347"},{"taxonomy":"product_cat","embeddable":true,"href":"https:\/\/antcube.shop\/pt\/wp-json\/wp\/v2\/product_cat?post=5347"},{"taxonomy":"product_tag","embeddable":true,"href":"https:\/\/antcube.shop\/pt\/wp-json\/wp\/v2\/product_tag?post=5347"}],"curies":[{"name":"wp","href":"https:\/\/api.w.org\/{rel}","templated":true}]}}