{"id":4873,"date":"2022-12-07T14:03:10","date_gmt":"2022-12-07T13:03:10","guid":{"rendered":"https:\/\/antcube.shop\/produkt\/combi-balkon\/"},"modified":"2026-04-09T15:19:14","modified_gmt":"2026-04-09T13:19:14","slug":"combi-balkon","status":"publish","type":"product","link":"https:\/\/antcube.shop\/pt\/produto\/combi-balkon\/","title":{"rendered":"Combi - Varanda"},"content":{"rendered":"<p style=\"margin-bottom: 0cm;\"><strong>Dimens\u00f5es:<\/strong> 19x6x8 cm<\/p>\n<p><strong>Material:<\/strong> PMMA<\/p>\n<p><strong>Cor:<\/strong> cristalino, transparente, transl\u00facido<\/p>\n<p><strong>Conte\u00fado:<\/strong><br \/>\n1x placa base<br \/>\n2x suporte de suporte<br \/>\n1x rampa estreita (para formigas pequenas)<br \/>\n1x rampa de largura (para formigas grandes)<\/p>\n<p><strong>Nota:<\/strong> As pe\u00e7as s\u00e3o fornecidas como um kit ou sistema plug-in. N\u00e3o \u00e9 necess\u00e1ria a colagem.<\/p>\n<p><strong>Conex\u00e3o:<\/strong><br \/>\nPode ser ligado em todas as arenas Combi 20x20x20 cm em S, M, L.<\/p>\n<p><strong>Descri\u00e7\u00e3o:<\/strong> O Combi-Balc\u00e3o est\u00e1 simplesmente ligado \u00e0 Arena Combi existente. A varanda serve como uma extens\u00e3o da arena e facilita a subida ou descida das formigas a partir da \u00e1rea do ninho superior da arena. H\u00e1 uma ajuda estreita para a escalada de esp\u00e9cies de formigas pequenas, como o Lasius niger, e uma mais ampla para esp\u00e9cies como o Camponotus. A plataforma elevada pode ser utilizada como \u00e1rea de alimenta\u00e7\u00e3o para a coloca\u00e7\u00e3o de tigelas ou bebedouros. Simplifica o trabalho de cuidado e manuten\u00e7\u00e3o, devido \u00e0 proximidade da abertura superior e mant\u00e9m o substrato inferior livre de res\u00edduos alimentares. Devido ao material transparente, a Varanda Combi encaixa perfeitamente na Arena Combi sem bloquear a vista da \u00e1rea do ninho e \u00e9 tamb\u00e9m f\u00e1cil de limpar.<\/p>\n<p style=\"margin-bottom: 0cm;\">","protected":false},"excerpt":{"rendered":"<p>Dimens\u00f5es: 19x6x8 cm Material: Cor PMMA: cristalino, transparente, conte\u00fado transl\u00facido: 1x placa base 2x suporte de suporte 1x rampa estreita (para formigas pequenas) 1x rampa larga (para formigas grandes) Nota: As pe\u00e7as s\u00e3o fornecidas como um kit ou sistema de encaixe. N\u00e3o \u00e9 necess\u00e1ria a colagem. Liga\u00e7\u00e3o: Pode ser engatada em todas as arenas Combi 20x20x20 cm em [...]","protected":false},"featured_media":4875,"comment_status":"open","ping_status":"closed","template":"","meta":{"_acf_changed":false,"content-type":"","_monsterinsights_skip_tracking":false,"_monsterinsights_sitenote_active":false,"_monsterinsights_sitenote_note":"","_monsterinsights_sitenote_category":0},"product_brand":[],"product_cat":[239],"product_tag":[],"class_list":{"0":"post-4873","1":"product","2":"type-product","3":"status-publish","4":"has-post-thumbnail","6":"product_cat-useful-additions","8":"first","9":"instock","10":"taxable","11":"shipping-taxable","12":"purchasable","13":"product-type-simple"},"acf":[],"aioseo_notices":[],"jetpack_sharing_enabled":true,"_links":{"self":[{"href":"https:\/\/antcube.shop\/pt\/wp-json\/wp\/v2\/product\/4873","targetHints":{"allow":["GET"]}}],"collection":[{"href":"https:\/\/antcube.shop\/pt\/wp-json\/wp\/v2\/product"}],"about":[{"href":"https:\/\/antcube.shop\/pt\/wp-json\/wp\/v2\/types\/product"}],"replies":[{"embeddable":true,"href":"https:\/\/antcube.shop\/pt\/wp-json\/wp\/v2\/comments?post=4873"}],"wp:featuredmedia":[{"embeddable":true,"href":"https:\/\/antcube.shop\/pt\/wp-json\/wp\/v2\/media\/4875"}],"wp:attachment":[{"href":"https:\/\/antcube.shop\/pt\/wp-json\/wp\/v2\/media?parent=4873"}],"wp:term":[{"taxonomy":"product_brand","embeddable":true,"href":"https:\/\/antcube.shop\/pt\/wp-json\/wp\/v2\/product_brand?post=4873"},{"taxonomy":"product_cat","embeddable":true,"href":"https:\/\/antcube.shop\/pt\/wp-json\/wp\/v2\/product_cat?post=4873"},{"taxonomy":"product_tag","embeddable":true,"href":"https:\/\/antcube.shop\/pt\/wp-json\/wp\/v2\/product_tag?post=4873"}],"curies":[{"name":"wp","href":"https:\/\/api.w.org\/{rel}","templated":true}]}}