{"id":4747,"date":"2022-11-14T15:08:27","date_gmt":"2022-11-14T14:08:27","guid":{"rendered":"https:\/\/antcube.shop\/produkt\/beckenverbinder-3-4-beidseitig-fur-bohrung-27-mm\/"},"modified":"2026-03-31T12:29:29","modified_gmt":"2026-03-31T10:29:29","slug":"beckenverbinder-3-4-beidseitig-fur-bohrung-27-mm","status":"publish","type":"product","link":"https:\/\/antcube.shop\/pt\/produto\/beckenverbinder-3-4-beidseitig-fur-bohrung-27-mm\/","title":{"rendered":"Conector de bacia 3\/4\u2033 - ambos os lados para furo de 27 mm"},"content":{"rendered":"<p><strong>Dimens\u00f5es:<\/strong> para furo 27mm<\/p>\n<p><strong>Conte\u00fado:<\/strong> 1x adaptador de parafuso (<strong>ATEN\u00c7\u00c3O<\/strong>: Porcas roscadas n\u00e3o inclu\u00eddas, ver em \"Produtos relacionados\").<\/p>\n<p><strong>Descri\u00e7\u00e3o:<\/strong> Com este conector de lavat\u00f3rio, dois lavat\u00f3rios ou tamb\u00e9m duas quintas do tamanho XL podem ser ligados entre si. Os orif\u00edcios devem estar \u00e0 mesma altura nas bacias que se pretende ligar. O conector \u00e9 introduzido atrav\u00e9s de cada um dos orif\u00edcios e aparafusado com uma porca de bloqueio dispon\u00edvel em separado. Isto garante que a liga\u00e7\u00e3o \u00e9 \u00e0 prova de ruptura e tamb\u00e9m se mant\u00e9m segura quando se deslocam as bacias.<\/p>\n<p>&nbsp;<\/p>","protected":false},"excerpt":{"rendered":"<p>Dimens\u00f5es: para furo de 27 mm Conte\u00fado: 1x adaptador de parafuso (ATEN\u00c7\u00c3O: Porcas roscadas n\u00e3o inclu\u00eddas, ver em \"Produtos relacionados\"). Descri\u00e7\u00e3o: Com este conector de lavat\u00f3rio, dois lavat\u00f3rios ou tamb\u00e9m duas quintas do tamanho XL podem ser ligados entre si. Os orif\u00edcios devem estar \u00e0 mesma altura nas bacias que se pretende ligar. O","protected":false},"featured_media":4755,"comment_status":"open","ping_status":"closed","template":"","meta":{"_acf_changed":false,"content-type":"","_monsterinsights_skip_tracking":false,"_monsterinsights_sitenote_active":false,"_monsterinsights_sitenote_note":"","_monsterinsights_sitenote_category":0},"product_brand":[],"product_cat":[121],"product_tag":[],"class_list":{"0":"post-4747","1":"product","2":"type-product","3":"status-publish","4":"has-post-thumbnail","6":"product_cat-connectors","8":"first","9":"instock","10":"taxable","11":"shipping-taxable","12":"purchasable","13":"product-type-simple"},"acf":[],"aioseo_notices":[],"jetpack_sharing_enabled":true,"_links":{"self":[{"href":"https:\/\/antcube.shop\/pt\/wp-json\/wp\/v2\/product\/4747","targetHints":{"allow":["GET"]}}],"collection":[{"href":"https:\/\/antcube.shop\/pt\/wp-json\/wp\/v2\/product"}],"about":[{"href":"https:\/\/antcube.shop\/pt\/wp-json\/wp\/v2\/types\/product"}],"replies":[{"embeddable":true,"href":"https:\/\/antcube.shop\/pt\/wp-json\/wp\/v2\/comments?post=4747"}],"wp:featuredmedia":[{"embeddable":true,"href":"https:\/\/antcube.shop\/pt\/wp-json\/wp\/v2\/media\/4755"}],"wp:attachment":[{"href":"https:\/\/antcube.shop\/pt\/wp-json\/wp\/v2\/media?parent=4747"}],"wp:term":[{"taxonomy":"product_brand","embeddable":true,"href":"https:\/\/antcube.shop\/pt\/wp-json\/wp\/v2\/product_brand?post=4747"},{"taxonomy":"product_cat","embeddable":true,"href":"https:\/\/antcube.shop\/pt\/wp-json\/wp\/v2\/product_cat?post=4747"},{"taxonomy":"product_tag","embeddable":true,"href":"https:\/\/antcube.shop\/pt\/wp-json\/wp\/v2\/product_tag?post=4747"}],"curies":[{"name":"wp","href":"https:\/\/api.w.org\/{rel}","templated":true}]}}