{"id":4741,"date":"2022-11-14T15:06:32","date_gmt":"2022-11-14T14:06:32","guid":{"rendered":"https:\/\/antcube.shop\/produkt\/rohrverbinder-glasklar-fur-20mm-i\/"},"modified":"2026-04-07T09:38:29","modified_gmt":"2026-04-07T07:38:29","slug":"conetor-de-tubo-cristalino-claro-para-20mm-i","status":"publish","type":"product","link":"https:\/\/antcube.shop\/pt\/produto\/conetor-de-tubo-cristalino-claro-para-20mm-i\/","title":{"rendered":"Conector do tubo cristalino para 20mm - I"},"content":{"rendered":"<p><strong>Dimens\u00f5es (CxLxA):<\/strong> 3,5\u00d72,5\u00d72,5cm<br \/>\n<strong>Di\u00e2metro interior:<\/strong> 20mm<\/p>\n<p><strong>Material:<\/strong> Acr\u00edlico<\/p>\n<p><strong>Cor:<\/strong> Colorido\/Transparente\/Claro<\/p>\n<p><strong>Conte\u00fado:<\/strong> 1pcs.<\/p>\n<p><strong>Especifica\u00e7\u00f5es t\u00e9cnicas:<\/strong><br \/>\nConector em forma de tubo T de 25mm de di\u00e2metro acr\u00edlico para tubo de 20mm.<\/p>\n<p><strong>Descri\u00e7\u00e3o:<\/strong><br \/>\nConector de tubos em acr\u00edlico transparente para liga\u00e7\u00e3o de tubos em acr\u00edlico.<\/p>\n<p><strong>Aviso:<\/strong><br \/>\nAo montar os tubos, por favor note o seguinte:<br \/>\nDevido \u00e0s propriedades materiais do acr\u00edlico, a press\u00e3o e a alavancagem devem ser evitadas a todo o custo. Se a liga\u00e7\u00e3o for dif\u00edcil, por favor ligar com movimentos de tor\u00e7\u00e3o cuidadosos e esfregar um pouco de \u00f3leo anti-quebra, se necess\u00e1rio.<\/p>\n<p>&nbsp;<\/p>","protected":false},"excerpt":{"rendered":"<p>Dimens\u00f5es (CxLxA): 4,2x2,5x4,2cm Di\u00e2metro interior: 20mm Material: Cor acr\u00edlica: Colorido\/Transparente\/Conte\u00fado claro: 1pcs. Especifica\u00e7\u00f5es t\u00e9cnicas: Forma do conector do tubo L em acr\u00edlico de 25mm de di\u00e2metro para tubo de 20mm. Descri\u00e7\u00e3o: Conector de tubo em acr\u00edlico transparente para liga\u00e7\u00e3o de tubos em acr\u00edlico. Nota: Ao montar os tubos, por favor note o seguinte: Devido \u00e0s propriedades materiais do acr\u00edlico, a press\u00e3o e a alavanca devem","protected":false},"featured_media":4781,"comment_status":"open","ping_status":"closed","template":"","meta":{"_acf_changed":false,"content-type":"","_monsterinsights_skip_tracking":false,"_monsterinsights_sitenote_active":false,"_monsterinsights_sitenote_note":"","_monsterinsights_sitenote_category":0},"product_brand":[],"product_cat":[345],"product_tag":[],"class_list":{"0":"post-4741","1":"product","2":"type-product","3":"status-publish","4":"has-post-thumbnail","6":"product_cat-pipe-connectors","8":"first","9":"instock","10":"taxable","11":"shipping-taxable","12":"purchasable","13":"product-type-simple"},"acf":[],"aioseo_notices":[],"jetpack_sharing_enabled":true,"_links":{"self":[{"href":"https:\/\/antcube.shop\/pt\/wp-json\/wp\/v2\/product\/4741","targetHints":{"allow":["GET"]}}],"collection":[{"href":"https:\/\/antcube.shop\/pt\/wp-json\/wp\/v2\/product"}],"about":[{"href":"https:\/\/antcube.shop\/pt\/wp-json\/wp\/v2\/types\/product"}],"replies":[{"embeddable":true,"href":"https:\/\/antcube.shop\/pt\/wp-json\/wp\/v2\/comments?post=4741"}],"wp:featuredmedia":[{"embeddable":true,"href":"https:\/\/antcube.shop\/pt\/wp-json\/wp\/v2\/media\/4781"}],"wp:attachment":[{"href":"https:\/\/antcube.shop\/pt\/wp-json\/wp\/v2\/media?parent=4741"}],"wp:term":[{"taxonomy":"product_brand","embeddable":true,"href":"https:\/\/antcube.shop\/pt\/wp-json\/wp\/v2\/product_brand?post=4741"},{"taxonomy":"product_cat","embeddable":true,"href":"https:\/\/antcube.shop\/pt\/wp-json\/wp\/v2\/product_cat?post=4741"},{"taxonomy":"product_tag","embeddable":true,"href":"https:\/\/antcube.shop\/pt\/wp-json\/wp\/v2\/product_tag?post=4741"}],"curies":[{"name":"wp","href":"https:\/\/api.w.org\/{rel}","templated":true}]}}