{"id":4738,"date":"2022-11-14T15:05:46","date_gmt":"2022-11-14T14:05:46","guid":{"rendered":"https:\/\/antcube.shop\/produkt\/formicariendichtung-3-4-zoll-transparent\/"},"modified":"2026-04-02T12:12:12","modified_gmt":"2026-04-02T10:12:12","slug":"vedante-de-formicario-3-4-polegadas-transparente","status":"publish","type":"product","link":"https:\/\/antcube.shop\/pt\/produto\/vedante-de-formicario-3-4-polegadas-transparente\/","title":{"rendered":"Selo Formicarium de 3\/4 polegadas - transparente"},"content":{"rendered":"<p><strong>Conte\u00fado:<\/strong> 1x anel de veda\u00e7\u00e3o<\/p>\n<p><strong>Cor:<\/strong> transparente, leitoso<\/p>\n<p><strong>Material:<\/strong> pl\u00e1stico PE<\/p>\n<p><strong>Descri\u00e7\u00e3o:<\/strong> Com este anel de veda\u00e7\u00e3o, por exemplo, as liga\u00e7\u00f5es roscadas correspondentes (3\/4\u2033) podem ser aparafusadas melhor e mais apertadas.<br \/>\nCom ele, protege-se o vidro ou o acr\u00edlico de riscos.<\/p>\n<p>&nbsp;<\/p>","protected":false},"excerpt":{"rendered":"<p>Conte\u00fado: 1x anel de veda\u00e7\u00e3o Cor: transparente, leitoso Material: Pl\u00e1stico PE Descri\u00e7\u00e3o: Com este anel de veda\u00e7\u00e3o, por exemplo, as liga\u00e7\u00f5es roscadas correspondentes (3\/4\u2033) podem ser aparafusadas melhor e mais apertadas. Com ele, protege-se o vidro ou o acr\u00edlico de riscos. &nbsp;<\/p>","protected":false},"featured_media":4787,"comment_status":"open","ping_status":"closed","template":"","meta":{"_acf_changed":false,"content-type":"","_monsterinsights_skip_tracking":false,"_monsterinsights_sitenote_active":false,"_monsterinsights_sitenote_note":"","_monsterinsights_sitenote_category":0},"product_brand":[],"product_cat":[121],"product_tag":[],"class_list":{"0":"post-4738","1":"product","2":"type-product","3":"status-publish","4":"has-post-thumbnail","6":"product_cat-connectors","8":"first","9":"instock","10":"taxable","11":"shipping-taxable","12":"purchasable","13":"product-type-simple"},"acf":[],"aioseo_notices":[],"jetpack_sharing_enabled":true,"_links":{"self":[{"href":"https:\/\/antcube.shop\/pt\/wp-json\/wp\/v2\/product\/4738","targetHints":{"allow":["GET"]}}],"collection":[{"href":"https:\/\/antcube.shop\/pt\/wp-json\/wp\/v2\/product"}],"about":[{"href":"https:\/\/antcube.shop\/pt\/wp-json\/wp\/v2\/types\/product"}],"replies":[{"embeddable":true,"href":"https:\/\/antcube.shop\/pt\/wp-json\/wp\/v2\/comments?post=4738"}],"wp:featuredmedia":[{"embeddable":true,"href":"https:\/\/antcube.shop\/pt\/wp-json\/wp\/v2\/media\/4787"}],"wp:attachment":[{"href":"https:\/\/antcube.shop\/pt\/wp-json\/wp\/v2\/media?parent=4738"}],"wp:term":[{"taxonomy":"product_brand","embeddable":true,"href":"https:\/\/antcube.shop\/pt\/wp-json\/wp\/v2\/product_brand?post=4738"},{"taxonomy":"product_cat","embeddable":true,"href":"https:\/\/antcube.shop\/pt\/wp-json\/wp\/v2\/product_cat?post=4738"},{"taxonomy":"product_tag","embeddable":true,"href":"https:\/\/antcube.shop\/pt\/wp-json\/wp\/v2\/product_tag?post=4738"}],"curies":[{"name":"wp","href":"https:\/\/api.w.org\/{rel}","templated":true}]}}