{"id":4737,"date":"2022-11-14T15:05:30","date_gmt":"2022-11-14T14:05:30","guid":{"rendered":"https:\/\/antcube.shop\/produkt\/bohrungsadapter-50-auf-27mm-transparent\/"},"modified":"2026-04-20T09:58:23","modified_gmt":"2026-04-20T07:58:23","slug":"adaptador-de-furo-50-a-27mm-transparente","status":"publish","type":"product","link":"https:\/\/antcube.shop\/pt\/produto\/adaptador-de-furo-50-a-27mm-transparente\/","title":{"rendered":"Adaptador de furo 50 a 27mm - transparente"},"content":{"rendered":"<p><strong>Conte\u00fado:<\/strong><br \/>\n1x disco acr\u00edlico 50x4mm com furo de 27mm<br \/>\n1x folha adesiva transparente de 60mm com orif\u00edcio de 27mm<\/p>\n<p><strong>Dimens\u00f5es:<\/strong> 60x4mm<\/p>\n<p><strong>Material:<\/strong> PMMA, PP<\/p>\n<p><strong>Cor:<\/strong> transparente \/ cristalino<\/p>\n<p><strong>Descri\u00e7\u00e3o:<\/strong> Adaptador para fixar elementos com 27 mm de di\u00e2metro num orif\u00edcio de 50 mm.<br \/>\nA pel\u00edcula adesiva transparente de 50\u00b5 de alta qualidade \u00e9 resistente a riscos e cont\u00e9m um revestimento de prote\u00e7\u00e3o UV e \u00e9 permanentemente adesiva.<br \/>\nAssim, uma fixa\u00e7\u00e3o segura, firme e visualmente bonita para o adaptador.<\/p>\n<p><strong>Nota:<\/strong> O adaptador de furo n\u00e3o deve ser carregado por press\u00e3o permanente de um efeito de alavanca, caso contr\u00e1rio pode soltar-se. S\u00f3 \u00e9 adequado para liga\u00e7\u00f5es rectas!<\/p>","protected":false},"excerpt":{"rendered":"<p>Conte\u00fado: 1x disco acr\u00edlico 50x4mm com furo de 27mm 1x folha adesiva transparente 60mm com furo de 27mm Dimens\u00f5es: 60x4mm Material: PMMA, PP Cor: transparente \/ cristalina Descri\u00e7\u00e3o: Adaptador para fixa\u00e7\u00e3o de elementos com 27mm de di\u00e2metro em orif\u00edcio de 50mm. A pel\u00edcula adesiva transparente de 50\u00b5 de alta qualidade \u00e9 resistente a riscos e cont\u00e9m um revestimento protetor UV e \u00e9","protected":false},"featured_media":4887,"comment_status":"open","ping_status":"closed","template":"","meta":{"_acf_changed":false,"content-type":"","_monsterinsights_skip_tracking":false,"_monsterinsights_sitenote_active":false,"_monsterinsights_sitenote_note":"","_monsterinsights_sitenote_category":0},"product_brand":[],"product_cat":[119,121],"product_tag":[],"class_list":{"0":"post-4737","1":"product","2":"type-product","3":"status-publish","4":"has-post-thumbnail","6":"product_cat-formicarium-components","7":"product_cat-connectors","9":"first","10":"instock","11":"taxable","12":"shipping-taxable","13":"purchasable","14":"product-type-simple"},"acf":[],"aioseo_notices":[],"jetpack_sharing_enabled":true,"_links":{"self":[{"href":"https:\/\/antcube.shop\/pt\/wp-json\/wp\/v2\/product\/4737","targetHints":{"allow":["GET"]}}],"collection":[{"href":"https:\/\/antcube.shop\/pt\/wp-json\/wp\/v2\/product"}],"about":[{"href":"https:\/\/antcube.shop\/pt\/wp-json\/wp\/v2\/types\/product"}],"replies":[{"embeddable":true,"href":"https:\/\/antcube.shop\/pt\/wp-json\/wp\/v2\/comments?post=4737"}],"wp:featuredmedia":[{"embeddable":true,"href":"https:\/\/antcube.shop\/pt\/wp-json\/wp\/v2\/media\/4887"}],"wp:attachment":[{"href":"https:\/\/antcube.shop\/pt\/wp-json\/wp\/v2\/media?parent=4737"}],"wp:term":[{"taxonomy":"product_brand","embeddable":true,"href":"https:\/\/antcube.shop\/pt\/wp-json\/wp\/v2\/product_brand?post=4737"},{"taxonomy":"product_cat","embeddable":true,"href":"https:\/\/antcube.shop\/pt\/wp-json\/wp\/v2\/product_cat?post=4737"},{"taxonomy":"product_tag","embeddable":true,"href":"https:\/\/antcube.shop\/pt\/wp-json\/wp\/v2\/product_tag?post=4737"}],"curies":[{"name":"wp","href":"https:\/\/api.w.org\/{rel}","templated":true}]}}