{"id":4736,"date":"2022-11-14T15:05:15","date_gmt":"2022-11-14T14:05:15","guid":{"rendered":"https:\/\/antcube.shop\/produkt\/rohrverbindungsring-fur-32mm-rohr\/"},"modified":"2026-04-13T09:33:48","modified_gmt":"2026-04-13T07:33:48","slug":"anel-de-ligacao-de-tubos-para-tubos-de-32-mm","status":"publish","type":"product","link":"https:\/\/antcube.shop\/pt\/produto\/anel-de-ligacao-de-tubos-para-tubos-de-32-mm\/","title":{"rendered":"Anel de liga\u00e7\u00e3o de tubos para tubo de 32mm"},"content":{"rendered":"<p><strong>Quantidade:<\/strong> 1 pe\u00e7a<\/p>\n<p><strong>Dimens\u00f5es:<\/strong> 32mm (di\u00e2metro interior), 40x10mm (dimens\u00f5es exteriores)<\/p>\n<p><strong>Cor:<\/strong> transparente<\/p>\n<p><strong>Material:<\/strong> acr\u00edlico<\/p>\n<p><strong>Descri\u00e7\u00e3o:<\/strong><br \/>\nAnel de liga\u00e7\u00e3o de tubos em acr\u00edlico transparente para liga\u00e7\u00e3o de tubos em acr\u00edlico.<\/p>\n<p><strong>Aplica\u00e7\u00e3o:<\/strong><br \/>\nPara ligar tubos de acr\u00edlico com um di\u00e2metro de 32 mm.<\/p>\n<p><strong>Aviso:<\/strong><br \/>\nAo montar os tubos, por favor note o seguinte:<br \/>\nSe o tubo for muito dif\u00edcil de encaixar no casquilho de liga\u00e7\u00e3o, o anel de veda\u00e7\u00e3o deve ser ligeiramente esfregado com uma gota do nosso \u00f3leo ou p\u00f3 de prote\u00e7\u00e3o contra rupturas. O tubo deve ent\u00e3o ser empurrado para o casquilho atrav\u00e9s de movimentos de tor\u00e7\u00e3o ou aparafusamento, sem carregar o casquilho com movimentos para cima e para baixo. Devido \u00e0s propriedades do material acr\u00edlico, a press\u00e3o e a alavanca devem ser evitadas a todo o custo.<\/p>\n<p>&nbsp;<\/p>","protected":false},"excerpt":{"rendered":"<p>Quantidade: 1 pe\u00e7a Dimens\u00f5es: 32mm (di\u00e2metro interior), 40x10mm (dimens\u00f5es exteriores) Cor: transparente Material: acr\u00edlico Descri\u00e7\u00e3o: Anel de liga\u00e7\u00e3o de tubos em acr\u00edlico transparente para liga\u00e7\u00e3o de tubos em acr\u00edlico. Aplica\u00e7\u00e3o: Para ligar tubos de acr\u00edlico com di\u00e2metro de 32mm. Aviso: Ao montar os tubos, tenha em aten\u00e7\u00e3o o seguinte: Se o tubo for muito dif\u00edcil de encaixar no encaixe de liga\u00e7\u00e3o, [...]","protected":false},"featured_media":4890,"comment_status":"open","ping_status":"closed","template":"","meta":{"_acf_changed":false,"content-type":"","_monsterinsights_skip_tracking":false,"_monsterinsights_sitenote_active":false,"_monsterinsights_sitenote_note":"","_monsterinsights_sitenote_category":0},"product_brand":[],"product_cat":[345],"product_tag":[],"class_list":{"0":"post-4736","1":"product","2":"type-product","3":"status-publish","4":"has-post-thumbnail","6":"product_cat-pipe-connectors","8":"first","9":"instock","10":"taxable","11":"shipping-taxable","12":"purchasable","13":"product-type-simple"},"acf":[],"aioseo_notices":[],"jetpack_sharing_enabled":true,"_links":{"self":[{"href":"https:\/\/antcube.shop\/pt\/wp-json\/wp\/v2\/product\/4736","targetHints":{"allow":["GET"]}}],"collection":[{"href":"https:\/\/antcube.shop\/pt\/wp-json\/wp\/v2\/product"}],"about":[{"href":"https:\/\/antcube.shop\/pt\/wp-json\/wp\/v2\/types\/product"}],"replies":[{"embeddable":true,"href":"https:\/\/antcube.shop\/pt\/wp-json\/wp\/v2\/comments?post=4736"}],"wp:featuredmedia":[{"embeddable":true,"href":"https:\/\/antcube.shop\/pt\/wp-json\/wp\/v2\/media\/4890"}],"wp:attachment":[{"href":"https:\/\/antcube.shop\/pt\/wp-json\/wp\/v2\/media?parent=4736"}],"wp:term":[{"taxonomy":"product_brand","embeddable":true,"href":"https:\/\/antcube.shop\/pt\/wp-json\/wp\/v2\/product_brand?post=4736"},{"taxonomy":"product_cat","embeddable":true,"href":"https:\/\/antcube.shop\/pt\/wp-json\/wp\/v2\/product_cat?post=4736"},{"taxonomy":"product_tag","embeddable":true,"href":"https:\/\/antcube.shop\/pt\/wp-json\/wp\/v2\/product_tag?post=4736"}],"curies":[{"name":"wp","href":"https:\/\/api.w.org\/{rel}","templated":true}]}}