{"id":4732,"date":"2022-11-14T15:04:12","date_gmt":"2022-11-14T14:04:12","guid":{"rendered":"https:\/\/antcube.shop\/produkt\/rohrverbinder-glasklar-fur-32mm-45\/"},"modified":"2026-04-01T12:30:05","modified_gmt":"2026-04-01T10:30:05","slug":"conetor-de-tubo-cristalino-para-32-mm-45","status":"publish","type":"product","link":"https:\/\/antcube.shop\/pt\/produto\/conetor-de-tubo-cristalino-para-32-mm-45\/","title":{"rendered":"Conector do tubo cristalino para 32mm - 45\u00b0"},"content":{"rendered":"<p><strong>Dimens\u00f5es (CxLxA):<\/strong> 7,2\u00d74,0x5,5cm<br \/>\n<strong>Di\u00e2metro interior:<\/strong> 32mm<\/p>\n<p><strong>Material:<\/strong> Acr\u00edlico<\/p>\n<p><strong>Cor:<\/strong> Colorido\/Transparente\/Claro<\/p>\n<p><strong>Conte\u00fado:<\/strong> 1pcs.<\/p>\n<p><strong>Especifica\u00e7\u00f5es t\u00e9cnicas:<\/strong><br \/>\nConector de tubo acr\u00edlico de 40 mm de di\u00e2metro para tubo de 32 mm.<\/p>\n<p><strong>Descri\u00e7\u00e3o:<\/strong><br \/>\nConector de tubos em acr\u00edlico transparente para ligar tubos de acr\u00edlico a um \u00e2ngulo de 45\u00b0.<\/p>\n<p><strong>Aviso:<\/strong><br \/>\nAo montar os tubos, por favor note o seguinte:<br \/>\nDevido \u00e0s propriedades materiais do acr\u00edlico, a press\u00e3o e a alavancagem devem ser evitadas a todo o custo. Se a liga\u00e7\u00e3o for dif\u00edcil, por favor ligar com movimentos de tor\u00e7\u00e3o cuidadosos e esfregar um pouco de \u00f3leo anti-quebra, se necess\u00e1rio.<\/p>","protected":false},"excerpt":{"rendered":"<p>Dimensions (LxWxH): 7,2&#215;4,0&#215;5,5cm Inner diameter: 32mm Material: Acrylic Color: Colorless\/Transparent\/Clear Content: 1pcs. Technical specifications: Pipe connector acrylic diameter 40mm for 32mm pipe. Description: Pipe connector made of transparent acrylic for connecting acrylic pipes at an angle of 45\u00b0. Notice: When assembling the pipes, please note the following: Due to the material properties of acrylic, pressure [&#8230;]","protected":false},"featured_media":4901,"comment_status":"open","ping_status":"closed","template":"","meta":{"_acf_changed":false,"content-type":"","_monsterinsights_skip_tracking":false,"_monsterinsights_sitenote_active":false,"_monsterinsights_sitenote_note":"","_monsterinsights_sitenote_category":0},"product_brand":[],"product_cat":[345],"product_tag":[],"class_list":{"0":"post-4732","1":"product","2":"type-product","3":"status-publish","4":"has-post-thumbnail","6":"product_cat-pipe-connectors","8":"first","9":"instock","10":"taxable","11":"shipping-taxable","12":"purchasable","13":"product-type-simple"},"acf":[],"aioseo_notices":[],"jetpack_sharing_enabled":true,"_links":{"self":[{"href":"https:\/\/antcube.shop\/pt\/wp-json\/wp\/v2\/product\/4732","targetHints":{"allow":["GET"]}}],"collection":[{"href":"https:\/\/antcube.shop\/pt\/wp-json\/wp\/v2\/product"}],"about":[{"href":"https:\/\/antcube.shop\/pt\/wp-json\/wp\/v2\/types\/product"}],"replies":[{"embeddable":true,"href":"https:\/\/antcube.shop\/pt\/wp-json\/wp\/v2\/comments?post=4732"}],"wp:featuredmedia":[{"embeddable":true,"href":"https:\/\/antcube.shop\/pt\/wp-json\/wp\/v2\/media\/4901"}],"wp:attachment":[{"href":"https:\/\/antcube.shop\/pt\/wp-json\/wp\/v2\/media?parent=4732"}],"wp:term":[{"taxonomy":"product_brand","embeddable":true,"href":"https:\/\/antcube.shop\/pt\/wp-json\/wp\/v2\/product_brand?post=4732"},{"taxonomy":"product_cat","embeddable":true,"href":"https:\/\/antcube.shop\/pt\/wp-json\/wp\/v2\/product_cat?post=4732"},{"taxonomy":"product_tag","embeddable":true,"href":"https:\/\/antcube.shop\/pt\/wp-json\/wp\/v2\/product_tag?post=4732"}],"curies":[{"name":"wp","href":"https:\/\/api.w.org\/{rel}","templated":true}]}}