{"id":4731,"date":"2022-11-14T15:03:56","date_gmt":"2022-11-14T14:03:56","guid":{"rendered":"https:\/\/antcube.shop\/produkt\/rohrverbinder-glasklar-fur-32mm-i\/"},"modified":"2026-04-16T13:11:20","modified_gmt":"2026-04-16T11:11:20","slug":"conetor-de-tubo-cristalino-para-32-mm-i","status":"publish","type":"product","link":"https:\/\/antcube.shop\/pt\/produto\/conetor-de-tubo-cristalino-para-32-mm-i\/","title":{"rendered":"Conector do tubo cristalino para 32mm - I"},"content":{"rendered":"<p><strong>Dimens\u00f5es (CxLxA):<\/strong> 4,7\u00d74,0x4,0cm<br \/>\n<strong>Di\u00e2metro interior:<\/strong> 32mm<\/p>\n<p><strong>Material:<\/strong> Acr\u00edlico<\/p>\n<p><strong>Cor:<\/strong> Colorido\/Transparente\/Claro<\/p>\n<p><strong>Conte\u00fado:<\/strong> 1pcs.<\/p>\n<p><strong>Especifica\u00e7\u00f5es t\u00e9cnicas:<\/strong><br \/>\nConector de tubo em forma de I acr\u00edlico de 40 mm de di\u00e2metro para tubo de 32 mm.<\/p>\n<p><strong>Descri\u00e7\u00e3o:<\/strong><br \/>\nConector de tubos em acr\u00edlico transparente para liga\u00e7\u00e3o de tubos em acr\u00edlico.<\/p>\n<p><strong>Aviso:<\/strong><br \/>\nAo montar os tubos, por favor note o seguinte:<br \/>\nDevido \u00e0s propriedades materiais do acr\u00edlico, a press\u00e3o e a alavancagem devem ser evitadas a todo o custo. Se a liga\u00e7\u00e3o for dif\u00edcil, por favor ligar com movimentos de tor\u00e7\u00e3o cuidadosos e esfregar um pouco de \u00f3leo anti-quebra, se necess\u00e1rio.<\/p>","protected":false},"excerpt":{"rendered":"<p>Dimens\u00f5es (CxLxA): 6,0\u00d74,0\u00d76,0cm Di\u00e2metro interior: 32mm Material: Acr\u00edlico Cor: Incolor\/Transparente\/Claro Conte\u00fado: 1 unidade. Especifica\u00e7\u00f5es t\u00e9cnicas: Conector de tubo em forma de L acr\u00edlico di\u00e2metro 40mm para tubo de 32mm. Descri\u00e7\u00e3o: Conector de tubo feito de acr\u00edlico transparente para ligar tubos de acr\u00edlico. Nota: Ao montar os tubos, ter em aten\u00e7\u00e3o o seguinte: Devido \u00e0s propriedades do material acr\u00edlico, a press\u00e3o e a alavanca devem [...]","protected":false},"featured_media":4903,"comment_status":"open","ping_status":"closed","template":"","meta":{"_acf_changed":false,"content-type":"","_monsterinsights_skip_tracking":false,"_monsterinsights_sitenote_active":false,"_monsterinsights_sitenote_note":"","_monsterinsights_sitenote_category":0},"product_brand":[],"product_cat":[345],"product_tag":[],"class_list":{"0":"post-4731","1":"product","2":"type-product","3":"status-publish","4":"has-post-thumbnail","6":"product_cat-pipe-connectors","8":"first","9":"instock","10":"taxable","11":"shipping-taxable","12":"purchasable","13":"product-type-simple"},"acf":[],"aioseo_notices":[],"jetpack_sharing_enabled":true,"_links":{"self":[{"href":"https:\/\/antcube.shop\/pt\/wp-json\/wp\/v2\/product\/4731","targetHints":{"allow":["GET"]}}],"collection":[{"href":"https:\/\/antcube.shop\/pt\/wp-json\/wp\/v2\/product"}],"about":[{"href":"https:\/\/antcube.shop\/pt\/wp-json\/wp\/v2\/types\/product"}],"replies":[{"embeddable":true,"href":"https:\/\/antcube.shop\/pt\/wp-json\/wp\/v2\/comments?post=4731"}],"wp:featuredmedia":[{"embeddable":true,"href":"https:\/\/antcube.shop\/pt\/wp-json\/wp\/v2\/media\/4903"}],"wp:attachment":[{"href":"https:\/\/antcube.shop\/pt\/wp-json\/wp\/v2\/media?parent=4731"}],"wp:term":[{"taxonomy":"product_brand","embeddable":true,"href":"https:\/\/antcube.shop\/pt\/wp-json\/wp\/v2\/product_brand?post=4731"},{"taxonomy":"product_cat","embeddable":true,"href":"https:\/\/antcube.shop\/pt\/wp-json\/wp\/v2\/product_cat?post=4731"},{"taxonomy":"product_tag","embeddable":true,"href":"https:\/\/antcube.shop\/pt\/wp-json\/wp\/v2\/product_tag?post=4731"}],"curies":[{"name":"wp","href":"https:\/\/api.w.org\/{rel}","templated":true}]}}