{"id":4730,"date":"2022-11-14T15:03:40","date_gmt":"2022-11-14T14:03:40","guid":{"rendered":"https:\/\/antcube.shop\/produkt\/acrylglas-xt-rohr-32-28mm-1m\/"},"modified":"2026-04-02T18:12:23","modified_gmt":"2026-04-02T16:12:23","slug":"acrylglas-xt-rohr-32-28mm-1m","status":"publish","type":"product","link":"https:\/\/antcube.shop\/pt\/produto\/acrylglas-xt-rohr-32-28mm-1m\/","title":{"rendered":"Tubo de formiga - cristalino - 32mm - 1m"},"content":{"rendered":"<p><strong>Dimens\u00f5es:<\/strong> di\u00e2metro exterior 32 mm x 1m de comprimento <span data-text-color=\"alert\"><strong>(2x50cm)<\/strong><\/span><\/p>\n<p><strong>Material:<\/strong> vidro acr\u00edlico<\/p>\n<p><strong>Cor:<\/strong> transparente, claro<\/p>\n<p><strong>Descri\u00e7\u00e3o:<\/strong> Pode ser ligado ao formic\u00e1rio atrav\u00e9s de adaptadores ou ligar v\u00e1rios formic\u00e1rios em conjunto.<\/p>","protected":false},"excerpt":{"rendered":"<p>Dimens\u00f5es: di\u00e2metro exterior 32 mm x 1m de comprimento (2x50cm) Material: vidro acr\u00edlico Cor: transparente, transparente Descri\u00e7\u00e3o clara: Pode ser ligado ao formic\u00e1rio atrav\u00e9s de adaptadores ou ligar v\u00e1rios formic\u00e1rios em conjunto.<\/p>","protected":false},"featured_media":4763,"comment_status":"open","ping_status":"closed","template":"","meta":{"_acf_changed":false,"content-type":"","_monsterinsights_skip_tracking":false,"_monsterinsights_sitenote_active":false,"_monsterinsights_sitenote_note":"","_monsterinsights_sitenote_category":0},"product_brand":[],"product_cat":[120],"product_tag":[],"class_list":{"0":"post-4730","1":"product","2":"type-product","3":"status-publish","4":"has-post-thumbnail","6":"product_cat-hoses","8":"first","9":"outofstock","10":"taxable","11":"shipping-taxable","12":"purchasable","13":"product-type-simple"},"acf":[],"aioseo_notices":[],"jetpack_sharing_enabled":true,"_links":{"self":[{"href":"https:\/\/antcube.shop\/pt\/wp-json\/wp\/v2\/product\/4730","targetHints":{"allow":["GET"]}}],"collection":[{"href":"https:\/\/antcube.shop\/pt\/wp-json\/wp\/v2\/product"}],"about":[{"href":"https:\/\/antcube.shop\/pt\/wp-json\/wp\/v2\/types\/product"}],"replies":[{"embeddable":true,"href":"https:\/\/antcube.shop\/pt\/wp-json\/wp\/v2\/comments?post=4730"}],"wp:featuredmedia":[{"embeddable":true,"href":"https:\/\/antcube.shop\/pt\/wp-json\/wp\/v2\/media\/4763"}],"wp:attachment":[{"href":"https:\/\/antcube.shop\/pt\/wp-json\/wp\/v2\/media?parent=4730"}],"wp:term":[{"taxonomy":"product_brand","embeddable":true,"href":"https:\/\/antcube.shop\/pt\/wp-json\/wp\/v2\/product_brand?post=4730"},{"taxonomy":"product_cat","embeddable":true,"href":"https:\/\/antcube.shop\/pt\/wp-json\/wp\/v2\/product_cat?post=4730"},{"taxonomy":"product_tag","embeddable":true,"href":"https:\/\/antcube.shop\/pt\/wp-json\/wp\/v2\/product_tag?post=4730"}],"curies":[{"name":"wp","href":"https:\/\/api.w.org\/{rel}","templated":true}]}}