{"id":4720,"date":"2022-11-14T15:01:00","date_gmt":"2022-11-14T14:01:00","guid":{"rendered":"https:\/\/antcube.shop\/produkt\/formicarium-schraubbuchse-fur-50mm-bohrung-transparent\/"},"modified":"2025-10-19T12:40:25","modified_gmt":"2025-10-19T10:40:25","slug":"formicarium-schraubbuchse-fur-50mm-bohrung-transparente","status":"publish","type":"product","link":"https:\/\/antcube.shop\/pt\/produto\/formicarium-schraubbuchse-fur-50mm-bohrung-transparente\/","title":{"rendered":"Bucha de parafuso Formicarium para furo de 50mm - transparente"},"content":{"rendered":"<p><strong>Conte\u00fado:<\/strong> 1 pcs.<\/p>\n<p><strong>Dimens\u00f5es:<\/strong> 68 x 68 x 46 mm (tomada de 49mm)<\/p>\n<p><strong>Material:<\/strong> Pl\u00e1stico<\/p>\n<p><strong>Cor:<\/strong> Transparente<\/p>\n<p><strong>Descri\u00e7\u00e3o:<\/strong><br \/>\nEste item \u00e9 um conector de tubo p\u00e9lvico.<br \/>\nSobre os conectores de tubos de 50mm, pode ligar mais tubos de 50mm ou mais Formicarien com este conector de tubos p\u00e9lvicos.<br \/>\nTamb\u00e9m \u00e9 poss\u00edvel ligar opcionalmente um tubo de 60mm (60\/56mm) atrav\u00e9s do anel de veda\u00e7\u00e3o para 50mm.<br \/>\nOu no caso de uma tampa, podem ser utilizadas tomadas de porcelana adequadas para lumin\u00e1rias.<\/p>\n<p><strong>Aviso:<\/strong><br \/>\nUma vez que o di\u00e2metro desta tomada \u00e9 de apenas 49mm em vez de 50mm, s\u00e3o necess\u00e1rios os an\u00e9is de veda\u00e7\u00e3o ou um inv\u00f3lucro da pel\u00edcula adesiva cristalina para chegar ao di\u00e2metro de 50mm para uma liga\u00e7\u00e3o apertada.<\/p>","protected":false},"excerpt":{"rendered":"<p>Conte\u00fado: 1 unid. Dimens\u00f5es: 68 x 68 x 46 mm (encaixe 49mm) Material: Pl\u00e1stico Cor: Transparente Descri\u00e7\u00e3o: Este artigo \u00e9 um conetor de tubo p\u00e9lvico. Com este conetor de tubo p\u00e9lvico, \u00e9 poss\u00edvel ligar mais tubos de 50 mm ou mais Formicarien. Tamb\u00e9m \u00e9 poss\u00edvel ligar opcionalmente um tubo de 60 mm (60\/56 mm) atrav\u00e9s de","protected":false},"featured_media":4924,"comment_status":"open","ping_status":"closed","template":"","meta":{"_acf_changed":false,"content-type":"","_monsterinsights_skip_tracking":false,"_monsterinsights_sitenote_active":false,"_monsterinsights_sitenote_note":"","_monsterinsights_sitenote_category":0},"product_brand":[],"product_cat":[345],"product_tag":[],"class_list":{"0":"post-4720","1":"product","2":"type-product","3":"status-publish","4":"has-post-thumbnail","6":"product_cat-pipe-connectors","8":"first","9":"outofstock","10":"taxable","11":"shipping-taxable","12":"purchasable","13":"product-type-simple"},"acf":[],"aioseo_notices":[],"jetpack_sharing_enabled":true,"_links":{"self":[{"href":"https:\/\/antcube.shop\/pt\/wp-json\/wp\/v2\/product\/4720","targetHints":{"allow":["GET"]}}],"collection":[{"href":"https:\/\/antcube.shop\/pt\/wp-json\/wp\/v2\/product"}],"about":[{"href":"https:\/\/antcube.shop\/pt\/wp-json\/wp\/v2\/types\/product"}],"replies":[{"embeddable":true,"href":"https:\/\/antcube.shop\/pt\/wp-json\/wp\/v2\/comments?post=4720"}],"wp:featuredmedia":[{"embeddable":true,"href":"https:\/\/antcube.shop\/pt\/wp-json\/wp\/v2\/media\/4924"}],"wp:attachment":[{"href":"https:\/\/antcube.shop\/pt\/wp-json\/wp\/v2\/media?parent=4720"}],"wp:term":[{"taxonomy":"product_brand","embeddable":true,"href":"https:\/\/antcube.shop\/pt\/wp-json\/wp\/v2\/product_brand?post=4720"},{"taxonomy":"product_cat","embeddable":true,"href":"https:\/\/antcube.shop\/pt\/wp-json\/wp\/v2\/product_cat?post=4720"},{"taxonomy":"product_tag","embeddable":true,"href":"https:\/\/antcube.shop\/pt\/wp-json\/wp\/v2\/product_tag?post=4720"}],"curies":[{"name":"wp","href":"https:\/\/api.w.org\/{rel}","templated":true}]}}