{"id":4716,"date":"2022-11-14T14:59:57","date_gmt":"2022-11-14T13:59:57","guid":{"rendered":"https:\/\/antcube.shop\/produkt\/gittereinsatz-acryl-50-mm-klar-fein\/"},"modified":"2026-04-13T10:49:01","modified_gmt":"2026-04-13T08:49:01","slug":"gittereinsatz-acryl-50-mm-klar-fein-2","status":"publish","type":"product","link":"https:\/\/antcube.shop\/pt\/produto\/gittereinsatz-acryl-50-mm-klar-fein-2\/","title":{"rendered":"Grelha acr\u00edlica de 50 mm - transparente - fina"},"content":{"rendered":"<p><strong>Quantidade:<\/strong> 1 pe\u00e7a<\/p>\n<p><strong>Dimens\u00f5es:<\/strong> 60x10mm<\/p>\n<p><strong>Cor:<\/strong> claro<\/p>\n<p><strong>Material:<\/strong> pl\u00e1stico, a\u00e7o inoxid\u00e1vel<\/p>\n<p><strong>Descri\u00e7\u00e3o:<\/strong> grelha de ventila\u00e7\u00e3o com 50mm de di\u00e2metro de encaixe para fechar aberturas com 50mm de di\u00e2metro. Cont\u00e9m o artigo: \"Grelha de inser\u00e7\u00e3o acr\u00edlica de 50 mm - transparente\" combinada com uma grelha de a\u00e7o inoxid\u00e1vel muito fina e muito robusta (0,2-0,3 mm), que evita que mesmo as formigas pequenas se soltem atrav\u00e9s das amplas ranhuras de ventila\u00e7\u00e3o da inser\u00e7\u00e3o da grelha. Tamb\u00e9m adequado para esp\u00e9cies muito fortes, tais como formigas cortadoras de folhas!<\/p>","protected":false},"excerpt":{"rendered":"<p>Para furos\/aberturas com 50mm de di\u00e2metro.<\/p>","protected":false},"featured_media":4809,"comment_status":"open","ping_status":"closed","template":"","meta":{"_acf_changed":false,"content-type":"","_monsterinsights_skip_tracking":false,"_monsterinsights_sitenote_active":false,"_monsterinsights_sitenote_note":"","_monsterinsights_sitenote_category":0},"product_brand":[],"product_cat":[238],"product_tag":[],"class_list":{"0":"post-4716","1":"product","2":"type-product","3":"status-publish","4":"has-post-thumbnail","6":"product_cat-grid-caps-plugs-and-inserts","8":"first","9":"instock","10":"taxable","11":"shipping-taxable","12":"purchasable","13":"product-type-simple"},"acf":[],"aioseo_notices":[],"jetpack_sharing_enabled":true,"_links":{"self":[{"href":"https:\/\/antcube.shop\/pt\/wp-json\/wp\/v2\/product\/4716","targetHints":{"allow":["GET"]}}],"collection":[{"href":"https:\/\/antcube.shop\/pt\/wp-json\/wp\/v2\/product"}],"about":[{"href":"https:\/\/antcube.shop\/pt\/wp-json\/wp\/v2\/types\/product"}],"replies":[{"embeddable":true,"href":"https:\/\/antcube.shop\/pt\/wp-json\/wp\/v2\/comments?post=4716"}],"wp:featuredmedia":[{"embeddable":true,"href":"https:\/\/antcube.shop\/pt\/wp-json\/wp\/v2\/media\/4809"}],"wp:attachment":[{"href":"https:\/\/antcube.shop\/pt\/wp-json\/wp\/v2\/media?parent=4716"}],"wp:term":[{"taxonomy":"product_brand","embeddable":true,"href":"https:\/\/antcube.shop\/pt\/wp-json\/wp\/v2\/product_brand?post=4716"},{"taxonomy":"product_cat","embeddable":true,"href":"https:\/\/antcube.shop\/pt\/wp-json\/wp\/v2\/product_cat?post=4716"},{"taxonomy":"product_tag","embeddable":true,"href":"https:\/\/antcube.shop\/pt\/wp-json\/wp\/v2\/product_tag?post=4716"}],"curies":[{"name":"wp","href":"https:\/\/api.w.org\/{rel}","templated":true}]}}