{"id":4715,"date":"2022-11-14T14:59:42","date_gmt":"2022-11-14T13:59:42","guid":{"rendered":"https:\/\/antcube.shop\/produkt\/nadelstreu-klein-20g\/"},"modified":"2026-04-08T08:47:33","modified_gmt":"2026-04-08T06:47:33","slug":"agulhas-pequenas-20g","status":"publish","type":"product","link":"https:\/\/antcube.shop\/pt\/produto\/agulhas-pequenas-20g\/","title":{"rendered":"Lixo de agulha - pequeno - 20g"},"content":{"rendered":"<p><strong>Dimens\u00f5es (comprimento):<\/strong> 7-12 mm<\/p>\n<p><strong>Material:<\/strong> agulhas de lar\u00edcio. Produto natural<\/p>\n<p><strong>Cor:<\/strong> Bege, castanho escuro, verde<\/p>\n<p><strong>Descri\u00e7\u00e3o:<\/strong> Agulhas secas para decora\u00e7\u00e3o.<\/p>\n<p><strong>Nota:<\/strong> Dependendo do grau de secagem das agulhas, estas podem ter uma colora\u00e7\u00e3o verde, bege ou castanha a castanha escura. As agulhas continuar\u00e3o a secar e a perder cor ao longo do tempo, atingindo, o mais tardar, uma tonalidade castanha.<\/p>","protected":false},"excerpt":{"rendered":"<p><strong>Comprimento: <\/strong>7 -12 mm<\/p>","protected":false},"featured_media":4942,"comment_status":"open","ping_status":"closed","template":"","meta":{"_acf_changed":false,"content-type":"","_monsterinsights_skip_tracking":false,"_monsterinsights_sitenote_active":false,"_monsterinsights_sitenote_note":"","_monsterinsights_sitenote_category":0},"product_brand":[],"product_cat":[95,98,101],"product_tag":[],"class_list":{"0":"post-4715","1":"product","2":"type-product","3":"status-publish","4":"has-post-thumbnail","6":"product_cat-accessories-for-ants","7":"product_cat-decoration","8":"product_cat-forest","10":"first","11":"instock","12":"taxable","13":"shipping-taxable","14":"purchasable","15":"product-type-simple"},"acf":[],"aioseo_notices":[],"jetpack_sharing_enabled":true,"_links":{"self":[{"href":"https:\/\/antcube.shop\/pt\/wp-json\/wp\/v2\/product\/4715","targetHints":{"allow":["GET"]}}],"collection":[{"href":"https:\/\/antcube.shop\/pt\/wp-json\/wp\/v2\/product"}],"about":[{"href":"https:\/\/antcube.shop\/pt\/wp-json\/wp\/v2\/types\/product"}],"replies":[{"embeddable":true,"href":"https:\/\/antcube.shop\/pt\/wp-json\/wp\/v2\/comments?post=4715"}],"wp:featuredmedia":[{"embeddable":true,"href":"https:\/\/antcube.shop\/pt\/wp-json\/wp\/v2\/media\/4942"}],"wp:attachment":[{"href":"https:\/\/antcube.shop\/pt\/wp-json\/wp\/v2\/media?parent=4715"}],"wp:term":[{"taxonomy":"product_brand","embeddable":true,"href":"https:\/\/antcube.shop\/pt\/wp-json\/wp\/v2\/product_brand?post=4715"},{"taxonomy":"product_cat","embeddable":true,"href":"https:\/\/antcube.shop\/pt\/wp-json\/wp\/v2\/product_cat?post=4715"},{"taxonomy":"product_tag","embeddable":true,"href":"https:\/\/antcube.shop\/pt\/wp-json\/wp\/v2\/product_tag?post=4715"}],"curies":[{"name":"wp","href":"https:\/\/api.w.org\/{rel}","templated":true}]}}