{"id":4712,"date":"2022-11-14T14:58:33","date_gmt":"2022-11-14T13:58:33","guid":{"rendered":"https:\/\/antcube.shop\/produkt\/humus-ziegel-brick-650g-ergibt-8-9l\/"},"modified":"2026-04-03T21:16:09","modified_gmt":"2026-04-03T19:16:09","slug":"humus-ziegel-brick-650g-ergibt-8-9l","status":"publish","type":"product","link":"https:\/\/antcube.shop\/pt\/produto\/humus-ziegel-brick-650g-ergibt-8-9l\/","title":{"rendered":"Tijolo h\u00famico 650g - resultando em 8-9l"},"content":{"rendered":"<p><strong>Conte\u00fado \/ volume:<\/strong> 650g faz 8-10 litros.<\/p>\n<p><strong>Descri\u00e7\u00e3o:<\/strong> O Formicarium Humus consiste em h\u00famus de fibra de coco natural que foi comprimido num tijolo. Quando combinado com \u00e1gua, o tijolo de h\u00famus incha a aproximadamente 8-10 vezes o seu volume. Este h\u00famus formicarium \u00e9 excelente para formigas de regi\u00f5es tropicais e pode ser utilizado tanto seco como h\u00famido. O Formicarium Humus \u00e9 um produto natural puro, garantido livre de quaisquer qu\u00edmicos, pesticidas e fertilizantes e 100% compost\u00e1vel.<\/p>\n<p>- 100% feito a partir de mat\u00e9rias-primas renov\u00e1veis de origem vegetal<br \/>\n- alta absor\u00e7\u00e3o<br \/>\n- alta capacidade de armazenamento de \u00e1gua<\/p>\n<p><strong>Instru\u00e7\u00f5es:<\/strong> Mergulhar o tijolo em 4-5 litros de \u00e1gua quente num recipiente durante cerca de 20-30 minutos. Se o tijolo ainda n\u00e3o tiver sido completamente dissolvido, separar o resto \u00e0 m\u00e3o. Se necess\u00e1rio, espremer o excesso de \u00e1gua para fora do h\u00famus.<\/p>","protected":false},"excerpt":{"rendered":"<p>Conte\u00fado \/ volume: 650g faz 8-10 litros. Descri\u00e7\u00e3o: O Formicarium Humus consiste em h\u00famus de fibra de coco natural que foi comprimido num tijolo. Quando combinado com \u00e1gua, o tijolo de h\u00famus incha a aproximadamente 8-10 vezes o seu volume. Este h\u00famus formicarium escav\u00e1vel \u00e9 excelente para formigas de regi\u00f5es tropicais e pode ser usado tanto seco [...]","protected":false},"featured_media":4811,"comment_status":"open","ping_status":"closed","template":"","meta":{"_acf_changed":false,"content-type":"","_monsterinsights_skip_tracking":false,"_monsterinsights_sitenote_active":false,"_monsterinsights_sitenote_note":"","_monsterinsights_sitenote_category":0},"product_brand":[],"product_cat":[96],"product_tag":[],"class_list":{"0":"post-4712","1":"product","2":"type-product","3":"status-publish","4":"has-post-thumbnail","6":"product_cat-soil","8":"first","9":"instock","10":"taxable","11":"shipping-taxable","12":"purchasable","13":"product-type-simple"},"acf":[],"aioseo_notices":[],"jetpack_sharing_enabled":true,"_links":{"self":[{"href":"https:\/\/antcube.shop\/pt\/wp-json\/wp\/v2\/product\/4712","targetHints":{"allow":["GET"]}}],"collection":[{"href":"https:\/\/antcube.shop\/pt\/wp-json\/wp\/v2\/product"}],"about":[{"href":"https:\/\/antcube.shop\/pt\/wp-json\/wp\/v2\/types\/product"}],"replies":[{"embeddable":true,"href":"https:\/\/antcube.shop\/pt\/wp-json\/wp\/v2\/comments?post=4712"}],"wp:featuredmedia":[{"embeddable":true,"href":"https:\/\/antcube.shop\/pt\/wp-json\/wp\/v2\/media\/4811"}],"wp:attachment":[{"href":"https:\/\/antcube.shop\/pt\/wp-json\/wp\/v2\/media?parent=4712"}],"wp:term":[{"taxonomy":"product_brand","embeddable":true,"href":"https:\/\/antcube.shop\/pt\/wp-json\/wp\/v2\/product_brand?post=4712"},{"taxonomy":"product_cat","embeddable":true,"href":"https:\/\/antcube.shop\/pt\/wp-json\/wp\/v2\/product_cat?post=4712"},{"taxonomy":"product_tag","embeddable":true,"href":"https:\/\/antcube.shop\/pt\/wp-json\/wp\/v2\/product_tag?post=4712"}],"curies":[{"name":"wp","href":"https:\/\/api.w.org\/{rel}","templated":true}]}}