{"id":4711,"date":"2022-11-14T14:58:17","date_gmt":"2022-11-14T13:58:17","guid":{"rendered":"https:\/\/antcube.shop\/produkt\/bodengrund-sand-lehm-rot-1000g\/"},"modified":"2026-04-08T12:12:45","modified_gmt":"2026-04-08T10:12:45","slug":"substrato-areia-espuma-vermelha-1000g","status":"publish","type":"product","link":"https:\/\/antcube.shop\/pt\/produto\/substrato-areia-espuma-vermelha-1000g\/","title":{"rendered":"Substrato - Vermelho Sand-Loam - 1000g"},"content":{"rendered":"<p><strong>Conte\u00fado:<\/strong> 1000g<\/p>\n<p><strong>Material:<\/strong> areia, argila<\/p>\n<p><strong>Cor:<\/strong> vermelho<\/p>\n<p><strong>Raz\u00e3o de mistura:<\/strong> diger\u00edvel<\/p>\n<p><strong>Descri\u00e7\u00e3o:<\/strong> Esta mistura pronta de areia e argila \u00e9 um produto natural puro. A colora\u00e7\u00e3o e a resist\u00eancia devem-se \u00e0 terra argilosa natural, que \u00e9 inofensiva para os animais.<\/p>\n<p><strong>Aplica\u00e7\u00e3o:<\/strong> solo escav\u00e1vel, pode ser utilizado para ninho e \u00e1rea de arena!<\/p>\n<p><strong>Nota:<\/strong> Como este \u00e9 um produto puramente natural, pode haver pequenas diferen\u00e7as de cor e estrutura que n\u00e3o podemos influenciar.<\/p>\n<p><strong>Importante:<\/strong> Humede\u00e7a o substrato antes de usar, para que a mistura possa ser combinada e desenvolver uma fixa\u00e7\u00e3o firme na quinta das formigas. Al\u00e9m disso, um substrato demasiado seco e poeirento pode causar o bloqueio das vias respirat\u00f3rias das formigas e, no pior dos casos, asfixiar os animais.<\/p>","protected":false},"excerpt":{"rendered":"<p>Substrato natural - diger\u00edvel<\/p>","protected":false},"featured_media":5722,"comment_status":"open","ping_status":"closed","template":"","meta":{"_acf_changed":false,"content-type":"","_monsterinsights_skip_tracking":false,"_monsterinsights_sitenote_active":false,"_monsterinsights_sitenote_note":"","_monsterinsights_sitenote_category":0},"product_brand":[],"product_cat":[95,96],"product_tag":[],"class_list":{"0":"post-4711","1":"product","2":"type-product","3":"status-publish","4":"has-post-thumbnail","6":"product_cat-accessories-for-ants","7":"product_cat-soil","9":"first","10":"instock","11":"taxable","12":"shipping-taxable","13":"purchasable","14":"product-type-simple"},"acf":[],"aioseo_notices":[],"jetpack_sharing_enabled":true,"_links":{"self":[{"href":"https:\/\/antcube.shop\/pt\/wp-json\/wp\/v2\/product\/4711","targetHints":{"allow":["GET"]}}],"collection":[{"href":"https:\/\/antcube.shop\/pt\/wp-json\/wp\/v2\/product"}],"about":[{"href":"https:\/\/antcube.shop\/pt\/wp-json\/wp\/v2\/types\/product"}],"replies":[{"embeddable":true,"href":"https:\/\/antcube.shop\/pt\/wp-json\/wp\/v2\/comments?post=4711"}],"wp:featuredmedia":[{"embeddable":true,"href":"https:\/\/antcube.shop\/pt\/wp-json\/wp\/v2\/media\/5722"}],"wp:attachment":[{"href":"https:\/\/antcube.shop\/pt\/wp-json\/wp\/v2\/media?parent=4711"}],"wp:term":[{"taxonomy":"product_brand","embeddable":true,"href":"https:\/\/antcube.shop\/pt\/wp-json\/wp\/v2\/product_brand?post=4711"},{"taxonomy":"product_cat","embeddable":true,"href":"https:\/\/antcube.shop\/pt\/wp-json\/wp\/v2\/product_cat?post=4711"},{"taxonomy":"product_tag","embeddable":true,"href":"https:\/\/antcube.shop\/pt\/wp-json\/wp\/v2\/product_tag?post=4711"}],"curies":[{"name":"wp","href":"https:\/\/api.w.org\/{rel}","templated":true}]}}