{"id":4710,"date":"2022-11-14T14:58:00","date_gmt":"2022-11-14T13:58:00","guid":{"rendered":"https:\/\/antcube.shop\/produkt\/bodengrund-sand-lehm-weis-1000g\/"},"modified":"2026-04-06T18:30:28","modified_gmt":"2026-04-06T16:30:28","slug":"substrato-sand-loam-white-1000g","status":"publish","type":"product","link":"https:\/\/antcube.shop\/pt\/produto\/substrato-sand-loam-white-1000g\/","title":{"rendered":"Substrato - Sand-Loam branco - 1000g"},"content":{"rendered":"<p><strong>Conte\u00fado:<\/strong> 1000g<\/p>\n<p><strong>Material:<\/strong> areia, cal, aglutinante de cal<\/p>\n<p><strong>Cor:<\/strong> branco<\/p>\n<p><strong>Raz\u00e3o de mistura:<\/strong> diger\u00edvel<\/p>\n<p><strong>Descri\u00e7\u00e3o:<\/strong> Esta mistura de argila arenosa pr\u00e9-fabricada \u00e9 um produto natural puro. A colora\u00e7\u00e3o vem da areia de cal branca. A for\u00e7a vem de uma mistura de cal de liga\u00e7\u00e3o, que \u00e9 inofensiva para os animais.<\/p>\n<p><strong>Aplica\u00e7\u00e3o:<\/strong> Solo de escava\u00e7\u00e3o, pode ser utilizado para ninho e \u00e1rea de arena! Tem uma for\u00e7a aumentada em compara\u00e7\u00e3o com o solo bege, tamb\u00e9m no estado h\u00famido.<\/p>\n<p><strong>Nota:<\/strong> Como este \u00e9 um produto puramente natural, pode haver pequenas diferen\u00e7as de cor e estrutura que n\u00e3o podemos influenciar.<\/p>\n<p><strong>Importante:<\/strong> Humede\u00e7a o substrato antes de usar, para que a mistura possa ser combinada e desenvolver uma fixa\u00e7\u00e3o firme na quinta das formigas. Al\u00e9m disso, um substrato demasiado seco e poeirento pode causar o bloqueio das vias respirat\u00f3rias das formigas e, no pior dos casos, asfixiar os animais.<\/p>","protected":false},"excerpt":{"rendered":"<p>Substrato natural - diger\u00edvel<\/p>","protected":false},"featured_media":5725,"comment_status":"open","ping_status":"closed","template":"","meta":{"_acf_changed":false,"content-type":"","_monsterinsights_skip_tracking":false,"_monsterinsights_sitenote_active":false,"_monsterinsights_sitenote_note":"","_monsterinsights_sitenote_category":0},"product_brand":[],"product_cat":[95,96],"product_tag":[],"class_list":{"0":"post-4710","1":"product","2":"type-product","3":"status-publish","4":"has-post-thumbnail","6":"product_cat-accessories-for-ants","7":"product_cat-soil","9":"first","10":"instock","11":"taxable","12":"shipping-taxable","13":"purchasable","14":"product-type-simple"},"acf":[],"aioseo_notices":[],"jetpack_sharing_enabled":true,"_links":{"self":[{"href":"https:\/\/antcube.shop\/pt\/wp-json\/wp\/v2\/product\/4710","targetHints":{"allow":["GET"]}}],"collection":[{"href":"https:\/\/antcube.shop\/pt\/wp-json\/wp\/v2\/product"}],"about":[{"href":"https:\/\/antcube.shop\/pt\/wp-json\/wp\/v2\/types\/product"}],"replies":[{"embeddable":true,"href":"https:\/\/antcube.shop\/pt\/wp-json\/wp\/v2\/comments?post=4710"}],"wp:featuredmedia":[{"embeddable":true,"href":"https:\/\/antcube.shop\/pt\/wp-json\/wp\/v2\/media\/5725"}],"wp:attachment":[{"href":"https:\/\/antcube.shop\/pt\/wp-json\/wp\/v2\/media?parent=4710"}],"wp:term":[{"taxonomy":"product_brand","embeddable":true,"href":"https:\/\/antcube.shop\/pt\/wp-json\/wp\/v2\/product_brand?post=4710"},{"taxonomy":"product_cat","embeddable":true,"href":"https:\/\/antcube.shop\/pt\/wp-json\/wp\/v2\/product_cat?post=4710"},{"taxonomy":"product_tag","embeddable":true,"href":"https:\/\/antcube.shop\/pt\/wp-json\/wp\/v2\/product_tag?post=4710"}],"curies":[{"name":"wp","href":"https:\/\/api.w.org\/{rel}","templated":true}]}}