{"id":4704,"date":"2022-11-14T14:56:08","date_gmt":"2022-11-14T13:56:08","guid":{"rendered":"https:\/\/antcube.shop\/produkt\/antcube-ameisenarenaeinsatz-l-20x20\/"},"modified":"2026-03-09T18:09:40","modified_gmt":"2026-03-09T17:09:40","slug":"antcube-ameisenarenaeinsatz-l-20x20","status":"publish","type":"product","link":"https:\/\/antcube.shop\/pt\/produto\/antcube-ameisenarenaeinsatz-l-20x20\/","title":{"rendered":"ANTCUBE inserir formiga - L - 20\u00d720"},"content":{"rendered":"<p><strong>Dimens\u00f5es:<\/strong><br \/>\n<strong>no exterior:<\/strong> 190 x 28 x 176mm<br \/>\n<strong>no interior:<\/strong> 184 x 20 x 169 mm<\/p>\n<p><strong>Material:<\/strong> vidro flotado<\/p>\n<p><strong>Cor:<\/strong> transparente<\/p>\n<p><strong>Conte\u00fado:<\/strong><br \/>\n1x inser\u00e7\u00e3o de arena de formigas<br \/>\n1x capa<br \/>\n1x pontos de fixa\u00e7\u00e3o 2 pcs.<\/p>\n<p><strong>Descri\u00e7\u00e3o:<\/strong><br \/>\nEsta inser\u00e7\u00e3o de ninho pode ser colocada dentro de uma arena de formigas ANTCUBE e preenchida com um material adequado para escava\u00e7\u00e3o (por exemplo, mistura de argila arenosa ou Digfix). A caracter\u00edstica especial aqui \u00e9 que pode ser convenientemente removida da arena, por exemplo, para sobre-internar com as formigas. Como entrada e sa\u00edda e para ventila\u00e7\u00e3o, existem dois orif\u00edcios de 10mm na \u00e1rea inferior. Para o sobre-inverno, estes podem ser fechados com fichas de 10mm. <strong>(estes n\u00e3o est\u00e3o inclu\u00eddos).<\/strong><\/p>\n<p><strong>Nota:<\/strong> O vidro \u00e9 cortado de acordo com DIN 1249 com uma toler\u00e2ncia de +\/- 1mm. Para esp\u00e9cies de formigas extremamente pequenas, \u00e9 essencial uma protec\u00e7\u00e3o adicional contra a quebra.<\/p>","protected":false},"excerpt":{"rendered":"<p>Tamanho: <span style=\"color: #0000ff;\"><strong>L<\/strong><\/span><\/p>","protected":false},"featured_media":4985,"comment_status":"open","ping_status":"closed","template":"","meta":{"_acf_changed":false,"content-type":"","_monsterinsights_skip_tracking":false,"_monsterinsights_sitenote_active":false,"_monsterinsights_sitenote_note":"","_monsterinsights_sitenote_category":0},"product_brand":[],"product_cat":[91,94],"product_tag":[],"class_list":{"0":"post-4704","1":"product","2":"type-product","3":"status-publish","4":"has-post-thumbnail","6":"product_cat-formicarium-modules","7":"product_cat-arena-inset","9":"first","10":"instock","11":"taxable","12":"shipping-taxable","13":"purchasable","14":"product-type-simple"},"acf":[],"aioseo_notices":[],"jetpack_sharing_enabled":true,"_links":{"self":[{"href":"https:\/\/antcube.shop\/pt\/wp-json\/wp\/v2\/product\/4704","targetHints":{"allow":["GET"]}}],"collection":[{"href":"https:\/\/antcube.shop\/pt\/wp-json\/wp\/v2\/product"}],"about":[{"href":"https:\/\/antcube.shop\/pt\/wp-json\/wp\/v2\/types\/product"}],"replies":[{"embeddable":true,"href":"https:\/\/antcube.shop\/pt\/wp-json\/wp\/v2\/comments?post=4704"}],"wp:featuredmedia":[{"embeddable":true,"href":"https:\/\/antcube.shop\/pt\/wp-json\/wp\/v2\/media\/4985"}],"wp:attachment":[{"href":"https:\/\/antcube.shop\/pt\/wp-json\/wp\/v2\/media?parent=4704"}],"wp:term":[{"taxonomy":"product_brand","embeddable":true,"href":"https:\/\/antcube.shop\/pt\/wp-json\/wp\/v2\/product_brand?post=4704"},{"taxonomy":"product_cat","embeddable":true,"href":"https:\/\/antcube.shop\/pt\/wp-json\/wp\/v2\/product_cat?post=4704"},{"taxonomy":"product_tag","embeddable":true,"href":"https:\/\/antcube.shop\/pt\/wp-json\/wp\/v2\/product_tag?post=4704"}],"curies":[{"name":"wp","href":"https:\/\/api.w.org\/{rel}","templated":true}]}}