{"id":4700,"date":"2022-11-14T14:55:03","date_gmt":"2022-11-14T13:55:03","guid":{"rendered":"https:\/\/antcube.shop\/produkt\/antcube-korknest-40x20-stehend\/"},"modified":"2026-04-01T12:30:02","modified_gmt":"2026-04-01T10:30:02","slug":"antcube-korknest-40x20-stehend","status":"publish","type":"product","link":"https:\/\/antcube.shop\/pt\/produto\/antcube-korknest-40x20-stehend\/","title":{"rendered":"ANTCUBE - Ninho de corti\u00e7a 40\u00d720 - de p\u00e9"},"content":{"rendered":"<p><strong>Dimens\u00f5es:<\/strong> 383 x 160 x 20 mm<\/p>\n<p><strong>Material:<\/strong> Corti\u00e7a (fino)<\/p>\n<p>Encaixa apenas nas nossas quintas de formigas tamanho L<\/p>\n<p><strong>Descri\u00e7\u00e3o:<\/strong> Este ninho de corti\u00e7a com passagens e c\u00e2maras pr\u00e9-fabricadas \u00e9 adequado para v\u00e1rias esp\u00e9cies de formigas, especialmente para esp\u00e9cies que nidificam em madeira (morta). Tem um orif\u00edcio de acesso ao ninho.<br \/>\nA corti\u00e7a \u00e9 quimicamente neutra. A sua estrutura n\u00e3o s\u00f3 \u00e9 imperme\u00e1vel a l\u00edquidos, como tamb\u00e9m n\u00e3o provoca reac\u00e7\u00f5es qu\u00edmicas e, por isso, n\u00e3o \u00e9 danificada. No entanto, demasiada humidade pode causar apodrecimento a longo prazo e reduzir a longevidade do ninho. No entanto, a corti\u00e7a \u00e9 muito resistente ao apodrecimento, ao ataque de fungos e mofo. Isto deve-se \u00e0 sua superf\u00edcie e estrutura, que n\u00e3o proporcionam um bom local de reprodu\u00e7\u00e3o para os fungos colonizarem. No entanto, os restos alimentares e excrementos dos animais, assim como outras subst\u00e2ncias org\u00e2nicas, podem promover o crescimento de fungos.<\/p>\n<p>Por isso, recomendamos manter principalmente esp\u00e9cies de regi\u00f5es secas na corti\u00e7a. Esp\u00e9cies de habitats h\u00famidos podem, no entanto, ser mantidas neste conjunto, porque a podrid\u00e3o n\u00e3o \u00e9 um problema para a maioria das esp\u00e9cies. Tamb\u00e9m muitas formigas do norte da Europa como Camponotus herculeanus ou Formica fusca vivem em madeira apodrecida.<\/p>","protected":false},"excerpt":{"rendered":"<p><strong>Tamanho:<\/strong> 383 x 160 x 20 mm<\/p>","protected":false},"featured_media":5020,"comment_status":"open","ping_status":"closed","template":"","meta":{"_acf_changed":false,"content-type":"","_monsterinsights_skip_tracking":false,"_monsterinsights_sitenote_active":false,"_monsterinsights_sitenote_note":"","_monsterinsights_sitenote_category":0},"product_brand":[],"product_cat":[87,89],"product_tag":[],"class_list":{"0":"post-4700","1":"product","2":"type-product","3":"status-publish","4":"has-post-thumbnail","6":"product_cat-nest-insets","7":"product_cat-cork","9":"first","10":"instock","11":"taxable","12":"shipping-taxable","13":"purchasable","14":"product-type-simple"},"acf":[],"aioseo_notices":[],"jetpack_sharing_enabled":true,"_links":{"self":[{"href":"https:\/\/antcube.shop\/pt\/wp-json\/wp\/v2\/product\/4700","targetHints":{"allow":["GET"]}}],"collection":[{"href":"https:\/\/antcube.shop\/pt\/wp-json\/wp\/v2\/product"}],"about":[{"href":"https:\/\/antcube.shop\/pt\/wp-json\/wp\/v2\/types\/product"}],"replies":[{"embeddable":true,"href":"https:\/\/antcube.shop\/pt\/wp-json\/wp\/v2\/comments?post=4700"}],"wp:featuredmedia":[{"embeddable":true,"href":"https:\/\/antcube.shop\/pt\/wp-json\/wp\/v2\/media\/5020"}],"wp:attachment":[{"href":"https:\/\/antcube.shop\/pt\/wp-json\/wp\/v2\/media?parent=4700"}],"wp:term":[{"taxonomy":"product_brand","embeddable":true,"href":"https:\/\/antcube.shop\/pt\/wp-json\/wp\/v2\/product_brand?post=4700"},{"taxonomy":"product_cat","embeddable":true,"href":"https:\/\/antcube.shop\/pt\/wp-json\/wp\/v2\/product_cat?post=4700"},{"taxonomy":"product_tag","embeddable":true,"href":"https:\/\/antcube.shop\/pt\/wp-json\/wp\/v2\/product_tag?post=4700"}],"curies":[{"name":"wp","href":"https:\/\/api.w.org\/{rel}","templated":true}]}}