{"id":4695,"date":"2022-11-14T14:53:45","date_gmt":"2022-11-14T13:53:45","guid":{"rendered":"https:\/\/antcube.shop\/produkt\/antcube-digfix-platte-40x20-m\/"},"modified":"2026-04-05T17:10:19","modified_gmt":"2026-04-05T15:10:19","slug":"placa-antcube-digfix-40x20-m","status":"publish","type":"product","link":"https:\/\/antcube.shop\/pt\/produto\/placa-antcube-digfix-40x20-m\/","title":{"rendered":"ANTCUBE - Placa Digfix 40\u00d720 - M"},"content":{"rendered":"<p><strong>Dimens\u00f5es:<\/strong> 383x160x10 mm<\/p>\n<p><strong>Material:<\/strong> Digfix<\/p>\n<p><strong>Descri\u00e7\u00e3o:<\/strong> A placa Digfix \u00e9 feita de material diger\u00edvel e adapta-se perfeitamente \u00e0s nossas quintas de formigas ANTCUBE. Pode ser utilizada tanto seca como h\u00famida. \u00c9 tamb\u00e9m adequada para muitas esp\u00e9cies de formigas, especialmente as que fazem os seus ninhos na areia e na madeira (morta). Pode ser utilizada em vez das misturas de areia ou dos ninhos feitos de corti\u00e7a ou gesso. Uma grande vantagem sobre os ninhos de corti\u00e7a \u00e9 que Digfix n\u00e3o se molda mesmo quando est\u00e1 molhado. Isto significa que as esp\u00e9cies de formigas com uma elevada necessidade de humidade podem ser fornecidas com \u00e1gua suficiente sem qualquer problema. Digfix tem tamb\u00e9m a vantagem de que a escava\u00e7\u00e3o de esp\u00e9cies de formigas n\u00e3o sujam as vidra\u00e7as dos seus ninhos com terra ao cavar, o que permite uma vis\u00e3o perfeita do ninho.<\/p>\n<p><strong>Nota:<\/strong> A tonalidade natural da cor pode variar entre o castanho esverdeado \/ acinzentado e o castanho terroso. A tonalidade n\u00e3o afecta a qualidade.<br \/>\nDevido \u00e0s dimens\u00f5es de fabrico podem variar +\/- 1mm<\/p>\n<p>&nbsp;<\/p>\n<p>&nbsp;<\/p>","protected":false},"excerpt":{"rendered":"<p>Gr\u00f6\u00dfe: <strong><span style=\"color: #339966;\">M<\/span><\/strong><\/p>","protected":false},"featured_media":4979,"comment_status":"open","ping_status":"closed","template":"","meta":{"_acf_changed":false,"content-type":"","_monsterinsights_skip_tracking":false,"_monsterinsights_sitenote_active":false,"_monsterinsights_sitenote_note":"","_monsterinsights_sitenote_category":0},"product_brand":[],"product_cat":[87,88],"product_tag":[],"class_list":{"0":"post-4695","1":"product","2":"type-product","3":"status-publish","4":"has-post-thumbnail","6":"product_cat-nest-insets","7":"product_cat-digfix","9":"first","10":"instock","11":"taxable","12":"shipping-taxable","13":"purchasable","14":"product-type-simple"},"acf":[],"aioseo_notices":[],"jetpack_sharing_enabled":true,"_links":{"self":[{"href":"https:\/\/antcube.shop\/pt\/wp-json\/wp\/v2\/product\/4695","targetHints":{"allow":["GET"]}}],"collection":[{"href":"https:\/\/antcube.shop\/pt\/wp-json\/wp\/v2\/product"}],"about":[{"href":"https:\/\/antcube.shop\/pt\/wp-json\/wp\/v2\/types\/product"}],"replies":[{"embeddable":true,"href":"https:\/\/antcube.shop\/pt\/wp-json\/wp\/v2\/comments?post=4695"}],"wp:featuredmedia":[{"embeddable":true,"href":"https:\/\/antcube.shop\/pt\/wp-json\/wp\/v2\/media\/4979"}],"wp:attachment":[{"href":"https:\/\/antcube.shop\/pt\/wp-json\/wp\/v2\/media?parent=4695"}],"wp:term":[{"taxonomy":"product_brand","embeddable":true,"href":"https:\/\/antcube.shop\/pt\/wp-json\/wp\/v2\/product_brand?post=4695"},{"taxonomy":"product_cat","embeddable":true,"href":"https:\/\/antcube.shop\/pt\/wp-json\/wp\/v2\/product_cat?post=4695"},{"taxonomy":"product_tag","embeddable":true,"href":"https:\/\/antcube.shop\/pt\/wp-json\/wp\/v2\/product_tag?post=4695"}],"curies":[{"name":"wp","href":"https:\/\/api.w.org\/{rel}","templated":true}]}}