{"id":4694,"date":"2022-11-14T14:53:29","date_gmt":"2022-11-14T13:53:29","guid":{"rendered":"https:\/\/antcube.shop\/produkt\/antcube-einbauarena-30x30x20\/"},"modified":"2026-04-02T09:54:48","modified_gmt":"2026-04-02T07:54:48","slug":"antcube-einbauarena-30x30x20","status":"publish","type":"product","link":"https:\/\/antcube.shop\/pt\/produto\/antcube-einbauarena-30x30x20\/","title":{"rendered":"ANTCUBE montado arena 30x30x20"},"content":{"rendered":"<p>ANTCUBE montado arena 30x30x20 cm com furo de 2x 27mm.<\/p>\n<p><strong>Dimens\u00f5es:<\/strong> 300 x 300 x 200 mm; 4mm de espessura de vidro.<br \/>\n<strong>Material:<\/strong> vidro flotado<\/p>\n<p><strong>Conex\u00e3o:<\/strong> 2x furo de 27 mm<\/p>\n<p><strong>Descri\u00e7\u00e3o:<\/strong> ANTCUBE montado arena, foi desenvolvido para o colocar confortavelmente tamb\u00e9m em compartimentos de prateleiras mais pequenos. Por exemplo, cabe perfeitamente numa prateleira Kallax. Os orif\u00edcios (ponto central) est\u00e3o localizados na parte da frente (esquerda e direita) a 3cm de altura e 3cm de dist\u00e2ncia da borda exterior. Devido \u00e0s posi\u00e7\u00f5es dos orif\u00edcios de 27mm na frente, (em vez de nas janelas laterais como de costume) \u00e9 poss\u00edvel adicionar facilmente mais arenas e quintas de formigas sem perder espa\u00e7o nos lados, ou bloquear o acesso \u00e0s portas. A cobertura das arenas, a estrutura de protec\u00e7\u00e3o contra ruptura, elementos de liga\u00e7\u00e3o como conectores de tubos ou mangueiras est\u00e3o dispon\u00edveis separadamente.<\/p>\n<p><strong>Nota:<\/strong> O vidro \u00e9 cortado de acordo com DIN 1249 com uma toler\u00e2ncia de +\/- 1mm. Para esp\u00e9cies de formigas extremamente pequenas, \u00e9 essencial uma protec\u00e7\u00e3o adicional contra a quebra.<\/p>","protected":false},"excerpt":{"rendered":"<p>Liga\u00e7\u00e3o: 2x furo de 27 mm<\/p>","protected":false},"featured_media":5042,"comment_status":"open","ping_status":"closed","template":"","meta":{"_acf_changed":false,"content-type":"","_monsterinsights_skip_tracking":false,"_monsterinsights_sitenote_active":false,"_monsterinsights_sitenote_note":"","_monsterinsights_sitenote_category":0},"product_brand":[],"product_cat":[85,86],"product_tag":[],"class_list":{"0":"post-4694","1":"product","2":"type-product","3":"status-publish","4":"has-post-thumbnail","6":"product_cat-ant-arenas","7":"product_cat-formicariums","9":"first","10":"instock","11":"taxable","12":"shipping-taxable","13":"purchasable","14":"product-type-simple"},"acf":[],"aioseo_notices":[],"jetpack_sharing_enabled":true,"_links":{"self":[{"href":"https:\/\/antcube.shop\/pt\/wp-json\/wp\/v2\/product\/4694","targetHints":{"allow":["GET"]}}],"collection":[{"href":"https:\/\/antcube.shop\/pt\/wp-json\/wp\/v2\/product"}],"about":[{"href":"https:\/\/antcube.shop\/pt\/wp-json\/wp\/v2\/types\/product"}],"replies":[{"embeddable":true,"href":"https:\/\/antcube.shop\/pt\/wp-json\/wp\/v2\/comments?post=4694"}],"wp:featuredmedia":[{"embeddable":true,"href":"https:\/\/antcube.shop\/pt\/wp-json\/wp\/v2\/media\/5042"}],"wp:attachment":[{"href":"https:\/\/antcube.shop\/pt\/wp-json\/wp\/v2\/media?parent=4694"}],"wp:term":[{"taxonomy":"product_brand","embeddable":true,"href":"https:\/\/antcube.shop\/pt\/wp-json\/wp\/v2\/product_brand?post=4694"},{"taxonomy":"product_cat","embeddable":true,"href":"https:\/\/antcube.shop\/pt\/wp-json\/wp\/v2\/product_cat?post=4694"},{"taxonomy":"product_tag","embeddable":true,"href":"https:\/\/antcube.shop\/pt\/wp-json\/wp\/v2\/product_tag?post=4694"}],"curies":[{"name":"wp","href":"https:\/\/api.w.org\/{rel}","templated":true}]}}