{"id":4693,"date":"2022-11-14T14:53:12","date_gmt":"2022-11-14T13:53:12","guid":{"rendered":"https:\/\/antcube.shop\/produkt\/antcube-arena-30x30x10-flach\/"},"modified":"2026-04-09T14:37:47","modified_gmt":"2026-04-09T12:37:47","slug":"antcube-arena-30x30x10-flat","status":"publish","type":"product","link":"https:\/\/antcube.shop\/pt\/produto\/antcube-arena-30x30x10-flat\/","title":{"rendered":"ANTCUBE - Arena 30x30x10 - plano"},"content":{"rendered":"<p><strong>Dimens\u00f5es:<\/strong> 300 x 300 x 100 mm; 4 mm de espessura de vidro<\/p>\n<p><strong>Material:<\/strong> vidro flotado<\/p>\n<p><strong>Conex\u00e3o:<\/strong> 2x buraco 50 mm<\/p>\n<p><strong>Descri\u00e7\u00e3o:<\/strong><br \/>\nBacia de vidro 30x30x10 cm com 2 furos de 50 mm.<br \/>\nO orif\u00edcio de perfura\u00e7\u00e3o (ponto central) est\u00e1 localizado a uma altura de 3 cm.<\/p>\n<p><strong>Nota:<\/strong> O vidro \u00e9 cortado de acordo com DIN 1249 com uma toler\u00e2ncia de +\/- 1mm. Para esp\u00e9cies de formigas extremamente pequenas, \u00e9 essencial uma protec\u00e7\u00e3o adicional contra a quebra.<\/p>\n<p>&nbsp;<\/p>","protected":false},"excerpt":{"rendered":"<p>Liga\u00e7\u00e3o: 2x furo 50 mm<br \/>\nTamanho: <strong>S, M, L, XL<\/strong><\/p>","protected":false},"featured_media":5059,"comment_status":"open","ping_status":"closed","template":"","meta":{"_acf_changed":false,"content-type":"","_monsterinsights_skip_tracking":false,"_monsterinsights_sitenote_active":false,"_monsterinsights_sitenote_note":"","_monsterinsights_sitenote_category":0},"product_brand":[],"product_cat":[85,86],"product_tag":[236],"class_list":{"0":"post-4693","1":"product","2":"type-product","3":"status-publish","4":"has-post-thumbnail","6":"product_cat-ant-arenas","7":"product_cat-formicariums","8":"product_tag-formicarium","10":"first","11":"instock","12":"taxable","13":"shipping-taxable","14":"purchasable","15":"product-type-simple"},"acf":[],"aioseo_notices":[],"jetpack_sharing_enabled":true,"_links":{"self":[{"href":"https:\/\/antcube.shop\/pt\/wp-json\/wp\/v2\/product\/4693","targetHints":{"allow":["GET"]}}],"collection":[{"href":"https:\/\/antcube.shop\/pt\/wp-json\/wp\/v2\/product"}],"about":[{"href":"https:\/\/antcube.shop\/pt\/wp-json\/wp\/v2\/types\/product"}],"replies":[{"embeddable":true,"href":"https:\/\/antcube.shop\/pt\/wp-json\/wp\/v2\/comments?post=4693"}],"wp:featuredmedia":[{"embeddable":true,"href":"https:\/\/antcube.shop\/pt\/wp-json\/wp\/v2\/media\/5059"}],"wp:attachment":[{"href":"https:\/\/antcube.shop\/pt\/wp-json\/wp\/v2\/media?parent=4693"}],"wp:term":[{"taxonomy":"product_brand","embeddable":true,"href":"https:\/\/antcube.shop\/pt\/wp-json\/wp\/v2\/product_brand?post=4693"},{"taxonomy":"product_cat","embeddable":true,"href":"https:\/\/antcube.shop\/pt\/wp-json\/wp\/v2\/product_cat?post=4693"},{"taxonomy":"product_tag","embeddable":true,"href":"https:\/\/antcube.shop\/pt\/wp-json\/wp\/v2\/product_tag?post=4693"}],"curies":[{"name":"wp","href":"https:\/\/api.w.org\/{rel}","templated":true}]}}