{"id":4692,"date":"2022-11-14T14:52:57","date_gmt":"2022-11-14T13:52:57","guid":{"rendered":"https:\/\/antcube.shop\/produkt\/antcube-arena-40x20x10-flach\/"},"modified":"2026-04-01T13:28:09","modified_gmt":"2026-04-01T11:28:09","slug":"antcube-arena-40x20x10-flat","status":"publish","type":"product","link":"https:\/\/antcube.shop\/pt\/produto\/antcube-arena-40x20x10-flat\/","title":{"rendered":"ANTCUBE - Arena 40x20x10 - plano"},"content":{"rendered":"<p><strong>Dimens\u00f5es:<\/strong> 400 x 200 x 100 mm; 4 mm de espessura de vidro<\/p>\n<p><strong>Material:<\/strong> vidro flotado<\/p>\n<p><strong>Conex\u00e3o:<\/strong> 2x furo 27 mm<\/p>\n<p><strong>Descri\u00e7\u00e3o:<\/strong><br \/>\nBacia de vidro 40x20x10 cm com 2 furos de 27 mm.<br \/>\nO orif\u00edcio de perfura\u00e7\u00e3o (ponto central) est\u00e1 localizado a uma altura de 3 cm.<\/p>\n<p><strong>Nota:<\/strong> O vidro \u00e9 cortado de acordo com DIN 1249 com uma toler\u00e2ncia de +\/- 1mm. Para esp\u00e9cies de formigas extremamente pequenas, \u00e9 essencial uma protec\u00e7\u00e3o adicional contra a quebra.<\/p>","protected":false},"excerpt":{"rendered":"<p><strong>Conex\u00e3o:<\/strong> 2x furo 27 mm<br \/>\n<strong>Tamanho:<\/strong> S, M, L, XL<\/p>","protected":false},"featured_media":4981,"comment_status":"open","ping_status":"closed","template":"","meta":{"_acf_changed":false,"content-type":"","_monsterinsights_skip_tracking":false,"_monsterinsights_sitenote_active":false,"_monsterinsights_sitenote_note":"","_monsterinsights_sitenote_category":0},"product_brand":[],"product_cat":[85,86],"product_tag":[],"class_list":{"0":"post-4692","1":"product","2":"type-product","3":"status-publish","4":"has-post-thumbnail","6":"product_cat-ant-arenas","7":"product_cat-formicariums","9":"first","10":"instock","11":"taxable","12":"shipping-taxable","13":"purchasable","14":"product-type-simple"},"acf":[],"aioseo_notices":[],"jetpack_sharing_enabled":true,"_links":{"self":[{"href":"https:\/\/antcube.shop\/pt\/wp-json\/wp\/v2\/product\/4692","targetHints":{"allow":["GET"]}}],"collection":[{"href":"https:\/\/antcube.shop\/pt\/wp-json\/wp\/v2\/product"}],"about":[{"href":"https:\/\/antcube.shop\/pt\/wp-json\/wp\/v2\/types\/product"}],"replies":[{"embeddable":true,"href":"https:\/\/antcube.shop\/pt\/wp-json\/wp\/v2\/comments?post=4692"}],"wp:featuredmedia":[{"embeddable":true,"href":"https:\/\/antcube.shop\/pt\/wp-json\/wp\/v2\/media\/4981"}],"wp:attachment":[{"href":"https:\/\/antcube.shop\/pt\/wp-json\/wp\/v2\/media?parent=4692"}],"wp:term":[{"taxonomy":"product_brand","embeddable":true,"href":"https:\/\/antcube.shop\/pt\/wp-json\/wp\/v2\/product_brand?post=4692"},{"taxonomy":"product_cat","embeddable":true,"href":"https:\/\/antcube.shop\/pt\/wp-json\/wp\/v2\/product_cat?post=4692"},{"taxonomy":"product_tag","embeddable":true,"href":"https:\/\/antcube.shop\/pt\/wp-json\/wp\/v2\/product_tag?post=4692"}],"curies":[{"name":"wp","href":"https:\/\/api.w.org\/{rel}","templated":true}]}}