{"id":4689,"date":"2022-11-14T14:52:10","date_gmt":"2022-11-14T13:52:10","guid":{"rendered":"https:\/\/antcube.shop\/produkt\/luftdurchlassige-stopfen-21-23-mm\/"},"modified":"2026-04-07T09:38:35","modified_gmt":"2026-04-07T07:38:35","slug":"air-permeable-plugs-21-23-mm","status":"publish","type":"product","link":"https:\/\/antcube.shop\/pt\/produto\/air-permeable-plugs-21-23-mm\/","title":{"rendered":"Tamp\u00f5es perme\u00e1veis ao ar 21 - 23 mm"},"content":{"rendered":"<p><strong>Quantidade:<\/strong> 1 pe\u00e7a<\/p>\n<p><strong>Descri\u00e7\u00e3o:<\/strong> P\u00f4r fim \u00e0s rolhas de enchimento n\u00e3o profissionais. Estas rolhas perme\u00e1veis ao ar fecham com seguran\u00e7a as aberturas e obedecem \u00e0 forma da abertura, garantindo uma abertura e fecho r\u00e1pidos.<\/p>","protected":false},"excerpt":{"rendered":"<p>Quantidade: 1 pe\u00e7a Descri\u00e7\u00e3o: Ponha um fim \u00e0s rolhas de enchimento n\u00e3o profissionais. Estas rolhas perme\u00e1veis ao ar fecham com seguran\u00e7a as aberturas e est\u00e3o em conformidade com a forma da abertura, garantindo uma r\u00e1pida abertura e fecho.<\/p>","protected":false},"featured_media":5000,"comment_status":"open","ping_status":"closed","template":"","meta":{"_acf_changed":false,"content-type":"","_monsterinsights_skip_tracking":false,"_monsterinsights_sitenote_active":false,"_monsterinsights_sitenote_note":"","_monsterinsights_sitenote_category":0},"product_brand":[],"product_cat":[237],"product_tag":[],"class_list":{"0":"post-4689","1":"product","2":"type-product","3":"status-publish","4":"has-post-thumbnail","6":"product_cat-tools","8":"first","9":"instock","10":"taxable","11":"shipping-taxable","12":"purchasable","13":"product-type-simple"},"acf":[],"aioseo_notices":[],"jetpack_sharing_enabled":true,"_links":{"self":[{"href":"https:\/\/antcube.shop\/pt\/wp-json\/wp\/v2\/product\/4689","targetHints":{"allow":["GET"]}}],"collection":[{"href":"https:\/\/antcube.shop\/pt\/wp-json\/wp\/v2\/product"}],"about":[{"href":"https:\/\/antcube.shop\/pt\/wp-json\/wp\/v2\/types\/product"}],"replies":[{"embeddable":true,"href":"https:\/\/antcube.shop\/pt\/wp-json\/wp\/v2\/comments?post=4689"}],"wp:featuredmedia":[{"embeddable":true,"href":"https:\/\/antcube.shop\/pt\/wp-json\/wp\/v2\/media\/5000"}],"wp:attachment":[{"href":"https:\/\/antcube.shop\/pt\/wp-json\/wp\/v2\/media?parent=4689"}],"wp:term":[{"taxonomy":"product_brand","embeddable":true,"href":"https:\/\/antcube.shop\/pt\/wp-json\/wp\/v2\/product_brand?post=4689"},{"taxonomy":"product_cat","embeddable":true,"href":"https:\/\/antcube.shop\/pt\/wp-json\/wp\/v2\/product_cat?post=4689"},{"taxonomy":"product_tag","embeddable":true,"href":"https:\/\/antcube.shop\/pt\/wp-json\/wp\/v2\/product_tag?post=4689"}],"curies":[{"name":"wp","href":"https:\/\/api.w.org\/{rel}","templated":true}]}}