{"id":4687,"date":"2022-11-14T14:51:39","date_gmt":"2022-11-14T13:51:39","guid":{"rendered":"https:\/\/antcube.shop\/produkt\/durchgangsregler-50mm\/"},"modified":"2026-01-12T12:36:29","modified_gmt":"2026-01-12T11:36:29","slug":"regulador-de-passagem-50mm","status":"publish","type":"product","link":"https:\/\/antcube.shop\/pt\/produto\/regulador-de-passagem-50mm\/","title":{"rendered":"Regulador de passagem - 50mm"},"content":{"rendered":"<p><strong>Dimens\u00f5es (CxLxA):<\/strong> 95x 76 x 20 mm<\/p>\n<p><strong>Material:<\/strong> Acr\u00edlico<\/p>\n<p><strong>Cor:<\/strong> Incolor \/ transparente \/ l\u00edmpido<\/p>\n<p><strong>Conte\u00fado:<\/strong> 1 pcs (composto por 10 pe\u00e7as individuais)<\/p>\n<p><strong>Descri\u00e7\u00e3o:<\/strong><br \/>\nO regulador de passagem \u00e9 ligado a um tubo.<br \/>\nA passagem pode ser aberta ou fechada \u00e0 m\u00e3o.<\/p>\n<p><strong>Aplica\u00e7\u00e3o:<\/strong><br \/>\nPara ligar tubos de acr\u00edlico com um di\u00e2metro de 50 mm<\/p>\n<p><strong>Uma dica:<\/strong><br \/>\nO regulador de passagem deve ser firmemente encaixado no tubo correspondente. Se estiver demasiado solto, o tubo pode ser alargado com fita adesiva transparente para garantir um encaixe perfeito.<\/p>","protected":false},"excerpt":{"rendered":"<p>Dimens\u00f5es (CxLxA): 73 x 58 x 19 mm Material: Acr\u00edlico Cor: Incolor \/ transparente \/ claro Conte\u00fado: 1 pcs (consiste em 10 pe\u00e7as individuais) Descri\u00e7\u00e3o: O regulador de passagem \u00e9 ligado a um tubo. A passagem pode ser aberta ou fechada \u00e0 m\u00e3o. Aplica\u00e7\u00e3o: Para ligar tubos de acr\u00edlico com di\u00e2metro de 32mm Dica: O regulador de passagem deve ser","protected":false},"featured_media":5074,"comment_status":"open","ping_status":"closed","template":"","meta":{"_acf_changed":false,"content-type":"","_monsterinsights_skip_tracking":false,"_monsterinsights_sitenote_active":false,"_monsterinsights_sitenote_note":"","_monsterinsights_sitenote_category":0},"product_brand":[],"product_cat":[345],"product_tag":[],"class_list":{"0":"post-4687","1":"product","2":"type-product","3":"status-publish","4":"has-post-thumbnail","6":"product_cat-pipe-connectors","8":"first","9":"instock","10":"taxable","11":"shipping-taxable","12":"purchasable","13":"product-type-simple"},"acf":[],"aioseo_notices":[],"jetpack_sharing_enabled":true,"_links":{"self":[{"href":"https:\/\/antcube.shop\/pt\/wp-json\/wp\/v2\/product\/4687","targetHints":{"allow":["GET"]}}],"collection":[{"href":"https:\/\/antcube.shop\/pt\/wp-json\/wp\/v2\/product"}],"about":[{"href":"https:\/\/antcube.shop\/pt\/wp-json\/wp\/v2\/types\/product"}],"replies":[{"embeddable":true,"href":"https:\/\/antcube.shop\/pt\/wp-json\/wp\/v2\/comments?post=4687"}],"wp:featuredmedia":[{"embeddable":true,"href":"https:\/\/antcube.shop\/pt\/wp-json\/wp\/v2\/media\/5074"}],"wp:attachment":[{"href":"https:\/\/antcube.shop\/pt\/wp-json\/wp\/v2\/media?parent=4687"}],"wp:term":[{"taxonomy":"product_brand","embeddable":true,"href":"https:\/\/antcube.shop\/pt\/wp-json\/wp\/v2\/product_brand?post=4687"},{"taxonomy":"product_cat","embeddable":true,"href":"https:\/\/antcube.shop\/pt\/wp-json\/wp\/v2\/product_cat?post=4687"},{"taxonomy":"product_tag","embeddable":true,"href":"https:\/\/antcube.shop\/pt\/wp-json\/wp\/v2\/product_tag?post=4687"}],"curies":[{"name":"wp","href":"https:\/\/api.w.org\/{rel}","templated":true}]}}