{"id":4684,"date":"2022-11-14T14:43:01","date_gmt":"2022-11-14T13:43:01","guid":{"rendered":"https:\/\/antcube.shop\/produkt\/formicarienunterlage-30x6cm\/"},"modified":"2026-03-16T11:37:19","modified_gmt":"2026-03-16T10:37:19","slug":"almofada-de-formicario-30x6cm","status":"publish","type":"product","link":"https:\/\/antcube.shop\/pt\/produto\/almofada-de-formicario-30x6cm\/","title":{"rendered":"Almofada de Formicarium - 30x6cm"},"content":{"rendered":"<p><strong>Dimens\u00f5es:<\/strong> 290 x 60 x 4mm<\/p>\n<p><strong>Material:<\/strong> Espuma de PE<\/p>\n<p><strong>Cor:<\/strong> cinzento<\/p>\n<p><strong>Conte\u00fado:<\/strong> 1 pcs.<\/p>\n<p><strong>Descri\u00e7\u00e3o:<\/strong><br \/>\nA almofada de formic\u00e1rio \u00e9 feita de um material de espuma macia.<br \/>\nProtege o formic\u00e1rio, bem como a pe\u00e7a de mobili\u00e1rio em que o formic\u00e1rio se encontra, de riscos.<br \/>\nAl\u00e9m disso, a almofada serve de isolamento t\u00e9rmico para compensar os menores desn\u00edveis e tamb\u00e9m protege contra as vibra\u00e7\u00f5es.<\/p>","protected":false},"excerpt":{"rendered":"<p>Dimens\u00f5es: 300 x 300 x 4mm Material: Cor da espuma de PE: cinzento: 1 pcs. Descri\u00e7\u00e3o: A almofada de formic\u00e1rio \u00e9 feita de um material de espuma macia. Protege o formic\u00e1rio, bem como a pe\u00e7a de mobili\u00e1rio em que o formic\u00e1rio assenta, de arranh\u00f5es. Al\u00e9m disso, a almofada serve de isolamento t\u00e9rmico para compensar","protected":false},"featured_media":5103,"comment_status":"open","ping_status":"closed","template":"","meta":{"_acf_changed":false,"content-type":"","_monsterinsights_skip_tracking":false,"_monsterinsights_sitenote_active":false,"_monsterinsights_sitenote_note":"","_monsterinsights_sitenote_category":0},"product_brand":[],"product_cat":[239],"product_tag":[],"class_list":{"0":"post-4684","1":"product","2":"type-product","3":"status-publish","4":"has-post-thumbnail","6":"product_cat-useful-additions","8":"first","9":"instock","10":"taxable","11":"shipping-taxable","12":"purchasable","13":"product-type-simple"},"acf":[],"aioseo_notices":[],"jetpack_sharing_enabled":true,"_links":{"self":[{"href":"https:\/\/antcube.shop\/pt\/wp-json\/wp\/v2\/product\/4684","targetHints":{"allow":["GET"]}}],"collection":[{"href":"https:\/\/antcube.shop\/pt\/wp-json\/wp\/v2\/product"}],"about":[{"href":"https:\/\/antcube.shop\/pt\/wp-json\/wp\/v2\/types\/product"}],"replies":[{"embeddable":true,"href":"https:\/\/antcube.shop\/pt\/wp-json\/wp\/v2\/comments?post=4684"}],"wp:featuredmedia":[{"embeddable":true,"href":"https:\/\/antcube.shop\/pt\/wp-json\/wp\/v2\/media\/5103"}],"wp:attachment":[{"href":"https:\/\/antcube.shop\/pt\/wp-json\/wp\/v2\/media?parent=4684"}],"wp:term":[{"taxonomy":"product_brand","embeddable":true,"href":"https:\/\/antcube.shop\/pt\/wp-json\/wp\/v2\/product_brand?post=4684"},{"taxonomy":"product_cat","embeddable":true,"href":"https:\/\/antcube.shop\/pt\/wp-json\/wp\/v2\/product_cat?post=4684"},{"taxonomy":"product_tag","embeddable":true,"href":"https:\/\/antcube.shop\/pt\/wp-json\/wp\/v2\/product_tag?post=4684"}],"curies":[{"name":"wp","href":"https:\/\/api.w.org\/{rel}","templated":true}]}}