{"id":4681,"date":"2022-11-14T14:42:13","date_gmt":"2022-11-14T13:42:13","guid":{"rendered":"https:\/\/antcube.shop\/produkt\/antcube-rote-folie-40x20-selbstklebend\/"},"modified":"2025-10-19T04:49:11","modified_gmt":"2025-10-19T02:49:11","slug":"antcube-red-foil-40x20-self-adhesive","status":"publish","type":"product","link":"https:\/\/antcube.shop\/pt\/produto\/antcube-red-foil-40x20-self-adhesive\/","title":{"rendered":"ANTCUBE - Folha vermelha 40\u00d720 - autocolante"},"content":{"rendered":"<p><strong>Dimens\u00f5es:<\/strong> 39x19cm<\/p>\n<p><strong>Material:<\/strong> PVC<\/p>\n<p><strong>Descri\u00e7\u00e3o:<\/strong> O filme vermelho transparente \u00e9 utilizado para dar \u00e0s formigas uma sensa\u00e7\u00e3o de clandestinidade. Por conseguinte, recomendamos a utiliza\u00e7\u00e3o deste produto pelo menos parcialmente na \u00e1rea do ninho. No entanto, \u00e9 poss\u00edvel observar bem as formigas no ninho. Corte preciso para ANTCUBE \"Fazenda de formigas 20x20cm S\/M\/L - em p\u00e9\".<\/p>","protected":false},"excerpt":{"rendered":"<p>Dimens\u00f5es: 19x19cm Material: PVC Descri\u00e7\u00e3o: A pel\u00edcula transparente vermelha \u00e9 utilizada para dar \u00e0s formigas uma sensa\u00e7\u00e3o de subsolo. Por isso, recomendamos a utiliza\u00e7\u00e3o deste produto, pelo menos parcialmente, na \u00e1rea do ninho. No entanto, \u00e9 poss\u00edvel observar bem as formigas no ninho. Cortada com precis\u00e3o para o ANTCUBE \"Ant farm 20x20cm S\/M\/L - standing\". Esta folha de filtro<\/p>","protected":false},"featured_media":5108,"comment_status":"open","ping_status":"closed","template":"","meta":{"_acf_changed":false,"content-type":"","_monsterinsights_skip_tracking":false,"_monsterinsights_sitenote_active":false,"_monsterinsights_sitenote_note":"","_monsterinsights_sitenote_category":0},"product_brand":[],"product_cat":[239],"product_tag":[],"class_list":{"0":"post-4681","1":"product","2":"type-product","3":"status-publish","4":"has-post-thumbnail","6":"product_cat-useful-additions","8":"first","9":"outofstock","10":"taxable","11":"shipping-taxable","12":"purchasable","13":"product-type-simple"},"acf":[],"aioseo_notices":[],"jetpack_sharing_enabled":true,"_links":{"self":[{"href":"https:\/\/antcube.shop\/pt\/wp-json\/wp\/v2\/product\/4681","targetHints":{"allow":["GET"]}}],"collection":[{"href":"https:\/\/antcube.shop\/pt\/wp-json\/wp\/v2\/product"}],"about":[{"href":"https:\/\/antcube.shop\/pt\/wp-json\/wp\/v2\/types\/product"}],"replies":[{"embeddable":true,"href":"https:\/\/antcube.shop\/pt\/wp-json\/wp\/v2\/comments?post=4681"}],"wp:featuredmedia":[{"embeddable":true,"href":"https:\/\/antcube.shop\/pt\/wp-json\/wp\/v2\/media\/5108"}],"wp:attachment":[{"href":"https:\/\/antcube.shop\/pt\/wp-json\/wp\/v2\/media?parent=4681"}],"wp:term":[{"taxonomy":"product_brand","embeddable":true,"href":"https:\/\/antcube.shop\/pt\/wp-json\/wp\/v2\/product_brand?post=4681"},{"taxonomy":"product_cat","embeddable":true,"href":"https:\/\/antcube.shop\/pt\/wp-json\/wp\/v2\/product_cat?post=4681"},{"taxonomy":"product_tag","embeddable":true,"href":"https:\/\/antcube.shop\/pt\/wp-json\/wp\/v2\/product_tag?post=4681"}],"curies":[{"name":"wp","href":"https:\/\/api.w.org\/{rel}","templated":true}]}}