{"id":4679,"date":"2022-11-14T14:41:41","date_gmt":"2022-11-14T13:41:41","guid":{"rendered":"https:\/\/antcube.shop\/produkt\/lehmfarbe-beige-100ml\/"},"modified":"2026-04-13T10:48:42","modified_gmt":"2026-04-13T08:48:42","slug":"argilo-pintura-pintura-100ml","status":"publish","type":"product","link":"https:\/\/antcube.shop\/pt\/produto\/argilo-pintura-pintura-100ml\/","title":{"rendered":"Tinta argilosa - bege - 100ml"},"content":{"rendered":"<p><strong>Quantidade:<\/strong> 100ml<\/p>\n<p><strong>Descri\u00e7\u00e3o:<\/strong> Esta mistura \u00e9 n\u00e3o t\u00f3xica e relativamente imperme\u00e1vel sobre gesso e bet\u00e3o, mas \u00e9 sol\u00favel em \u00e1gua.<\/p>\n<p><strong>Instru\u00e7\u00f5es de utiliza\u00e7\u00e3o:\u00a0<\/strong><br \/>\nEsta mistura est\u00e1 pronta a ser utilizada e pode ser aplicada imediatamente em gesso ou bet\u00e3o celular com um pincel.<br \/>\n100ml \u00e9 suficiente para aproximadamente 1\/4m\u00b2 de bet\u00e3o celular ou 1\/2m\u00b2 de gesso.<br \/>\nQuando molhada, a superf\u00edcie pode ser polvilhada com areia, por exemplo, para obter um aspecto ainda mais natural.<\/p>\n<p>&nbsp;<\/p>\n<p>&nbsp;<\/p>","protected":false},"excerpt":{"rendered":"<p>Quantidade: 100ml Descri\u00e7\u00e3o: Esta mistura \u00e9 at\u00f3xica e relativamente imperme\u00e1vel sobre gesso e bet\u00e3o, mas de resto \u00e9 sol\u00favel em \u00e1gua. Instru\u00e7\u00f5es de utiliza\u00e7\u00e3o: Esta mistura est\u00e1 pronta a usar e pode ser aplicada imediatamente sobre gesso ou bet\u00e3o celular com um pincel. 100ml \u00e9 suficiente para aproximadamente 1\/4m\u00b2 de bet\u00e3o celular ou 1\/2m\u00b2 de gesso. Quando","protected":false},"featured_media":5004,"comment_status":"open","ping_status":"closed","template":"","meta":{"_acf_changed":false,"content-type":"","_monsterinsights_skip_tracking":false,"_monsterinsights_sitenote_active":false,"_monsterinsights_sitenote_note":"","_monsterinsights_sitenote_category":0},"product_brand":[],"product_cat":[237],"product_tag":[],"class_list":{"0":"post-4679","1":"product","2":"type-product","3":"status-publish","4":"has-post-thumbnail","6":"product_cat-tools","8":"first","9":"instock","10":"taxable","11":"shipping-taxable","12":"purchasable","13":"product-type-simple"},"acf":[],"aioseo_notices":[],"jetpack_sharing_enabled":true,"_links":{"self":[{"href":"https:\/\/antcube.shop\/pt\/wp-json\/wp\/v2\/product\/4679","targetHints":{"allow":["GET"]}}],"collection":[{"href":"https:\/\/antcube.shop\/pt\/wp-json\/wp\/v2\/product"}],"about":[{"href":"https:\/\/antcube.shop\/pt\/wp-json\/wp\/v2\/types\/product"}],"replies":[{"embeddable":true,"href":"https:\/\/antcube.shop\/pt\/wp-json\/wp\/v2\/comments?post=4679"}],"wp:featuredmedia":[{"embeddable":true,"href":"https:\/\/antcube.shop\/pt\/wp-json\/wp\/v2\/media\/5004"}],"wp:attachment":[{"href":"https:\/\/antcube.shop\/pt\/wp-json\/wp\/v2\/media?parent=4679"}],"wp:term":[{"taxonomy":"product_brand","embeddable":true,"href":"https:\/\/antcube.shop\/pt\/wp-json\/wp\/v2\/product_brand?post=4679"},{"taxonomy":"product_cat","embeddable":true,"href":"https:\/\/antcube.shop\/pt\/wp-json\/wp\/v2\/product_cat?post=4679"},{"taxonomy":"product_tag","embeddable":true,"href":"https:\/\/antcube.shop\/pt\/wp-json\/wp\/v2\/product_tag?post=4679"}],"curies":[{"name":"wp","href":"https:\/\/api.w.org\/{rel}","templated":true}]}}