{"id":4678,"date":"2022-11-14T14:41:24","date_gmt":"2022-11-14T13:41:24","guid":{"rendered":"https:\/\/antcube.shop\/produkt\/klebefilm-glasklar\/"},"modified":"2026-04-03T22:49:17","modified_gmt":"2026-04-03T20:49:17","slug":"pelicula-adesiva-cristalina-transparente","status":"publish","type":"product","link":"https:\/\/antcube.shop\/pt\/produto\/pelicula-adesiva-cristalina-transparente\/","title":{"rendered":"Pel\u00edcula adesiva cristalina"},"content":{"rendered":"<p><strong>Dimens\u00f5es (CxLxA):<\/strong> 10m x19 mm<\/p>\n<p><strong>Material:<\/strong> polipropileno<\/p>\n<p><strong>Cor:<\/strong> cristalino \/ transparente<\/p>\n<p><strong>Conte\u00fado:<\/strong><br \/>\n1x rolo de pel\u00edcula adesiva<\/p>\n<p><strong>Descri\u00e7\u00e3o:<\/strong><br \/>\nIdeal para fixar uma pel\u00edcula de cobertura vermelha ou uma parede traseira fotogr\u00e1fica ao formic\u00e1rio.<br \/>\nTem uma elevada resist\u00eancia ao envelhecimento, \u00e9 muito resistente ao rasgamento e tem uma forte for\u00e7a adesiva.<br \/>\nTamb\u00e9m adequado para colar pain\u00e9is de vidro.<\/p>\n<p><strong>Aplica\u00e7\u00e3o:<\/strong><br \/>\nA fita adesiva pode ser cortada com uma tesoura ou uma faca de corte.<br \/>\nVoltar a fixar a pel\u00edcula de cobertura ou a fotografia no painel do formic\u00e1rio e, em seguida, fix\u00e1-la com a fita adesiva.<\/p>","protected":false},"excerpt":{"rendered":"<p>Dimens\u00f5es (CxLxA): 10m x19 mm Material: polipropileno Cor: cristalina \/ transparente Conte\u00fado: 1x rolo de pel\u00edcula adesiva Descri\u00e7\u00e3o: Ideal para fixar uma pel\u00edcula de cobertura vermelha ou uma parede traseira fotogr\u00e1fica no formic\u00e1rio. Tem uma elevada resist\u00eancia ao envelhecimento, \u00e9 muito resistente ao rasgamento e tem uma forte for\u00e7a adesiva. Tamb\u00e9m \u00e9 adequada para colar pain\u00e9is de vidro. Aplica\u00e7\u00f5es:","protected":false},"featured_media":5007,"comment_status":"open","ping_status":"closed","template":"","meta":{"_acf_changed":false,"content-type":"","_monsterinsights_skip_tracking":false,"_monsterinsights_sitenote_active":false,"_monsterinsights_sitenote_note":"","_monsterinsights_sitenote_category":0},"product_brand":[],"product_cat":[237],"product_tag":[],"class_list":{"0":"post-4678","1":"product","2":"type-product","3":"status-publish","4":"has-post-thumbnail","6":"product_cat-tools","8":"first","9":"instock","10":"taxable","11":"shipping-taxable","12":"purchasable","13":"product-type-simple"},"acf":[],"aioseo_notices":[],"jetpack_sharing_enabled":true,"_links":{"self":[{"href":"https:\/\/antcube.shop\/pt\/wp-json\/wp\/v2\/product\/4678","targetHints":{"allow":["GET"]}}],"collection":[{"href":"https:\/\/antcube.shop\/pt\/wp-json\/wp\/v2\/product"}],"about":[{"href":"https:\/\/antcube.shop\/pt\/wp-json\/wp\/v2\/types\/product"}],"replies":[{"embeddable":true,"href":"https:\/\/antcube.shop\/pt\/wp-json\/wp\/v2\/comments?post=4678"}],"wp:featuredmedia":[{"embeddable":true,"href":"https:\/\/antcube.shop\/pt\/wp-json\/wp\/v2\/media\/5007"}],"wp:attachment":[{"href":"https:\/\/antcube.shop\/pt\/wp-json\/wp\/v2\/media?parent=4678"}],"wp:term":[{"taxonomy":"product_brand","embeddable":true,"href":"https:\/\/antcube.shop\/pt\/wp-json\/wp\/v2\/product_brand?post=4678"},{"taxonomy":"product_cat","embeddable":true,"href":"https:\/\/antcube.shop\/pt\/wp-json\/wp\/v2\/product_cat?post=4678"},{"taxonomy":"product_tag","embeddable":true,"href":"https:\/\/antcube.shop\/pt\/wp-json\/wp\/v2\/product_tag?post=4678"}],"curies":[{"name":"wp","href":"https:\/\/api.w.org\/{rel}","templated":true}]}}