{"id":4675,"date":"2022-11-14T14:40:37","date_gmt":"2022-11-14T13:40:37","guid":{"rendered":"https:\/\/antcube.shop\/produkt\/zapfen-klein-20-stuck\/"},"modified":"2026-04-20T16:40:45","modified_gmt":"2026-04-20T14:40:45","slug":"cones-pequenos-20-unidades","status":"publish","type":"product","link":"https:\/\/antcube.shop\/pt\/produto\/cones-pequenos-20-unidades\/","title":{"rendered":"cones - pequenos - 20 pe\u00e7as"},"content":{"rendered":"<p><strong>Dimens\u00f5es (CxLxA):<\/strong> aprox. 20 x 10 x 10 mm<\/p>\n<p><strong>Material:<\/strong> Cone de amieiro - produto natural<\/p>\n<p><strong>Cor:<\/strong> Castanho escuro a preto<\/p>\n<p><strong>Descri\u00e7\u00e3o:<\/strong> Cones secos para fins decorativos<\/p>\n<p><strong>Nota:<\/strong> Uma vez que se trata de um produto natural, o tamanho, a forma e a cor podem variar ligeiramente em rela\u00e7\u00e3o \u00e0 imagem<\/p>","protected":false},"excerpt":{"rendered":"<p><strong>Tamanho:<\/strong>\u00a020 x 10 x 10 mm<\/p>","protected":false},"featured_media":5016,"comment_status":"open","ping_status":"closed","template":"","meta":{"_acf_changed":false,"content-type":"","_monsterinsights_skip_tracking":false,"_monsterinsights_sitenote_active":false,"_monsterinsights_sitenote_note":"","_monsterinsights_sitenote_category":0},"product_brand":[],"product_cat":[98,101],"product_tag":[],"class_list":{"0":"post-4675","1":"product","2":"type-product","3":"status-publish","4":"has-post-thumbnail","6":"product_cat-decoration","7":"product_cat-forest","9":"first","10":"instock","11":"taxable","12":"shipping-taxable","13":"purchasable","14":"product-type-simple"},"acf":[],"aioseo_notices":[],"jetpack_sharing_enabled":true,"_links":{"self":[{"href":"https:\/\/antcube.shop\/pt\/wp-json\/wp\/v2\/product\/4675","targetHints":{"allow":["GET"]}}],"collection":[{"href":"https:\/\/antcube.shop\/pt\/wp-json\/wp\/v2\/product"}],"about":[{"href":"https:\/\/antcube.shop\/pt\/wp-json\/wp\/v2\/types\/product"}],"replies":[{"embeddable":true,"href":"https:\/\/antcube.shop\/pt\/wp-json\/wp\/v2\/comments?post=4675"}],"wp:featuredmedia":[{"embeddable":true,"href":"https:\/\/antcube.shop\/pt\/wp-json\/wp\/v2\/media\/5016"}],"wp:attachment":[{"href":"https:\/\/antcube.shop\/pt\/wp-json\/wp\/v2\/media?parent=4675"}],"wp:term":[{"taxonomy":"product_brand","embeddable":true,"href":"https:\/\/antcube.shop\/pt\/wp-json\/wp\/v2\/product_brand?post=4675"},{"taxonomy":"product_cat","embeddable":true,"href":"https:\/\/antcube.shop\/pt\/wp-json\/wp\/v2\/product_cat?post=4675"},{"taxonomy":"product_tag","embeddable":true,"href":"https:\/\/antcube.shop\/pt\/wp-json\/wp\/v2\/product_tag?post=4675"}],"curies":[{"name":"wp","href":"https:\/\/api.w.org\/{rel}","templated":true}]}}