{"id":4665,"date":"2022-11-14T14:37:50","date_gmt":"2022-11-14T13:37:50","guid":{"rendered":"https:\/\/antcube.shop\/produkt\/fotoruckwand-regenwald-30x30-cube\/"},"modified":"2026-03-30T10:29:23","modified_gmt":"2026-03-30T08:29:23","slug":"fotoruckwand-regenwald-30x30-cube","status":"publish","type":"product","link":"https:\/\/antcube.shop\/pt\/produto\/fotoruckwand-regenwald-30x30-cube\/","title":{"rendered":"Foto parede traseira - Floresta tropical - 30\u00d730 - Cubo"},"content":{"rendered":"<p><strong>Dimens\u00f5es:<\/strong> 30x30cm<\/p>\n<p><strong>Material:<\/strong> Papel de alum\u00ednio brilhante<\/p>\n<p><strong>Conte\u00fado:<\/strong> 1x parede traseira da foto<\/p>\n<p><strong>Descri\u00e7\u00e3o:<\/strong> Esta parede traseira da foto \u00e9 colada ao formic\u00e1rio de volta do exterior para dar a impress\u00e3o de um ambiente que corresponde ao habitat natural das formigas.<\/p>","protected":false},"excerpt":{"rendered":"<p>Material: Papel de alum\u00ednio brilhante<\/p>","protected":false},"featured_media":4790,"comment_status":"open","ping_status":"closed","template":"","meta":{"_acf_changed":false,"content-type":"","_monsterinsights_skip_tracking":false,"_monsterinsights_sitenote_active":false,"_monsterinsights_sitenote_note":"","_monsterinsights_sitenote_category":0},"product_brand":[],"product_cat":[97,106],"product_tag":[],"class_list":{"0":"post-4665","1":"product","2":"type-product","3":"status-publish","4":"has-post-thumbnail","6":"product_cat-photo-backwalls","7":"product_cat-rainforest-photo-backwall","9":"first","10":"instock","11":"taxable","12":"shipping-taxable","13":"purchasable","14":"product-type-simple"},"acf":[],"aioseo_notices":[],"jetpack_sharing_enabled":true,"_links":{"self":[{"href":"https:\/\/antcube.shop\/pt\/wp-json\/wp\/v2\/product\/4665","targetHints":{"allow":["GET"]}}],"collection":[{"href":"https:\/\/antcube.shop\/pt\/wp-json\/wp\/v2\/product"}],"about":[{"href":"https:\/\/antcube.shop\/pt\/wp-json\/wp\/v2\/types\/product"}],"replies":[{"embeddable":true,"href":"https:\/\/antcube.shop\/pt\/wp-json\/wp\/v2\/comments?post=4665"}],"wp:featuredmedia":[{"embeddable":true,"href":"https:\/\/antcube.shop\/pt\/wp-json\/wp\/v2\/media\/4790"}],"wp:attachment":[{"href":"https:\/\/antcube.shop\/pt\/wp-json\/wp\/v2\/media?parent=4665"}],"wp:term":[{"taxonomy":"product_brand","embeddable":true,"href":"https:\/\/antcube.shop\/pt\/wp-json\/wp\/v2\/product_brand?post=4665"},{"taxonomy":"product_cat","embeddable":true,"href":"https:\/\/antcube.shop\/pt\/wp-json\/wp\/v2\/product_cat?post=4665"},{"taxonomy":"product_tag","embeddable":true,"href":"https:\/\/antcube.shop\/pt\/wp-json\/wp\/v2\/product_tag?post=4665"}],"curies":[{"name":"wp","href":"https:\/\/api.w.org\/{rel}","templated":true}]}}