{"id":4661,"date":"2022-11-14T14:36:42","date_gmt":"2022-11-14T13:36:42","guid":{"rendered":"https:\/\/antcube.shop\/produkt\/spruhflasche-sprayer-05-liter-messingduse\/"},"modified":"2026-03-19T13:38:58","modified_gmt":"2026-03-19T12:38:58","slug":"pulverizador-esguicho-bico-de-latao-2","status":"publish","type":"product","link":"https:\/\/antcube.shop\/pt\/produto\/pulverizador-esguicho-bico-de-latao-2\/","title":{"rendered":"Pulverizador de garrafa 0,5 litro - bico de lat\u00e3o"},"content":{"rendered":"<p><strong>Dimens\u00f5es:<\/strong> altura: 22 cm, volume: 0,50 litros<\/p>\n<p><strong>Cor:<\/strong> Branco<\/p>\n<p><strong>Descri\u00e7\u00e3o:<\/strong> Frasco pulverizador em PVC com bico de lat\u00e3o - ideal para a humidifica\u00e7\u00e3o manual do formic\u00e1rio.<\/p>","protected":false},"excerpt":{"rendered":"<p>Dimens\u00f5es: altura: 22 cm, volume: 0,50 litros Cor: Branco Descri\u00e7\u00e3o: Frasco pulverizador em PVC com bico de lat\u00e3o - ideal para a humidifica\u00e7\u00e3o manual do formic\u00e1rio.<\/p>","protected":false},"featured_media":4827,"comment_status":"open","ping_status":"closed","template":"","meta":{"_acf_changed":false,"content-type":"","_monsterinsights_skip_tracking":false,"_monsterinsights_sitenote_active":false,"_monsterinsights_sitenote_note":"","_monsterinsights_sitenote_category":0},"product_brand":[],"product_cat":[237],"product_tag":[],"class_list":{"0":"post-4661","1":"product","2":"type-product","3":"status-publish","4":"has-post-thumbnail","6":"product_cat-tools","8":"first","9":"instock","10":"taxable","11":"shipping-taxable","12":"purchasable","13":"product-type-simple"},"acf":[],"aioseo_notices":[],"jetpack_sharing_enabled":true,"_links":{"self":[{"href":"https:\/\/antcube.shop\/pt\/wp-json\/wp\/v2\/product\/4661","targetHints":{"allow":["GET"]}}],"collection":[{"href":"https:\/\/antcube.shop\/pt\/wp-json\/wp\/v2\/product"}],"about":[{"href":"https:\/\/antcube.shop\/pt\/wp-json\/wp\/v2\/types\/product"}],"replies":[{"embeddable":true,"href":"https:\/\/antcube.shop\/pt\/wp-json\/wp\/v2\/comments?post=4661"}],"wp:featuredmedia":[{"embeddable":true,"href":"https:\/\/antcube.shop\/pt\/wp-json\/wp\/v2\/media\/4827"}],"wp:attachment":[{"href":"https:\/\/antcube.shop\/pt\/wp-json\/wp\/v2\/media?parent=4661"}],"wp:term":[{"taxonomy":"product_brand","embeddable":true,"href":"https:\/\/antcube.shop\/pt\/wp-json\/wp\/v2\/product_brand?post=4661"},{"taxonomy":"product_cat","embeddable":true,"href":"https:\/\/antcube.shop\/pt\/wp-json\/wp\/v2\/product_cat?post=4661"},{"taxonomy":"product_tag","embeddable":true,"href":"https:\/\/antcube.shop\/pt\/wp-json\/wp\/v2\/product_tag?post=4661"}],"curies":[{"name":"wp","href":"https:\/\/api.w.org\/{rel}","templated":true}]}}