{"id":4660,"date":"2022-11-14T14:36:25","date_gmt":"2022-11-14T13:36:25","guid":{"rendered":"https:\/\/antcube.shop\/produkt\/wassergel-500ml-gebrauchsfertig\/"},"modified":"2026-04-13T09:31:59","modified_gmt":"2026-04-13T07:31:59","slug":"agua-gel-500ml","status":"publish","type":"product","link":"https:\/\/antcube.shop\/pt\/produto\/agua-gel-500ml\/","title":{"rendered":"Gel de \u00e1gua 500ml - pronto a usar"},"content":{"rendered":"<p><strong>Conte\u00fado:<\/strong> 500 ml<\/p>\n<p><strong>Descri\u00e7\u00e3o:<\/strong> Conte\u00fado: 500 ml\r\n\r\nDescri\u00e7\u00e3o: O gel de \u00e1gua \u00e9 \u00e1gua em forma de gel e, por isso, muito f\u00e1cil e flex\u00edvel de utilizar. N\u00e3o precisa de uma tigela de \u00e1gua, que os animais podem sujar e afogar-se nela, mas pode fornecer-lhes humidade suficiente com este gel. O gel de \u00e1gua tamb\u00e9m pode ser utilizado para alimentar os animais, o que os manter\u00e1 vivos durante mais tempo.<\/p>","protected":false},"excerpt":{"rendered":"<p>Conte\u00fado: 500 ml Descri\u00e7\u00e3o: O gel de \u00e1gua \u00e9 \u00e1gua em forma de gel e, por isso, muito f\u00e1cil e flex\u00edvel de utilizar. N\u00e3o precisa de uma tigela de \u00e1gua, que os animais podem sujar e afogar-se nela, mas pode fornecer-lhes humidade suficiente com este gel. O gel de \u00e1gua tamb\u00e9m pode ser utilizado para alimentar os animais,","protected":false},"featured_media":5038,"comment_status":"open","ping_status":"closed","template":"","meta":{"_acf_changed":false,"content-type":"","_monsterinsights_skip_tracking":false,"_monsterinsights_sitenote_active":false,"_monsterinsights_sitenote_note":"","_monsterinsights_sitenote_category":0},"product_brand":[],"product_cat":[115,116],"product_tag":[],"class_list":{"0":"post-4660","1":"product","2":"type-product","3":"status-publish","4":"has-post-thumbnail","6":"product_cat-food-and-feeding","7":"product_cat-food","9":"first","10":"instock","11":"taxable","12":"shipping-taxable","13":"purchasable","14":"product-type-simple"},"acf":[],"aioseo_notices":[],"jetpack_sharing_enabled":true,"_links":{"self":[{"href":"https:\/\/antcube.shop\/pt\/wp-json\/wp\/v2\/product\/4660","targetHints":{"allow":["GET"]}}],"collection":[{"href":"https:\/\/antcube.shop\/pt\/wp-json\/wp\/v2\/product"}],"about":[{"href":"https:\/\/antcube.shop\/pt\/wp-json\/wp\/v2\/types\/product"}],"replies":[{"embeddable":true,"href":"https:\/\/antcube.shop\/pt\/wp-json\/wp\/v2\/comments?post=4660"}],"wp:featuredmedia":[{"embeddable":true,"href":"https:\/\/antcube.shop\/pt\/wp-json\/wp\/v2\/media\/5038"}],"wp:attachment":[{"href":"https:\/\/antcube.shop\/pt\/wp-json\/wp\/v2\/media?parent=4660"}],"wp:term":[{"taxonomy":"product_brand","embeddable":true,"href":"https:\/\/antcube.shop\/pt\/wp-json\/wp\/v2\/product_brand?post=4660"},{"taxonomy":"product_cat","embeddable":true,"href":"https:\/\/antcube.shop\/pt\/wp-json\/wp\/v2\/product_cat?post=4660"},{"taxonomy":"product_tag","embeddable":true,"href":"https:\/\/antcube.shop\/pt\/wp-json\/wp\/v2\/product_tag?post=4660"}],"curies":[{"name":"wp","href":"https:\/\/api.w.org\/{rel}","templated":true}]}}