{"id":4659,"date":"2022-11-14T14:36:09","date_gmt":"2022-11-14T13:36:09","guid":{"rendered":"https:\/\/antcube.shop\/produkt\/wiesenhonig-wi-nachfullpack-10ml\/"},"modified":"2026-04-05T19:45:34","modified_gmt":"2026-04-05T17:45:34","slug":"wiesenhonig-wi-nachfullpack-10ml","status":"publish","type":"product","link":"https:\/\/antcube.shop\/pt\/produto\/wiesenhonig-wi-nachfullpack-10ml\/","title":{"rendered":"Mel de prado (Wi) - embalagem de recarga 10ml"},"content":{"rendered":"<p><strong>Conte\u00fado:<\/strong> 10 ml<\/p>\n<p><strong>Descri\u00e7\u00e3o:<\/strong> Este \u00e9 um produto puramente natural. O mel prov\u00e9m de flores de prados e campos da Europa Central e \u00e9, portanto, ideal para as esp\u00e9cies de formigas que a\u00ed vivem.<\/p>\n<p><strong>Aplica\u00e7\u00e3o:<\/strong> O tubo de alimenta\u00e7\u00e3o pode ser colocado como um todo no formic\u00e1rio, em alternativa, adicionar quantidades menores a uma tigela de alimenta\u00e7\u00e3o conforme necess\u00e1rio\/de acordo com o tamanho da col\u00f3nia. A quantidade de comida deve ser utilizada dentro de cerca de 3 dias, caso contr\u00e1rio existe o risco de mofo, e pela mesma raz\u00e3o, limpar a tigela de alimenta\u00e7\u00e3o antes de voltar a encher.<\/p>\n<p><strong>Uso:<\/strong><br \/>\nMel do deserto = para esp\u00e9cies de formigas comedoras de mel (Meliphagidae).<br \/>\n\u00c9 uma alimenta\u00e7\u00e3o suplementar (alimenta\u00e7\u00e3o \u00fanica)<br \/>\nPode ser oferecido aos animais no estado em que \u00e9 entregue. Uma vez que a humidade reduz a concentra\u00e7\u00e3o de a\u00e7\u00facar e se inicia um processo de fermenta\u00e7\u00e3o, os alimentos devem ser substitu\u00eddos a cada 3 dias. Tigela\/tubo dos alimentos cuidadosamente limpos antes da sua reutiliza\u00e7\u00e3o.<br \/>\nUm pacote aberto deve ser utilizado bem fechado at\u00e9 \u00e0 data indicada (melhor antes da data).<\/p>\n<p><strong>Cont\u00e9m:<\/strong> Ingredientes do mel em geral, as propor\u00e7\u00f5es variam em fun\u00e7\u00e3o do tipo de mel.<br \/>\n- aproximadamente 38 % a\u00e7\u00facar de fruta (frutose)<br \/>\n- aprox. 32 % dextrose (glucose)<br \/>\n- aprox. 20 % \u00e1gua<br \/>\n- aprox. 5 % a\u00e7\u00facares m\u00faltiplos<br \/>\n- aproximadamente 5 vitaminas % (B1, B2, B6, C, H)<br \/>\nMinerais (pot\u00e1ssio, c\u00e1lcio, cobre, ferro, s\u00f3dio, magn\u00e9sio, f\u00f3sforo, zinco e outros oligoelementos) Amino\u00e1cidos (prolina, leucina, fenilalanina, alanina, histidina, isoleucina, \u00e1cido glut\u00e2mico, arginina, \u00e1cido asp\u00e1rtico, etc.) \u00c1cidos org\u00e2nicos Enzimas (fermentos)Aromas Inibidores (subst\u00e2ncias antibacterianas) P\u00f3len floral<\/p>\n<p><strong>Armazenamento:<\/strong> para garantir a qualidade da ra\u00e7\u00e3o, esta deve ser armazenada num local escuro e seco.<\/p>\n<p><strong>Aviso:<\/strong><br \/>\nInforma\u00e7\u00f5es sobre como usar os tubos de alimenta\u00e7\u00e3o podem ser encontradas aqui: Link<br \/>\nAlimento suplementar para formigas comedoras de mel.<br \/>\nConsulte o folheto informativo sobre a composi\u00e7\u00e3o, ingredientes anal\u00edticos, data de validade e n\u00famero do lote.<\/p>\n<p>Linha direta de informa\u00e7\u00f5es +49 30 439703870<\/p>\n<p>Autoridade veterin\u00e1ria e de supervis\u00e3o alimentar respons\u00e1vel:<br \/>\nEscrit\u00f3rio Veterin\u00e1rio Steglitz<br \/>\nK\u00f6nigin-Luise-Str. 92<br \/>\n14195 Berlim<\/p>","protected":false},"excerpt":{"rendered":"<p>Alimentos suplementares<\/p>","protected":false},"featured_media":5041,"comment_status":"open","ping_status":"closed","template":"","meta":{"_acf_changed":false,"content-type":"","_monsterinsights_skip_tracking":false,"_monsterinsights_sitenote_active":false,"_monsterinsights_sitenote_note":"","_monsterinsights_sitenote_category":0},"product_brand":[],"product_cat":[115,116],"product_tag":[],"class_list":{"0":"post-4659","1":"product","2":"type-product","3":"status-publish","4":"has-post-thumbnail","6":"product_cat-food-and-feeding","7":"product_cat-food","9":"first","10":"instock","11":"taxable","12":"shipping-taxable","13":"purchasable","14":"product-type-simple"},"acf":[],"aioseo_notices":[],"jetpack_sharing_enabled":true,"_links":{"self":[{"href":"https:\/\/antcube.shop\/pt\/wp-json\/wp\/v2\/product\/4659","targetHints":{"allow":["GET"]}}],"collection":[{"href":"https:\/\/antcube.shop\/pt\/wp-json\/wp\/v2\/product"}],"about":[{"href":"https:\/\/antcube.shop\/pt\/wp-json\/wp\/v2\/types\/product"}],"replies":[{"embeddable":true,"href":"https:\/\/antcube.shop\/pt\/wp-json\/wp\/v2\/comments?post=4659"}],"wp:featuredmedia":[{"embeddable":true,"href":"https:\/\/antcube.shop\/pt\/wp-json\/wp\/v2\/media\/5041"}],"wp:attachment":[{"href":"https:\/\/antcube.shop\/pt\/wp-json\/wp\/v2\/media?parent=4659"}],"wp:term":[{"taxonomy":"product_brand","embeddable":true,"href":"https:\/\/antcube.shop\/pt\/wp-json\/wp\/v2\/product_brand?post=4659"},{"taxonomy":"product_cat","embeddable":true,"href":"https:\/\/antcube.shop\/pt\/wp-json\/wp\/v2\/product_cat?post=4659"},{"taxonomy":"product_tag","embeddable":true,"href":"https:\/\/antcube.shop\/pt\/wp-json\/wp\/v2\/product_tag?post=4659"}],"curies":[{"name":"wp","href":"https:\/\/api.w.org\/{rel}","templated":true}]}}