{"id":4655,"date":"2022-11-14T14:35:04","date_gmt":"2022-11-14T13:35:04","guid":{"rendered":"https:\/\/antcube.shop\/produkt\/zucker-honiglosung-zh-nachfullpack-10ml\/"},"modified":"2026-04-16T11:07:10","modified_gmt":"2026-04-16T09:07:10","slug":"zucker-honiglosung-zh-nachfullpack-10ml","status":"publish","type":"product","link":"https:\/\/antcube.shop\/pt\/produto\/zucker-honiglosung-zh-nachfullpack-10ml\/","title":{"rendered":"Solu\u00e7\u00e3o de mel de a\u00e7\u00facar (ZH) - embalagem de recarga 10ml"},"content":{"rendered":"<p><strong>Conte\u00fado:<\/strong> 10 ml<\/p>\n<p><strong>Descri\u00e7\u00e3o:<\/strong> Trata-se de um produto constitu\u00eddo por v\u00e1rios hidratos de carbono (como o mel e o a\u00e7\u00facar).<\/p>\n<p><strong>Aplica\u00e7\u00e3o:<\/strong> O tubo de alimenta\u00e7\u00e3o pode ser colocado como um todo no formic\u00e1rio, em alternativa, adicionar quantidades menores a uma tigela de alimenta\u00e7\u00e3o conforme necess\u00e1rio\/de acordo com o tamanho da col\u00f3nia. A quantidade de comida deve ser utilizada dentro de cerca de 3 dias, caso contr\u00e1rio existe o risco de mofo, e pela mesma raz\u00e3o, limpar a tigela de alimenta\u00e7\u00e3o antes de voltar a encher.<\/p>\n<p><strong>Uso:<\/strong><br \/>\nAlimentos carboidratos = para esp\u00e9cies de formigas comedoras de a\u00e7\u00facar\/honey<br \/>\n\u00c9 uma ra\u00e7\u00e3o suplementar (ra\u00e7\u00e3o mista)<br \/>\nPode ser misturado com uma gota de \u00e1gua e conserva-se durante 3 dias quando molhado. Limpar bem o recipiente\/tubo de alimenta\u00e7\u00e3o antes de o reutilizar.<br \/>\nUma embalagem aberta deve ser utilizada bem fechada (se armazenada em local seco) at\u00e9 \u00e0 data indicada (prazo de validade).<\/p>\n<p><strong>Cont\u00e9m:<\/strong><br \/>\nFrutose 27 a 44%,<br \/>\nGlicose 22 a 41%,<br \/>\nSacarose at\u00e9 5%,<br \/>\nmaltose 4 a 14%,<br \/>\noutros a\u00e7\u00facares m\u00faltiplos 1 a 14%.<br \/>\n<strong>Gordura:<\/strong> 0g<br \/>\n<strong>Hidratos de carbono:<\/strong> 92g<br \/>\n<strong>Prote\u00edna:<\/strong> 0g<br \/>\n<strong>Sal:<\/strong> 0g<\/p>\n<p>Armazenamento: para garantir a qualidade dos alimentos, estes devem ser armazenados num local escuro e seco.<\/p>\n<p><strong>Aviso:<\/strong><br \/>\nInforma\u00e7\u00f5es sobre como usar os tubos de alimenta\u00e7\u00e3o podem ser encontradas aqui: Link<br \/>\nConsulte o folheto informativo sobre a composi\u00e7\u00e3o, ingredientes anal\u00edticos, data de validade e n\u00famero do lote.<\/p>\n<p>Linha direta de informa\u00e7\u00f5es +49 30 439703870<\/p>\n<p>Autoridade veterin\u00e1ria e de supervis\u00e3o alimentar respons\u00e1vel:<br \/>\nEscrit\u00f3rio Veterin\u00e1rio Steglitz<br \/>\nK\u00f6nigin-Luise-Str. 92<br \/>\n14195 Berlim<\/p>","protected":false},"excerpt":{"rendered":"<p>Alimentos suplementares<\/p>","protected":false},"featured_media":5058,"comment_status":"open","ping_status":"closed","template":"","meta":{"_acf_changed":false,"content-type":"","_monsterinsights_skip_tracking":false,"_monsterinsights_sitenote_active":false,"_monsterinsights_sitenote_note":"","_monsterinsights_sitenote_category":0},"product_brand":[],"product_cat":[115,116],"product_tag":[],"class_list":{"0":"post-4655","1":"product","2":"type-product","3":"status-publish","4":"has-post-thumbnail","6":"product_cat-food-and-feeding","7":"product_cat-food","9":"first","10":"outofstock","11":"taxable","12":"shipping-taxable","13":"purchasable","14":"product-type-simple"},"acf":[],"aioseo_notices":[],"jetpack_sharing_enabled":true,"_links":{"self":[{"href":"https:\/\/antcube.shop\/pt\/wp-json\/wp\/v2\/product\/4655","targetHints":{"allow":["GET"]}}],"collection":[{"href":"https:\/\/antcube.shop\/pt\/wp-json\/wp\/v2\/product"}],"about":[{"href":"https:\/\/antcube.shop\/pt\/wp-json\/wp\/v2\/types\/product"}],"replies":[{"embeddable":true,"href":"https:\/\/antcube.shop\/pt\/wp-json\/wp\/v2\/comments?post=4655"}],"wp:featuredmedia":[{"embeddable":true,"href":"https:\/\/antcube.shop\/pt\/wp-json\/wp\/v2\/media\/5058"}],"wp:attachment":[{"href":"https:\/\/antcube.shop\/pt\/wp-json\/wp\/v2\/media?parent=4655"}],"wp:term":[{"taxonomy":"product_brand","embeddable":true,"href":"https:\/\/antcube.shop\/pt\/wp-json\/wp\/v2\/product_brand?post=4655"},{"taxonomy":"product_cat","embeddable":true,"href":"https:\/\/antcube.shop\/pt\/wp-json\/wp\/v2\/product_cat?post=4655"},{"taxonomy":"product_tag","embeddable":true,"href":"https:\/\/antcube.shop\/pt\/wp-json\/wp\/v2\/product_tag?post=4655"}],"curies":[{"name":"wp","href":"https:\/\/api.w.org\/{rel}","templated":true}]}}