{"id":4652,"date":"2022-11-14T14:34:16","date_gmt":"2022-11-14T13:34:16","guid":{"rendered":"https:\/\/antcube.shop\/produkt\/kornerfutter-minor-mi-nachfullpack-20ml\/"},"modified":"2026-04-07T13:04:50","modified_gmt":"2026-04-07T11:04:50","slug":"embalagem-de-recarga-grain-food-minor-20ml","status":"publish","type":"product","link":"https:\/\/antcube.shop\/pt\/produto\/embalagem-de-recarga-grain-food-minor-20ml\/","title":{"rendered":"Grain food Minor (Mi) - pacote de recarga 20ml"},"content":{"rendered":"<p><strong>Conte\u00fado:<\/strong> 20ml (equivalente a cerca de 10g).<\/p>\n<p><strong>Descri\u00e7\u00e3o:<\/strong> Sementes\/gr\u00e3os finos para col\u00f3nias jovens de esp\u00e9cies de formigas colhedoras\/colhedoras de cereais, tais como o g\u00e9nero Messor, que ainda cont\u00eam principalmente trabalhadores menores.<\/p>\n<p><strong>Aviso:<\/strong><br \/>\nInforma\u00e7\u00f5es sobre como utilizar os tubos de alimenta\u00e7\u00e3o podem ser encontradas aqui: Liga\u00e7\u00e3o<br \/>\nAlimenta\u00e7\u00e3o suplementar para formigas gran\u00edvoras.<br \/>\nConsultar a bula para composi\u00e7\u00e3o, componentes anal\u00edticos, data de validade e n\u00famero do lote.<\/p>\n<p>Linha direta de informa\u00e7\u00f5es +49 30 439703870<\/p>\n<p>Autoridade veterin\u00e1ria e de supervis\u00e3o alimentar respons\u00e1vel:<br \/>\nEscrit\u00f3rio Veterin\u00e1rio Steglitz<br \/>\nK\u00f6nigin-Luise-Str. 92<br \/>\n14195 Berlim<\/p>","protected":false},"excerpt":{"rendered":"<p>Alimentos suplementares<\/p>","protected":false},"featured_media":5741,"comment_status":"open","ping_status":"closed","template":"","meta":{"_acf_changed":false,"content-type":"","_monsterinsights_skip_tracking":false,"_monsterinsights_sitenote_active":false,"_monsterinsights_sitenote_note":"","_monsterinsights_sitenote_category":0},"product_brand":[],"product_cat":[115,116],"product_tag":[],"class_list":{"0":"post-4652","1":"product","2":"type-product","3":"status-publish","4":"has-post-thumbnail","6":"product_cat-food-and-feeding","7":"product_cat-food","9":"first","10":"instock","11":"taxable","12":"shipping-taxable","13":"purchasable","14":"product-type-simple"},"acf":[],"aioseo_notices":[],"jetpack_sharing_enabled":true,"_links":{"self":[{"href":"https:\/\/antcube.shop\/pt\/wp-json\/wp\/v2\/product\/4652","targetHints":{"allow":["GET"]}}],"collection":[{"href":"https:\/\/antcube.shop\/pt\/wp-json\/wp\/v2\/product"}],"about":[{"href":"https:\/\/antcube.shop\/pt\/wp-json\/wp\/v2\/types\/product"}],"replies":[{"embeddable":true,"href":"https:\/\/antcube.shop\/pt\/wp-json\/wp\/v2\/comments?post=4652"}],"wp:featuredmedia":[{"embeddable":true,"href":"https:\/\/antcube.shop\/pt\/wp-json\/wp\/v2\/media\/5741"}],"wp:attachment":[{"href":"https:\/\/antcube.shop\/pt\/wp-json\/wp\/v2\/media?parent=4652"}],"wp:term":[{"taxonomy":"product_brand","embeddable":true,"href":"https:\/\/antcube.shop\/pt\/wp-json\/wp\/v2\/product_brand?post=4652"},{"taxonomy":"product_cat","embeddable":true,"href":"https:\/\/antcube.shop\/pt\/wp-json\/wp\/v2\/product_cat?post=4652"},{"taxonomy":"product_tag","embeddable":true,"href":"https:\/\/antcube.shop\/pt\/wp-json\/wp\/v2\/product_tag?post=4652"}],"curies":[{"name":"wp","href":"https:\/\/api.w.org\/{rel}","templated":true}]}}