{"id":4649,"date":"2022-11-14T14:33:30","date_gmt":"2022-11-14T13:33:30","guid":{"rendered":"https:\/\/antcube.shop\/produkt\/blutenpollen-b-nachfullpack-20ml\/"},"modified":"2026-04-01T09:55:57","modified_gmt":"2026-04-01T07:55:57","slug":"embalagem-de-enchimento-de-polen-de-flores-20ml","status":"publish","type":"product","link":"https:\/\/antcube.shop\/pt\/produto\/embalagem-de-enchimento-de-polen-de-flores-20ml\/","title":{"rendered":"P\u00f3len de flores (B) - embalagem de recarga 20ml"},"content":{"rendered":"<p><strong>Conte\u00fado:<\/strong> 20ml (equivalente a cerca de 14g).<\/p>\n<p><strong>Descri\u00e7\u00e3o:<\/strong> O p\u00f3len das flores cont\u00e9m uma variedade de amino\u00e1cidos, bem como muitas vitaminas e minerais, o que constitui uma fonte de alimento rica para a maioria das formigas.<\/p>\n<p><strong>Aviso:<\/strong><br \/>\nInforma\u00e7\u00f5es sobre como utilizar os tubos de alimenta\u00e7\u00e3o podem ser encontradas aqui: Liga\u00e7\u00e3o<br \/>\nAlimento complementar para as formigas comedoras de p\u00f3len de flores.<br \/>\nConsulte o folheto informativo sobre a composi\u00e7\u00e3o, ingredientes anal\u00edticos, data de validade e n\u00famero do lote.<\/p>\n<p>Linha direta de informa\u00e7\u00f5es +49 30 439703870<\/p>\n<p>Autoridade veterin\u00e1ria e de supervis\u00e3o alimentar respons\u00e1vel:<br \/>\nEscrit\u00f3rio Veterin\u00e1rio Steglitz<br \/>\nK\u00f6nigin-Luise-Str. 92<br \/>\n14195 Berlim<\/p>","protected":false},"excerpt":{"rendered":"<p>Alimentos suplementares<\/p>","protected":false},"featured_media":5721,"comment_status":"open","ping_status":"closed","template":"","meta":{"_acf_changed":false,"content-type":"","_monsterinsights_skip_tracking":false,"_monsterinsights_sitenote_active":false,"_monsterinsights_sitenote_note":"","_monsterinsights_sitenote_category":0},"product_brand":[],"product_cat":[115,116],"product_tag":[],"class_list":{"0":"post-4649","1":"product","2":"type-product","3":"status-publish","4":"has-post-thumbnail","6":"product_cat-food-and-feeding","7":"product_cat-food","9":"first","10":"instock","11":"taxable","12":"shipping-taxable","13":"purchasable","14":"product-type-simple"},"acf":[],"aioseo_notices":[],"jetpack_sharing_enabled":true,"_links":{"self":[{"href":"https:\/\/antcube.shop\/pt\/wp-json\/wp\/v2\/product\/4649","targetHints":{"allow":["GET"]}}],"collection":[{"href":"https:\/\/antcube.shop\/pt\/wp-json\/wp\/v2\/product"}],"about":[{"href":"https:\/\/antcube.shop\/pt\/wp-json\/wp\/v2\/types\/product"}],"replies":[{"embeddable":true,"href":"https:\/\/antcube.shop\/pt\/wp-json\/wp\/v2\/comments?post=4649"}],"wp:featuredmedia":[{"embeddable":true,"href":"https:\/\/antcube.shop\/pt\/wp-json\/wp\/v2\/media\/5721"}],"wp:attachment":[{"href":"https:\/\/antcube.shop\/pt\/wp-json\/wp\/v2\/media?parent=4649"}],"wp:term":[{"taxonomy":"product_brand","embeddable":true,"href":"https:\/\/antcube.shop\/pt\/wp-json\/wp\/v2\/product_brand?post=4649"},{"taxonomy":"product_cat","embeddable":true,"href":"https:\/\/antcube.shop\/pt\/wp-json\/wp\/v2\/product_cat?post=4649"},{"taxonomy":"product_tag","embeddable":true,"href":"https:\/\/antcube.shop\/pt\/wp-json\/wp\/v2\/product_tag?post=4649"}],"curies":[{"name":"wp","href":"https:\/\/api.w.org\/{rel}","templated":true}]}}