{"id":4648,"date":"2022-11-14T14:33:14","date_gmt":"2022-11-14T13:33:14","guid":{"rendered":"https:\/\/antcube.shop\/produkt\/himbeerblatter-100g-getrocknet\/"},"modified":"2026-04-08T08:47:44","modified_gmt":"2026-04-08T06:47:44","slug":"folhas-de-framboesa-100g-secas","status":"publish","type":"product","link":"https:\/\/antcube.shop\/pt\/produto\/folhas-de-framboesa-100g-secas\/","title":{"rendered":"Folhas de framboesa 100g - secas"},"content":{"rendered":"<p><strong>Conte\u00fado:<\/strong><br \/>\n100 g de folhas de framboesa secas<\/p>\n<p><strong>Descri\u00e7\u00e3o:<\/strong><br \/>\nAs folhas de framboesa s\u00e3o um terreno f\u00e9rtil para as esp\u00e9cies de formigas que desenvolvem fungos. Trata-se de um produto puramente natural.<\/p>\n<p><strong>Uso:<\/strong><br \/>\nFolhas de framboesa = para esp\u00e9cies de formigas criadoras de fungos.<br \/>\nAs folhas secas servem apenas de terreno f\u00e9rtil para os fungos das formigas cortadeiras (\u00e9 aconselh\u00e1vel oferecer simultaneamente l\u00edquidos a\u00e7ucarados para substituir os sucos vegetais em falta). Basta colocar as folhas a alimentar num compartimento para alimentos secos. No entanto, os animais preferem as folhas frescas. As folhas secas s\u00e3o, portanto, mais adequadas para os per\u00edodos de transi\u00e7\u00e3o em que n\u00e3o se pode oferecer nenhum alimento.<\/p>\n<p><strong>Armazenamento:<\/strong><br \/>\nEm ambiente seco<\/p>\n<p><strong>Cont\u00e9m:<\/strong><br \/>\n100% folhas de framboesa secas<\/p>","protected":false},"excerpt":{"rendered":"<p>Alimentos suplementares<\/p>","protected":false},"featured_media":5115,"comment_status":"open","ping_status":"closed","template":"","meta":{"_acf_changed":false,"content-type":"","_monsterinsights_skip_tracking":false,"_monsterinsights_sitenote_active":false,"_monsterinsights_sitenote_note":"","_monsterinsights_sitenote_category":0},"product_brand":[],"product_cat":[115,116],"product_tag":[],"class_list":{"0":"post-4648","1":"product","2":"type-product","3":"status-publish","4":"has-post-thumbnail","6":"product_cat-food-and-feeding","7":"product_cat-food","9":"first","10":"instock","11":"taxable","12":"shipping-taxable","13":"purchasable","14":"product-type-simple"},"acf":[],"aioseo_notices":[],"jetpack_sharing_enabled":true,"_links":{"self":[{"href":"https:\/\/antcube.shop\/pt\/wp-json\/wp\/v2\/product\/4648","targetHints":{"allow":["GET"]}}],"collection":[{"href":"https:\/\/antcube.shop\/pt\/wp-json\/wp\/v2\/product"}],"about":[{"href":"https:\/\/antcube.shop\/pt\/wp-json\/wp\/v2\/types\/product"}],"replies":[{"embeddable":true,"href":"https:\/\/antcube.shop\/pt\/wp-json\/wp\/v2\/comments?post=4648"}],"wp:featuredmedia":[{"embeddable":true,"href":"https:\/\/antcube.shop\/pt\/wp-json\/wp\/v2\/media\/5115"}],"wp:attachment":[{"href":"https:\/\/antcube.shop\/pt\/wp-json\/wp\/v2\/media?parent=4648"}],"wp:term":[{"taxonomy":"product_brand","embeddable":true,"href":"https:\/\/antcube.shop\/pt\/wp-json\/wp\/v2\/product_brand?post=4648"},{"taxonomy":"product_cat","embeddable":true,"href":"https:\/\/antcube.shop\/pt\/wp-json\/wp\/v2\/product_cat?post=4648"},{"taxonomy":"product_tag","embeddable":true,"href":"https:\/\/antcube.shop\/pt\/wp-json\/wp\/v2\/product_tag?post=4648"}],"curies":[{"name":"wp","href":"https:\/\/api.w.org\/{rel}","templated":true}]}}