{"id":4647,"date":"2022-11-14T14:32:59","date_gmt":"2022-11-14T13:32:59","guid":{"rendered":"https:\/\/antcube.shop\/produkt\/jelly-food-weises-protein-16g\/"},"modified":"2025-10-19T14:34:34","modified_gmt":"2025-10-19T12:34:34","slug":"gelatina-alimento-branco-proteina-16g","status":"publish","type":"product","link":"https:\/\/antcube.shop\/pt\/produto\/gelatina-alimento-branco-proteina-16g\/","title":{"rendered":"Prote\u00edna branca de geleia alimentar 16g"},"content":{"rendered":"<p><strong>Quantidade:<\/strong> 16g<\/p>\n<p><strong>Ingredientes:<\/strong><br \/>\nComposi\u00e7\u00e3o: \u00e1gua, xarope de frutose, a\u00e7\u00facar<br \/>\nComponentes anal\u00edticos: Humidade 65%<\/p>\n<p><strong>Uso:<\/strong><br \/>\nPara esp\u00e9cies de formigas comedoras de fruta.<br \/>\nAlimentos compostos para animais como alimentos suplementares<br \/>\nDeve ser oferecido 2-3 vezes por semana a esp\u00e9cies de formigas comedoras de frutos.<br \/>\nPode ser oferecido aos animais no estado em que \u00e9 entregue. \u00c0 temperatura ambiente, a geleia pode moldar-se rapidamente. Por conseguinte, a comida deve ser substitu\u00edda pelo menos de 3 em 3 dias. Limpar cuidadosamente a tigela dos alimentos antes da sua reutiliza\u00e7\u00e3o.<\/p>\n<p><strong>Vida de prateleira:<\/strong><br \/>\nQuando fechada, a geleia tem um prazo de validade de pelo menos 1 ano (ver melhor antes da data na embalagem); quando aberta, deve ser armazenada no frigor\u00edfico e utilizada no prazo de 5-7 dias. Tamb\u00e9m pode congel\u00e1-la no congelador e descongelar pequenas quantidades, conforme necess\u00e1rio.<\/p>\n<p><strong>Aviso:<\/strong><br \/>\nConsultar o folheto informativo para composi\u00e7\u00e3o, constituintes anal\u00edticos, n\u00famero de identifica\u00e7\u00e3o do lote e data de validade (BBD).<\/p>\n<p>Linha directa de informa\u00e7\u00e3o (fax): +49 2065-67290<\/p>\n<p>Inspec\u00e7\u00e3o veterin\u00e1ria e alimentar respons\u00e1vel:<br \/>\nVeterin\u00e1rio oficial \/ perito veterin\u00e1rio.<br \/>\nNo Schnabelhuck 6<br \/>\n47049 Duisburg<\/p>","protected":false},"excerpt":{"rendered":"<p>Alimentos suplementares<\/p>","protected":false},"featured_media":5081,"comment_status":"open","ping_status":"closed","template":"","meta":{"_acf_changed":false,"content-type":"","_monsterinsights_skip_tracking":false,"_monsterinsights_sitenote_active":false,"_monsterinsights_sitenote_note":"","_monsterinsights_sitenote_category":0},"product_brand":[],"product_cat":[115,116],"product_tag":[],"class_list":{"0":"post-4647","1":"product","2":"type-product","3":"status-publish","4":"has-post-thumbnail","6":"product_cat-food-and-feeding","7":"product_cat-food","9":"first","10":"outofstock","11":"taxable","12":"shipping-taxable","13":"purchasable","14":"product-type-simple"},"acf":[],"aioseo_notices":[],"jetpack_sharing_enabled":true,"_links":{"self":[{"href":"https:\/\/antcube.shop\/pt\/wp-json\/wp\/v2\/product\/4647","targetHints":{"allow":["GET"]}}],"collection":[{"href":"https:\/\/antcube.shop\/pt\/wp-json\/wp\/v2\/product"}],"about":[{"href":"https:\/\/antcube.shop\/pt\/wp-json\/wp\/v2\/types\/product"}],"replies":[{"embeddable":true,"href":"https:\/\/antcube.shop\/pt\/wp-json\/wp\/v2\/comments?post=4647"}],"wp:featuredmedia":[{"embeddable":true,"href":"https:\/\/antcube.shop\/pt\/wp-json\/wp\/v2\/media\/5081"}],"wp:attachment":[{"href":"https:\/\/antcube.shop\/pt\/wp-json\/wp\/v2\/media?parent=4647"}],"wp:term":[{"taxonomy":"product_brand","embeddable":true,"href":"https:\/\/antcube.shop\/pt\/wp-json\/wp\/v2\/product_brand?post=4647"},{"taxonomy":"product_cat","embeddable":true,"href":"https:\/\/antcube.shop\/pt\/wp-json\/wp\/v2\/product_cat?post=4647"},{"taxonomy":"product_tag","embeddable":true,"href":"https:\/\/antcube.shop\/pt\/wp-json\/wp\/v2\/product_tag?post=4647"}],"curies":[{"name":"wp","href":"https:\/\/api.w.org\/{rel}","templated":true}]}}