{"id":4638,"date":"2022-11-14T14:30:39","date_gmt":"2022-11-14T13:30:39","guid":{"rendered":"https:\/\/antcube.shop\/produkt\/durchgangsschieber-m\/"},"modified":"2026-04-01T13:28:12","modified_gmt":"2026-04-01T11:28:12","slug":"valvula-de-passagem-m","status":"publish","type":"product","link":"https:\/\/antcube.shop\/pt\/produto\/valvula-de-passagem-m\/","title":{"rendered":"Atrav\u00e9s de v\u00e1lvula de porta - M"},"content":{"rendered":"<p><strong>Dimens\u00f5es:<\/strong> 78 x 17 x 53 mm para tubos de 14\/10 mm ou tamanho de formigueiro M<\/p>\n<p><strong>Material:<\/strong> PMMA<\/p>\n<p><strong>Cores:<\/strong> transparente, cinzento<\/p>\n<p><strong>Conte\u00fado:<\/strong> 1x cursor de passagem<\/p>\n<p><strong>Descri\u00e7\u00e3o:<\/strong> O cursor de passagem fecha ou abre a passagem das formigas num tubo ou entre dois formic\u00e1rios.<br \/>\n\u00c9 transparente, pelo que se pode verificar se h\u00e1 formigas no meio quando se \"fecha\". A v\u00e1lvula de gaveta \u00e9 tamb\u00e9m utilizada para controlar e regular o fluxo de formigas em tubos.<\/p>\n<p><strong>Nota sobre a aplica\u00e7\u00e3o<\/strong><br \/>\nDevido \u00e0 constru\u00e7\u00e3o em filigrana, deve ter-se em aten\u00e7\u00e3o o seguinte ao ligar ou desligar as mangueiras:<br \/>\nSe a tubagem for muito dif\u00edcil de caber na bucha do conector, a bucha deve ser ligeiramente esfregada com uma gota do nosso \u00f3leo ou p\u00f3 de protec\u00e7\u00e3o contra a fuga. A mangueira deve ent\u00e3o ser empurrada para o casquilho atrav\u00e9s de movimentos de tor\u00e7\u00e3o ou de aparafusamento, sem stressar o casquilho com movimentos para cima e para baixo. O mesmo se aplica ao remover as mangueiras da bucha de liga\u00e7\u00e3o. Por favor, n\u00e3o se deve simplesmente puxar!<\/p>\n<p><strong>Informa\u00e7\u00f5es actualizadas:<\/strong><br \/>\n15.12.2020 Melhoria do produto: As hastes foram refor\u00e7adas em 3 mm.<\/p>","protected":false},"excerpt":{"rendered":"<p>Dimens\u00f5es: 78 x 17 x 53 mm para tubos de 14\/10 mm ou tamanho M de formigueiro Material: PMMA Cores: transparente, cinzento Conte\u00fado: 1x cursor de passagem Descri\u00e7\u00e3o: O cursor de passagem fecha ou abre a passagem das formigas num tubo ou entre dois formic\u00e1rios. \u00c9 transparente, pelo que se pode verificar se h\u00e1 formigas no meio","protected":false},"featured_media":5172,"comment_status":"open","ping_status":"closed","template":"","meta":{"_acf_changed":false,"content-type":"","_monsterinsights_skip_tracking":false,"_monsterinsights_sitenote_active":false,"_monsterinsights_sitenote_note":"","_monsterinsights_sitenote_category":0},"product_brand":[],"product_cat":[121],"product_tag":[],"class_list":{"0":"post-4638","1":"product","2":"type-product","3":"status-publish","4":"has-post-thumbnail","6":"product_cat-connectors","8":"first","9":"instock","10":"taxable","11":"shipping-taxable","12":"purchasable","13":"product-type-simple"},"acf":[],"aioseo_notices":[],"jetpack_sharing_enabled":true,"_links":{"self":[{"href":"https:\/\/antcube.shop\/pt\/wp-json\/wp\/v2\/product\/4638","targetHints":{"allow":["GET"]}}],"collection":[{"href":"https:\/\/antcube.shop\/pt\/wp-json\/wp\/v2\/product"}],"about":[{"href":"https:\/\/antcube.shop\/pt\/wp-json\/wp\/v2\/types\/product"}],"replies":[{"embeddable":true,"href":"https:\/\/antcube.shop\/pt\/wp-json\/wp\/v2\/comments?post=4638"}],"wp:featuredmedia":[{"embeddable":true,"href":"https:\/\/antcube.shop\/pt\/wp-json\/wp\/v2\/media\/5172"}],"wp:attachment":[{"href":"https:\/\/antcube.shop\/pt\/wp-json\/wp\/v2\/media?parent=4638"}],"wp:term":[{"taxonomy":"product_brand","embeddable":true,"href":"https:\/\/antcube.shop\/pt\/wp-json\/wp\/v2\/product_brand?post=4638"},{"taxonomy":"product_cat","embeddable":true,"href":"https:\/\/antcube.shop\/pt\/wp-json\/wp\/v2\/product_cat?post=4638"},{"taxonomy":"product_tag","embeddable":true,"href":"https:\/\/antcube.shop\/pt\/wp-json\/wp\/v2\/product_tag?post=4638"}],"curies":[{"name":"wp","href":"https:\/\/api.w.org\/{rel}","templated":true}]}}