{"id":4636,"date":"2022-11-14T14:30:07","date_gmt":"2022-11-14T13:30:07","guid":{"rendered":"https:\/\/antcube.shop\/produkt\/adapterkappe-16mm-zu-10mm\/"},"modified":"2026-04-07T09:38:17","modified_gmt":"2026-04-07T07:38:17","slug":"adaptadorkappe-16mm-zu-10mm","status":"publish","type":"product","link":"https:\/\/antcube.shop\/pt\/produto\/adaptadorkappe-16mm-zu-10mm\/","title":{"rendered":"Tampa do adaptador 16mm a 10mm"},"content":{"rendered":"<div class=\"tab-body active\">\n<p><strong>Quantidade:<\/strong> 1 pe\u00e7a<\/p>\n<p><strong>Dimens\u00f5es:<\/strong> 20 x 15mm<\/p>\n<p><strong>Material:<\/strong> pl\u00e1stico PE<\/p>\n<p><strong>Cor:<\/strong> transparente, leitoso<\/p>\n<p><strong>Descri\u00e7\u00e3o:<\/strong> Como um adaptador para a liga\u00e7\u00e3o da mangueira da piscina 27mm - 14,16,20mm - esp\u00e1tula (Art. 1001694), para que tamb\u00e9m a mangueira 10\/06mm (Art. 1001273) para as S-Farmes possa ser ligada.<\/p>\n<\/div>","protected":false},"excerpt":{"rendered":"<p>Quantidade: 1 pe\u00e7a Dimens\u00f5es: 20 x 15mm Material: Pl\u00e1stico PE Cor: transparente, leitoso Descri\u00e7\u00e3o: Como um adaptador para a liga\u00e7\u00e3o da mangueira da piscina 27mm - 14,16,20mm - transparente (Art. 1001694), para que tamb\u00e9m a mangueira 10\/06mm (Art. 1001273) para as S-Farmes possa ser ligada.<\/p>","protected":false},"featured_media":5112,"comment_status":"open","ping_status":"closed","template":"","meta":{"_acf_changed":false,"content-type":"","_monsterinsights_skip_tracking":false,"_monsterinsights_sitenote_active":false,"_monsterinsights_sitenote_note":"","_monsterinsights_sitenote_category":0},"product_brand":[],"product_cat":[121],"product_tag":[],"class_list":{"0":"post-4636","1":"product","2":"type-product","3":"status-publish","4":"has-post-thumbnail","6":"product_cat-connectors","8":"first","9":"instock","10":"taxable","11":"shipping-taxable","12":"purchasable","13":"product-type-simple"},"acf":[],"aioseo_notices":[],"jetpack_sharing_enabled":true,"_links":{"self":[{"href":"https:\/\/antcube.shop\/pt\/wp-json\/wp\/v2\/product\/4636","targetHints":{"allow":["GET"]}}],"collection":[{"href":"https:\/\/antcube.shop\/pt\/wp-json\/wp\/v2\/product"}],"about":[{"href":"https:\/\/antcube.shop\/pt\/wp-json\/wp\/v2\/types\/product"}],"replies":[{"embeddable":true,"href":"https:\/\/antcube.shop\/pt\/wp-json\/wp\/v2\/comments?post=4636"}],"wp:featuredmedia":[{"embeddable":true,"href":"https:\/\/antcube.shop\/pt\/wp-json\/wp\/v2\/media\/5112"}],"wp:attachment":[{"href":"https:\/\/antcube.shop\/pt\/wp-json\/wp\/v2\/media?parent=4636"}],"wp:term":[{"taxonomy":"product_brand","embeddable":true,"href":"https:\/\/antcube.shop\/pt\/wp-json\/wp\/v2\/product_brand?post=4636"},{"taxonomy":"product_cat","embeddable":true,"href":"https:\/\/antcube.shop\/pt\/wp-json\/wp\/v2\/product_cat?post=4636"},{"taxonomy":"product_tag","embeddable":true,"href":"https:\/\/antcube.shop\/pt\/wp-json\/wp\/v2\/product_tag?post=4636"}],"curies":[{"name":"wp","href":"https:\/\/api.w.org\/{rel}","templated":true}]}}