{"id":4630,"date":"2022-11-14T14:28:33","date_gmt":"2022-11-14T13:28:33","guid":{"rendered":"https:\/\/antcube.shop\/produkt\/ameisenarena-rahmen-40x20\/"},"modified":"2026-04-05T19:45:30","modified_gmt":"2026-04-05T17:45:30","slug":"ameisenarena-rahmen-40x20","status":"publish","type":"product","link":"https:\/\/antcube.shop\/pt\/produto\/ameisenarena-rahmen-40x20\/","title":{"rendered":"Arma\u00e7\u00e3o de arena de formiga 40\u00d720"},"content":{"rendered":"<p><strong>Dimens\u00f5es (CxLxA):<\/strong> 40x20x0,4 cm<\/p>\n<p><strong>Material:<\/strong> vidro flotado<\/p>\n<p><strong>Cor:<\/strong> cristalino \/ transparente<\/p>\n<p><strong>Conte\u00fado:<\/strong><br \/>\n1x arma\u00e7\u00e3o de arena de formigas<\/p>\n<p><strong>Descri\u00e7\u00e3o:<\/strong><br \/>\nArma\u00e7\u00e3o feita de vidro para a arena das formigas como protec\u00e7\u00e3o contra a fuga.<\/p>\n<p><strong>Aplica\u00e7\u00e3o:<\/strong><br \/>\nA arma\u00e7\u00e3o da arena de formigas \u00e9 uma arma\u00e7\u00e3o feita de vidro, que \u00e9 colocada sobre uma arena de formigas e \u00e9 dotada de uma protec\u00e7\u00e3o anti-quebra (\u00f3leo, p\u00f3 ou verniz) do lado inferior, impedindo assim a sa\u00edda de formigas.<\/p>\n<p><strong>Aviso:<\/strong><br \/>\nUma vez que o artigo \u00e9 feito de vidro e \u00e9, portanto, sens\u00edvel, deve ser manuseado com muito cuidado. O vidro \u00e9 cortado de acordo com a DIN 1249 com uma toler\u00e2ncia de +\/- 1mm. Para esp\u00e9cies de formigas extremamente pequenas, \u00e9 essencial uma protec\u00e7\u00e3o adicional contra a quebra.<\/p>\n<p>&nbsp;<\/p>\n<p>&nbsp;<\/p>","protected":false},"excerpt":{"rendered":"<p>Dimens\u00f5es (CxLxA): 30x30x0,4 cm Material: vidro flutuante Cor: cristalino \/ transparente Conte\u00fado 1x moldura de arena de formigas Descri\u00e7\u00e3o: Moldura feita de vidro para a arena de formigas como protec\u00e7\u00e3o contra a fuga. Aplica\u00e7\u00e3o: A arma\u00e7\u00e3o da arena de formigas \u00e9 uma arma\u00e7\u00e3o feita de vidro, que \u00e9 colocada sobre uma arena de formigas e \u00e9 fornecida com uma protec\u00e7\u00e3o anti-quebramento","protected":false},"featured_media":5119,"comment_status":"open","ping_status":"closed","template":"","meta":{"_acf_changed":false,"content-type":"","_monsterinsights_skip_tracking":false,"_monsterinsights_sitenote_active":false,"_monsterinsights_sitenote_note":"","_monsterinsights_sitenote_category":0},"product_brand":[],"product_cat":[119,239,91,93],"product_tag":[],"class_list":{"0":"post-4630","1":"product","2":"type-product","3":"status-publish","4":"has-post-thumbnail","6":"product_cat-formicarium-components","7":"product_cat-useful-additions","8":"product_cat-formicarium-modules","9":"product_cat-arena-frame","11":"first","12":"instock","13":"taxable","14":"shipping-taxable","15":"purchasable","16":"product-type-simple"},"acf":[],"aioseo_notices":[],"jetpack_sharing_enabled":true,"_links":{"self":[{"href":"https:\/\/antcube.shop\/pt\/wp-json\/wp\/v2\/product\/4630","targetHints":{"allow":["GET"]}}],"collection":[{"href":"https:\/\/antcube.shop\/pt\/wp-json\/wp\/v2\/product"}],"about":[{"href":"https:\/\/antcube.shop\/pt\/wp-json\/wp\/v2\/types\/product"}],"replies":[{"embeddable":true,"href":"https:\/\/antcube.shop\/pt\/wp-json\/wp\/v2\/comments?post=4630"}],"wp:featuredmedia":[{"embeddable":true,"href":"https:\/\/antcube.shop\/pt\/wp-json\/wp\/v2\/media\/5119"}],"wp:attachment":[{"href":"https:\/\/antcube.shop\/pt\/wp-json\/wp\/v2\/media?parent=4630"}],"wp:term":[{"taxonomy":"product_brand","embeddable":true,"href":"https:\/\/antcube.shop\/pt\/wp-json\/wp\/v2\/product_brand?post=4630"},{"taxonomy":"product_cat","embeddable":true,"href":"https:\/\/antcube.shop\/pt\/wp-json\/wp\/v2\/product_cat?post=4630"},{"taxonomy":"product_tag","embeddable":true,"href":"https:\/\/antcube.shop\/pt\/wp-json\/wp\/v2\/product_tag?post=4630"}],"curies":[{"name":"wp","href":"https:\/\/api.w.org\/{rel}","templated":true}]}}