{"id":4629,"date":"2022-11-14T14:28:18","date_gmt":"2022-11-14T13:28:18","guid":{"rendered":"https:\/\/antcube.shop\/produkt\/antcube-ameisenfarm-l-30x30-wand\/"},"modified":"2026-03-23T17:45:00","modified_gmt":"2026-03-23T16:45:00","slug":"antcube-ameisenfarm-l-30x30-wand","status":"publish","type":"product","link":"https:\/\/antcube.shop\/pt\/produto\/antcube-ameisenfarm-l-30x30-wand\/","title":{"rendered":"ANTCUBE - fazenda de formigas - L - 30\u00d730 - parede"},"content":{"rendered":"<p><strong>Fora:<\/strong> 32,5 x 32,5 cm \/ Interior: 29,2 x 29,2 cm<\/p>\n<p><strong>Material:<\/strong><br \/>\nVidro flutuante, madeira, PMMA<\/p>\n<p><strong>Cor:<\/strong><br \/>\ncristalino, branco<\/p>\n<p><strong>Conte\u00fado:<\/strong><br \/>\n1x Fazenda de formigas com espa\u00e7amento de placa de 20mm com montagem na parede.<br \/>\n1x capa<br \/>\n1x moldura de madeira pintada de branco com fecho magn\u00e9tico<br \/>\n2x barras espa\u00e7adoras para inser\u00e7\u00e3o de ninhos<br \/>\n6x parafusos e cavilhas (para parede de madeira \/ pedra)<\/p>\n<p><strong>liga\u00e7\u00e3o:<\/strong><br \/>\nTomada 2x 14\/16\/18\/20 x 20mm<\/p>\n<p>A mangueira de 14\/10 \u00e9 inserida na tomada de 14 mm com um ajuste apertado<br \/>\nA mangueira 20\/16 est\u00e1 bem encaixada no primeiro degrau de 16mm<\/p>\n<p><strong>Descri\u00e7\u00e3o:<\/strong><br \/>\nEstas quintas de formigas s\u00e3o concebidas para montagem em paredes e podem ser facilmente montadas em paredes de madeira e pedra.<br \/>\nA moldura \u00e9 feita de madeira natural real, com um acabamento de pintura branca num desenho moderno e intemporal.<br \/>\nEsta moldura pode ser removida para abrir a quinta e pode ser recolocada na quinta atrav\u00e9s de um suporte magn\u00e9tico.<\/p>\n<p><strong>Instru\u00e7\u00f5es de montagem:<\/strong><br \/>\nPara fixar as 6 cavilhas \"S6\" na parede, \u00e9 necess\u00e1ria uma broca com uma broca de 6mm (madeira ou pedra, dependendo do material).<br \/>\nFuros com 40mm de profundidade devem ser perfurados na parede para rebaixar os pinos com os parafusos 4x30mm.<\/p>\n<p><strong>Notas sobre a produ\u00e7\u00e3o<\/strong><br \/>\nO vidro \u00e9 cortado de acordo com DIN 1249 com uma toler\u00e2ncia de +\/- 1mm. Para esp\u00e9cies de formigas extremamente pequenas \u00e9 essencial uma protec\u00e7\u00e3o adicional contra fugas.<\/p>\n<p><strong>Nota sobre a fazenda<\/strong><br \/>\nAo anexar ou remover mangueiras, por favor note o seguinte:<br \/>\nSe a tubagem for muito dif\u00edcil de encaixar na bucha do conector, a bucha deve ser ligeiramente esfregada com uma gota do nosso \u00f3leo ou p\u00f3 de protec\u00e7\u00e3o contra a fuga. A mangueira deve ent\u00e3o ser empurrada sobre a bucha atrav\u00e9s de movimentos de tor\u00e7\u00e3o ou de aparafusamento, sem tensionar a bucha com movimentos para cima e para baixo. O mesmo se aplica ao remover as mangueiras da bucha de conex\u00e3o da fazenda. Por favor, n\u00e3o se limite a puxar!<\/p>","protected":false},"excerpt":{"rendered":"<p><strong>Conex\u00e3o:<\/strong> tomada 2x 14\/16 x 20mm; <strong>espa\u00e7amento entre placas:<\/strong> dentro de 20mm<br \/>\n<strong>Tamanho:<\/strong> <span style=\"color: #0000ff;\"><strong>L<\/strong> <\/span><\/p>","protected":false},"featured_media":5188,"comment_status":"open","ping_status":"closed","template":"","meta":{"_acf_changed":false,"content-type":"","_monsterinsights_skip_tracking":false,"_monsterinsights_sitenote_active":false,"_monsterinsights_sitenote_note":"","_monsterinsights_sitenote_category":0},"product_brand":[],"product_cat":[80,83],"product_tag":[],"class_list":{"0":"post-4629","1":"product","2":"type-product","3":"status-publish","4":"has-post-thumbnail","6":"product_cat-antfarms","7":"product_cat-antfarms-l","9":"first","10":"instock","11":"taxable","12":"shipping-taxable","13":"purchasable","14":"product-type-simple"},"acf":[],"aioseo_notices":[],"jetpack_sharing_enabled":true,"_links":{"self":[{"href":"https:\/\/antcube.shop\/pt\/wp-json\/wp\/v2\/product\/4629","targetHints":{"allow":["GET"]}}],"collection":[{"href":"https:\/\/antcube.shop\/pt\/wp-json\/wp\/v2\/product"}],"about":[{"href":"https:\/\/antcube.shop\/pt\/wp-json\/wp\/v2\/types\/product"}],"replies":[{"embeddable":true,"href":"https:\/\/antcube.shop\/pt\/wp-json\/wp\/v2\/comments?post=4629"}],"wp:featuredmedia":[{"embeddable":true,"href":"https:\/\/antcube.shop\/pt\/wp-json\/wp\/v2\/media\/5188"}],"wp:attachment":[{"href":"https:\/\/antcube.shop\/pt\/wp-json\/wp\/v2\/media?parent=4629"}],"wp:term":[{"taxonomy":"product_brand","embeddable":true,"href":"https:\/\/antcube.shop\/pt\/wp-json\/wp\/v2\/product_brand?post=4629"},{"taxonomy":"product_cat","embeddable":true,"href":"https:\/\/antcube.shop\/pt\/wp-json\/wp\/v2\/product_cat?post=4629"},{"taxonomy":"product_tag","embeddable":true,"href":"https:\/\/antcube.shop\/pt\/wp-json\/wp\/v2\/product_tag?post=4629"}],"curies":[{"name":"wp","href":"https:\/\/api.w.org\/{rel}","templated":true}]}}