{"id":4627,"date":"2022-11-14T14:27:46","date_gmt":"2022-11-14T13:27:46","guid":{"rendered":"https:\/\/antcube.shop\/produkt\/antcube-ameisenfarm-l-30x30-stehend\/"},"modified":"2026-04-04T19:29:23","modified_gmt":"2026-04-04T17:29:23","slug":"antcube-ant-farm-l-30x30-standing","status":"publish","type":"product","link":"https:\/\/antcube.shop\/pt\/produto\/antcube-ant-farm-l-30x30-standing\/","title":{"rendered":"ANTCUBE - quinta de formigas - L - 30\u00d730 - em p\u00e9"},"content":{"rendered":"<p><strong>Dimens\u00f5es (CxLxA):\u00a0<\/strong><br \/>\n330x60x300 mm<\/p>\n<p><strong>Material:<\/strong><br \/>\nVidro flutuante, pl\u00e1stico<\/p>\n<p><strong>Cor:<\/strong><br \/>\nabsolutamente claro<\/p>\n<p><strong>Conte\u00fado:<\/strong><br \/>\n1x Fazenda de formigas ANTCUBE - espa\u00e7amento entre placas de 20mm.<br \/>\n1x cobertura da quinta das formigas L 30\u00d73<br \/>\n2x ficha 4mm<\/p>\n<p><strong>liga\u00e7\u00e3o:<\/strong><br \/>\nTomada 2x 14\/16\/18\/20 x 20mm<br \/>\n2x furos de 4mm com tamp\u00f5es de 4mm<\/p>\n<p>A mangueira de 14\/10 \u00e9 inserida na tomada de 14 mm com um ajuste apertado<br \/>\n20\/16-tubo \u00e9 fixado na primeira etapa de 16mm<br \/>\nA tubagem 22\/18 est\u00e1 bem ajustada no segundo degrau de 20mm<br \/>\nA mangueira 24\/20 \u00e9 colocada livremente na segunda etapa de 20 mm<\/p>\n<p><strong>Descri\u00e7\u00e3o:<\/strong><br \/>\nEsta fazenda de formigas totalmente transparente \u00e9 adequada para esp\u00e9cies de formigas tamanho M.<\/p>\n<p><strong>Notas sobre a produ\u00e7\u00e3o<\/strong><br \/>\nO vidro \u00e9 cortado de acordo com DIN 1249 com uma toler\u00e2ncia de +\/- 1mm. Para esp\u00e9cies de formigas extremamente pequenas \u00e9 essencial uma protec\u00e7\u00e3o adicional contra fugas.<\/p>\n<p><strong>Nota sobre a fazenda<\/strong><br \/>\nAo anexar ou remover mangueiras, por favor note o seguinte:<br \/>\nSe a tubagem for muito dif\u00edcil de encaixar na bucha do conector, a bucha deve ser ligeiramente esfregada com uma gota do nosso \u00f3leo ou p\u00f3 de protec\u00e7\u00e3o contra a fuga. A mangueira deve ent\u00e3o ser empurrada sobre a bucha atrav\u00e9s de movimentos de tor\u00e7\u00e3o ou de aparafusamento, sem tensionar a bucha com movimentos para cima e para baixo. O mesmo se aplica ao remover as mangueiras da bucha de conex\u00e3o da fazenda. Por favor, n\u00e3o se limite a puxar!<\/p>","protected":false},"excerpt":{"rendered":"<p><strong>Conex\u00e3o:<\/strong> Tomada 2x 14\/16\/18\/18\/20 mm + tampa <strong>Espa\u00e7amento das placas:<\/strong> Interior 20 mm \/ Exterior 28 mm<br \/>\n<strong>Tamanho:<\/strong> <strong><span style=\"color: #0000ff;\">L<\/span><\/strong><\/p>","protected":false},"featured_media":5192,"comment_status":"open","ping_status":"closed","template":"","meta":{"_acf_changed":false,"content-type":"","_monsterinsights_skip_tracking":false,"_monsterinsights_sitenote_active":false,"_monsterinsights_sitenote_note":"","_monsterinsights_sitenote_category":0},"product_brand":[],"product_cat":[80,83],"product_tag":[],"class_list":{"0":"post-4627","1":"product","2":"type-product","3":"status-publish","4":"has-post-thumbnail","6":"product_cat-antfarms","7":"product_cat-antfarms-l","9":"first","10":"instock","11":"taxable","12":"shipping-taxable","13":"purchasable","14":"product-type-simple"},"acf":[],"aioseo_notices":[],"jetpack_sharing_enabled":true,"_links":{"self":[{"href":"https:\/\/antcube.shop\/pt\/wp-json\/wp\/v2\/product\/4627","targetHints":{"allow":["GET"]}}],"collection":[{"href":"https:\/\/antcube.shop\/pt\/wp-json\/wp\/v2\/product"}],"about":[{"href":"https:\/\/antcube.shop\/pt\/wp-json\/wp\/v2\/types\/product"}],"replies":[{"embeddable":true,"href":"https:\/\/antcube.shop\/pt\/wp-json\/wp\/v2\/comments?post=4627"}],"wp:featuredmedia":[{"embeddable":true,"href":"https:\/\/antcube.shop\/pt\/wp-json\/wp\/v2\/media\/5192"}],"wp:attachment":[{"href":"https:\/\/antcube.shop\/pt\/wp-json\/wp\/v2\/media?parent=4627"}],"wp:term":[{"taxonomy":"product_brand","embeddable":true,"href":"https:\/\/antcube.shop\/pt\/wp-json\/wp\/v2\/product_brand?post=4627"},{"taxonomy":"product_cat","embeddable":true,"href":"https:\/\/antcube.shop\/pt\/wp-json\/wp\/v2\/product_cat?post=4627"},{"taxonomy":"product_tag","embeddable":true,"href":"https:\/\/antcube.shop\/pt\/wp-json\/wp\/v2\/product_tag?post=4627"}],"curies":[{"name":"wp","href":"https:\/\/api.w.org\/{rel}","templated":true}]}}