{"id":4626,"date":"2022-11-14T14:27:28","date_gmt":"2022-11-14T13:27:28","guid":{"rendered":"https:\/\/antcube.shop\/produkt\/bundle-offer-starter-set-kork-camponotus-nicobarensis-cricket-jam\/"},"modified":"2026-04-07T17:20:16","modified_gmt":"2026-04-07T15:20:16","slug":"bundle-offer-starter-set-kork-camponotus-nicobarensis-cricket-jam","status":"publish","type":"product","link":"https:\/\/antcube.shop\/pt\/produto\/bundle-offer-starter-set-kork-camponotus-nicobarensis-cricket-jam\/","title":{"rendered":"Oferta de pacote - Camponotus nicobarensis"},"content":{"rendered":"<p><span data-text-color=\"secondary\"><strong>Oferta combinada com uma col\u00f3nia de formigas Camponotus nicobarensis (rainha + 5-10 oper\u00e1rias + cria), um kit inicial de corti\u00e7a, 2 almofadas para formic\u00e1rio, um pacote de recarga de mistura de melada de 10 ml e um frasco do nosso doce especial de grilo de 25 g (prote\u00edna h\u00famida).<\/strong><\/span><\/p>\n<p><span data-text-color=\"alert\"><strong>Apenas enquanto durarem os stocks.<\/strong><\/span><\/p>\n<p><strong>Tudo o que precisa para uma col\u00f3nia de formigas Camponotus nicobarensis<\/strong><br \/>\nEste pacote cont\u00e9m tudo o que \u00e9 necess\u00e1rio para que uma col\u00f3nia de Camponotus nicobarensis passe com sucesso os primeiros meses. \u00c9 flexivelmente expans\u00edvel e explicitamente adequado para principiantes na cria\u00e7\u00e3o de formigas.<\/p>\n<p><strong>Esp\u00e9cie de formiga Camponotus nicobarensis<\/strong><br \/>\nCamponotus nicobarensis \u00e9 uma esp\u00e9cie relativamente grande do g\u00e9nero Camponotus e, ao contr\u00e1rio de outras esp\u00e9cies de Camponotus, desenvolve-se muito rapidamente. Por isso, \u00e9 muito adequada para principiantes na cria\u00e7\u00e3o de formigas. Al\u00e9m disso, n\u00e3o precisa de hibernar e pode, portanto, ser facilmente observada em casa no inverno. Na natureza, vive nos semi-desertos e nas estepes do Sudeste Asi\u00e1tico, entre outros locais, mas tamb\u00e9m em regi\u00f5es mais h\u00famidas. Devido \u00e0 sua vasta \u00e1rea de distribui\u00e7\u00e3o, \u00e9 tolerante \u00e0 temperatura e \u00e0 humidade.<\/p>\n<p><strong>Comida para Camponotus nicobarensis<\/strong><br \/>\nO Camponotus nicobarensis alimenta-se de \u00e1gua mel\u00edfera e de pequenos insectos vivos ou mortos, mas tamb\u00e9m aceita facilmente frutos. O nosso alimento substituto de prote\u00ednas tamb\u00e9m pode ser dado como alternativa aos insectos. No entanto, as prote\u00ednas \"frescas\", como o nosso Cricket Jam, s\u00e3o melhores para o desenvolvimento da col\u00f3nia. Tamb\u00e9m deve ser fornecida \u00e1gua fresca.<\/p>\n<p><strong>Formicarium para Camponotus nicobarensis<\/strong><br \/>\nO Camponotus nicobarensis \u00e9 melhor mantido nos nossos Starter Sets L com ninho de corti\u00e7a. Os animais vivem em estado selvagem, normalmente em madeira podre, mas n\u00e3o se importam de utilizar qualquer forma de cavidade natural para construir o seu ninho. Os nossos ninhos de corti\u00e7a s\u00e3o mais adequados para serem mantidos num formic\u00e1rio devido \u00e0 sua semelhan\u00e7a com madeira podre.<\/p>\n<p><strong>Conte\u00fado:<\/strong><br \/>\n1x Camponotus nicobarensis (rainha + 5-10 oper\u00e1rias + ninhada)<\/p>\n<div>1x Cricket Jam 25g<\/div>\n<div>1x Honeydew Mix (HT) - embalagem de recarga 10ml<\/div>\n<div>1x Base de formic\u00e1rio - 20x20cm<\/div>\n<div>1x Base de formic\u00e1rio - 20x6cm<\/div>\n<div><\/div>\n<div>1x ANTCUBE - Arena 20x20x10 - plano<\/div>\n<div>1x arma\u00e7\u00e3o de arena de formigas 20\u00d720<\/div>\n<div>1x cobertura de arena de formigas 20\u00d720<\/div>\n<div>4x ponto de fixa\u00e7\u00e3o para cobertura de arena<\/div>\n<div>1x ANTCUBE - Ant farm - L - 20\u00d720 - vertical<\/div>\n<div><\/div>\n<div>1x ANTCUBE - ninho de corti\u00e7a 20\u00d720 - vertical<\/div>\n<div>1x mangueira de 0,5m transparente 20\/16 mm<\/div>\n<div>1x ANTCUBE - Folha vermelha 20\u00d720 - filtro<\/div>\n<div>1x clips adesivos - transparentes 2 pcs.<\/div>\n<div>1x substrato - argila arenosa bege - 1000g<\/div>\n<div><\/div>\n<div>2x Grid insert acrylic &#8211; 50 mm with sealing ring<\/div>\n<div>1x Grid insert acrylic &#8211; 27 mm with sealing ring<\/div>\n<div>1x Tampa da grelha - 16mm - a\u00e7o inoxid\u00e1vel<\/div>\n<div><\/div>\n<div>1x conetor para mangueira de dep\u00f3sito 27-14,16,20 mm - transparente<\/div>\n<div>1x Foil thermometer &#8211; farm<\/div>\n<div>1x Foil thermometer Display<\/div>\n<div>1x drinking clear 5ml &#8211; sponge<\/div>\n<div>1x Feeding dish white rectangle &#8211; 3 compartments<\/div>\n<div>1x Drinking trough 2ml &#8211; 360 Degrees<\/div>\n<div>1x \u00d3leo de prote\u00e7\u00e3o anti-formigas 10ml<\/div>\n<div>1x Pin\u00e7a a\u00e7o mola - larga - macia<\/div>\n<div>1x Pin\u00e7a de pl\u00e1stico transparente<\/div>\n<div>1 pipetas de pl\u00e1stico 3ml<\/div>\n<div>1x lupa de m\u00e3o - 2x - 30mm<\/div>\n<div>1x limpador de espuma 150x18x2,5mm<\/div>\n<p><strong>Descri\u00e7\u00e3o Conjunto de inicia\u00e7\u00e3o:<\/strong><br \/>\nEste conjunto inicial de corti\u00e7a, com corredores e c\u00e2maras pr\u00e9-fabricados, \u00e9 adequado para v\u00e1rias esp\u00e9cies de formigas, especialmente para as esp\u00e9cies que nidificam em madeira (morta).<\/p>\n<p>O \"ANTCUBE - Ninho de corti\u00e7a\" pode ser inserido no viveiro totalmente transparente. Em alternativa, tamb\u00e9m \u00e9 poss\u00edvel utilizar o substrato \"Sand-clay beige\" para encher o viveiro ou para fechar algumas das c\u00e2maras do ninho de corti\u00e7a. Se necess\u00e1rio, podem ser ligados m\u00f3dulos adicionais atrav\u00e9s dos orif\u00edcios de 50 mm na cobertura, por exemplo, os nebulizadores, ventiladores ou luzes dispon\u00edveis em separado. Em alternativa, est\u00e3o inclu\u00eddos no volume de fornecimento inser\u00e7\u00f5es de grelha adequadas e tamp\u00f5es de formic\u00e1rio para fechar as aberturas. Se desejado, o formic\u00e1rio tamb\u00e9m pode ser operado aberto, bastando colocar a estrutura amov\u00edvel no topo e aplicar \u00f3leo de prote\u00e7\u00e3o contra a fuga de formigas na borda.<\/p>\n<p><strong>Importante:<\/strong> Humede\u00e7a o substrato antes de o utilizar, para que a mistura possa aderir e desenvolver uma fixa\u00e7\u00e3o firme no formigueiro. Al\u00e9m disso, se o substrato estiver demasiado seco e poeirento, as vias respirat\u00f3rias das formigas podem ficar bloqueadas e, no pior dos casos, os animais podem sufocar.<\/p>\n<p><strong>Recomenda\u00e7\u00e3o:<\/strong> Recomendamos uma camada de substrato de 2 mm de altura para que os animais n\u00e3o consigam escavar na arena e utilizem a quinta fornecida para o efeito.<\/p>\n<p><strong>Notas sobre a produ\u00e7\u00e3o de vidro<\/strong><br \/>\nO vidro \u00e9 cortado \u00e0 medida, de acordo com a norma DIN 1249, com uma toler\u00e2ncia de +\/- 1 mm. Para esp\u00e9cies de formigas extremamente pequenas, \u00e9 essencial uma prote\u00e7\u00e3o adicional contra a fuga.<\/p>\n<p><strong>Notas sobre a fazenda<\/strong><br \/>\nO ninho s\u00f3 deve ser utilizado num formic\u00e1rio seco. Se o ninho for mantido permanentemente h\u00famido, o material pode ficar bolorento.<\/p>\n<p><strong>Ao anexar ou remover mangueiras, por favor note o seguinte:<\/strong><br \/>\nSe o tubo for muito dif\u00edcil de encaixar na tomada de liga\u00e7\u00e3o, a tomada deve ser ligeiramente esfregada com uma gota do nosso \u00f3leo ou p\u00f3 de prote\u00e7\u00e3o contra fugas. O tubo deve ent\u00e3o ser empurrado para a tomada com movimentos de tor\u00e7\u00e3o ou de aparafusamento, sem for\u00e7ar a tomada com movimentos para cima e para baixo. O mesmo se aplica \u00e0 remo\u00e7\u00e3o das mangueiras da tomada de liga\u00e7\u00e3o agr\u00edcola. Por favor, n\u00e3o a puxe simplesmente!<\/p>\n<p><strong>Instru\u00e7\u00f5es: <\/strong>(Vers\u00e3o 2023, a vers\u00e3o actualizada para 2024 estar\u00e1 dispon\u00edvel, o mais tardar, em 04\/2024)<br \/>\n<span data-sheets-root=\"1\" data-sheets-value=\"{&quot;1&quot;:2,&quot;2&quot;:&quot;DE Gebrauchsanweisung Starter Set Kork (PDF 3,80 MB)&quot;}\" data-sheets-userformat=\"{&quot;2&quot;:513,&quot;3&quot;:{&quot;1&quot;:0},&quot;12&quot;:0}\" data-sheets-hyperlink=\"https:\/\/www.antstore.net\/shop\/images\/info\/de\/Gebrauchsanweisung Starter Set Kork.pdf\" data-sheets-hyperlinkruns=\"{&quot;1&quot;:3,&quot;2&quot;:&quot;https:\/\/www.antstore.net\/shop\/images\/info\/de\/Gebrauchsanweisung Starter Set Kork.pdf&quot;}\uee10{&quot;1&quot;:38}\"><a class=\"in-cell-link\" href=\"https:\/\/www.antstore.net\/shop\/images\/info\/de\/Gebrauchsanweisung Starter Set Kork.pdf\" target=\"_blank\" rel=\"noopener\">- DE <\/a><a class=\"in-cell-link\" href=\"https:\/\/www.antstore.net\/shop\/images\/info\/de\/Gebrauchsanweisung Starter Set Kork.pdf\" target=\"_blank\" rel=\"noopener\">Gebrauchsanweisung Starter Set Kork<\/a><a class=\"in-cell-link\" href=\"https:\/\/www.antstore.net\/shop\/images\/info\/de\/Gebrauchsanweisung Starter Set Kork.pdf\" target=\"_blank\" rel=\"noopener\"> (PDF 3,80 MB)<\/a><\/span><br \/>\n<a href=\"https:\/\/www.antstore.net\/shop\/images\/info\/en\/Instructions%20for%20use%20-%20Starter%20Set%20Cork.pdf\">- PT Instru\u00e7\u00f5es de utiliza\u00e7\u00e3o - Starter Set Cork (PDF 3,79 MB)<\/a><br \/>\n<a href=\"https:\/\/www.antstore.net\/shop\/images\/info\/es\/Manual%20de%20instrucciones%20-%20Set%20de%20inicio%20de%20corcho.pdf\">- ES Manual de instru\u00e7\u00f5es - Set de inicio de corcho (PDF 3,79 MB)<\/a><br \/>\n<a href=\"https:\/\/www.antstore.net\/shop\/images\/info\/fr\/Manuel%20d'instruction%20-%20Kit%20de%20d%C3%A9marrage%20en%20li%C3%A8ge.pdf\">- FR Manuel d'instruction - Kit de d\u00e9marrage en li\u00e8ge (PDF 3,79 MB)<\/a><\/p>\n<p><strong>Notas sobre o Cricket Jam:<\/strong><br \/>\nOs nossos grilos escaldados s\u00e3o uma forma f\u00e1cil de fornecer \u00e0s suas formigas alimentos proteicos acabados de conservar sem ter de alimentar insectos vivos. Os grilos contidos (Acheta domesticus) foram suavemente branqueados para garantir que os valores nutricionais, o sabor e o aroma s\u00e3o mantidos. Al\u00e9m disso, a casca quitinosa dos insectos \u00e9 amolecida desta forma, para que possa ser digerida mais facilmente. As liga\u00e7\u00f5es das prote\u00ednas de colag\u00e9nio s\u00e3o quebradas para que as formigas as possam utilizar melhor. A Acheta domesticus enlatada tem o mesmo valor nutricional que os grilos vivos, mas \u00e9 mais f\u00e1cil de digerir.<\/p>\n<p>O Cricket Jam n\u00e3o \u00e9 adequado para ca\u00e7ar esp\u00e9cies de formigas que necessitam de alimento vivo (por exemplo, ponerinas (formigas grandes) como Harpegnathos ou Odontomachus)<\/p>\n<p><strong>Outras vantagens:<\/strong><br \/>\nGarantia de aus\u00eancia de \u00e1caros<br \/>\nPode ser doseado e dilu\u00eddo em \u00e1gua<br \/>\nEsterilizado e embalado em v\u00e1cuo<br \/>\nSem aditivos<br \/>\nGrilos de cria\u00e7\u00e3o sustent\u00e1vel puramente org\u00e2nica, alimentados com res\u00edduos org\u00e2nicos<\/p>\n<p><strong>Nota:<\/strong><br \/>\nPode ser conservado no frigor\u00edfico durante cerca de quatro dias ap\u00f3s a abertura. A dura\u00e7\u00e3o de conserva\u00e7\u00e3o \u00e9 mais longa se for congelado.<br \/>\n<strong>Aten\u00e7\u00e3o:<\/strong> Primeiro, porcionar, depois congelar.<\/p>\n<p><strong>Nota sobre o melado:<\/strong><br \/>\nConte\u00fado: 10 ml<br \/>\nEste \u00e9 um produto natural, que aperfei\u00e7o\u00e1mos ap\u00f3s extensos testes no nosso laborat\u00f3rio e desenvolvemos para ser um alimento muito bem aceite pelas formigas. A raz\u00e3o \u00e9 que o mel de melada n\u00e3o processado na sua forma original concentrada n\u00e3o \u00e9 bem aceite pelas formigas e o seu metabolismo.<br \/>\nO nosso melada foi recolhido nas florestas selvagens e n\u00e3o polu\u00eddas das montanhas da Bulg\u00e1ria. O melado s\u00f3 \u00e9 produzido durante um per\u00edodo muito limitado, cerca de dois meses no ver\u00e3o. Por conseguinte, \u00e9 muito raro. Devido \u00e0s caracter\u00edsticas espec\u00edficas do solo das florestas e do clima, os nutrientes essenciais s\u00e3o armazenados nas folhas das \u00e1rvores, que s\u00e3o absorvidos pelos pulg\u00f5es. \u00c9 isto que torna esta mistura de melada t\u00e3o apetec\u00edvel para as formigas.<\/p>\n<p><strong>Aplica\u00e7\u00e3o:<\/strong><br \/>\nA quantidade de alimentos deve ser consumida no prazo de cerca de 3 dias.<\/p>\n<p><strong>Descri\u00e7\u00e3o:<\/strong><br \/>\nA melada, ao contr\u00e1rio do mel das flores, \u00e9 obtida a partir das secre\u00e7\u00f5es de insectos que sugam as plantas, como os pulg\u00f5es. A melada \u00e9 uma fonte de alimenta\u00e7\u00e3o popular para muitos insectos, como as formigas, as abelhas e os zang\u00f5es. As abelhas e os zang\u00f5es lambem-no das folhas ou agulhas de v\u00e1rias \u00e1rvores. As formigas, como a Lasius niger, guardam literalmente os af\u00eddeos. Defendem-nos mesmo contra os predadores e transportam-nos para os rebentos frescos.<\/p>\n<p>O melado \u00e9 particularmente popular entre as formigas devido aos seus componentes algo diferentes. Os principais a\u00e7\u00facares do melado s\u00e3o a sacarose e a frutose, mas tamb\u00e9m se encontram pequenas quantidades de maltose, trealose, melezitose, rafinose e outros oligossac\u00e1ridos. Para al\u00e9m do a\u00e7\u00facar e da \u00e1gua, o melado cont\u00e9m tamb\u00e9m amino\u00e1cidos essenciais, minerais, oligoelementos, adenosinas, fosfatos e outros ingredientes como as vitaminas.<\/p>\n<p><strong>Utiliza\u00e7\u00e3o:<\/strong><br \/>\nPara esp\u00e9cies de formigas comedoras de mel (Meliphagidae)<br \/>\nTrata-se de um alimento complementar<br \/>\nPode ser oferecida aos animais como fornecida. Uma vez que a concentra\u00e7\u00e3o de a\u00e7\u00facar \u00e9 reduzida pela humidade e se inicia um processo de fermenta\u00e7\u00e3o, os alimentos deveriam ser substitu\u00eddos de 3 em 3 dias. Limpar bem o comedouro\/tubo antes de o voltar a utilizar.<br \/>\nDepois de aberta, a embalagem deve ser mantida bem fechada at\u00e9 ao fim do prazo de validade.<\/p>\n<p><strong>Informa\u00e7\u00e3o nutricional por 100 g:<\/strong><br \/>\naprox. 2,7 % gorduras<br \/>\ndos quais cerca de 0,45 % saturados<br \/>\ncerca de 95 hidratos de carbono %<br \/>\ndos quais cerca de 71<br \/>\naprox. 2.85% prote\u00edna<br \/>\nMinerais (pot\u00e1ssio, c\u00e1lcio, cobre, ferro, s\u00f3dio, magn\u00e9sio, f\u00f3sforo, zinco e outros oligoelementos) Amino\u00e1cidos (prolina, leucina, fenilalanina, alanina, histidina, isoleucina, \u00e1cido glut\u00e2mico, arginina, \u00e1cido asp\u00e1rtico, etc.) \u00c1cidos org\u00e2nicos Enzimas (fermentos)Aromas Inibidores (subst\u00e2ncias antibacterianas) Flores P\u00f3len<\/p>\n<p><strong>Armazenamento:<\/strong><br \/>\nPara garantir a qualidade dos alimentos para animais, estes devem ser armazenados num local escuro e seco.<\/p>\n<p><strong>Nota:<\/strong><br \/>\nAlimento suplementar para formigas comedoras de mel.<br \/>\nConsultar a bula para saber a composi\u00e7\u00e3o, os ingredientes anal\u00edticos, a data de validade e o n\u00famero do lote.<\/p>\n<p>Linha direta de informa\u00e7\u00f5es +49 30 439703870<\/p>\n<p>Inspec\u00e7\u00e3o veterin\u00e1ria e alimentar respons\u00e1vel:<br \/>\nEscrit\u00f3rio Veterin\u00e1rio Steglitz<br \/>\nK\u00f6nigin-Luise-Str. 92<br \/>\n14195 Berlim<\/p>","protected":false},"excerpt":{"rendered":"<p>O conjunto \u00e9 composto por 33 pe\u00e7as<br \/>\nTamanho: <span style=\"color: #0000ff;\"><strong>L<\/strong><\/span><\/p>","protected":false},"featured_media":7121,"comment_status":"open","ping_status":"closed","template":"","meta":{"_acf_changed":false,"content-type":"","_monsterinsights_skip_tracking":false,"_monsterinsights_sitenote_active":false,"_monsterinsights_sitenote_note":"","_monsterinsights_sitenote_category":0},"product_brand":[],"product_cat":[355,73,76,89],"product_tag":[],"class_list":{"0":"post-4626","1":"product","2":"type-product","3":"status-publish","4":"has-post-thumbnail","6":"product_cat-bundle-offers","7":"product_cat-starter-sets","8":"product_cat-starter-sets-cork","9":"product_cat-cork","11":"first","12":"instock","13":"taxable","14":"shipping-taxable","15":"purchasable","16":"product-type-simple"},"acf":[],"aioseo_notices":[],"jetpack_sharing_enabled":true,"_links":{"self":[{"href":"https:\/\/antcube.shop\/pt\/wp-json\/wp\/v2\/product\/4626","targetHints":{"allow":["GET"]}}],"collection":[{"href":"https:\/\/antcube.shop\/pt\/wp-json\/wp\/v2\/product"}],"about":[{"href":"https:\/\/antcube.shop\/pt\/wp-json\/wp\/v2\/types\/product"}],"replies":[{"embeddable":true,"href":"https:\/\/antcube.shop\/pt\/wp-json\/wp\/v2\/comments?post=4626"}],"wp:featuredmedia":[{"embeddable":true,"href":"https:\/\/antcube.shop\/pt\/wp-json\/wp\/v2\/media\/7121"}],"wp:attachment":[{"href":"https:\/\/antcube.shop\/pt\/wp-json\/wp\/v2\/media?parent=4626"}],"wp:term":[{"taxonomy":"product_brand","embeddable":true,"href":"https:\/\/antcube.shop\/pt\/wp-json\/wp\/v2\/product_brand?post=4626"},{"taxonomy":"product_cat","embeddable":true,"href":"https:\/\/antcube.shop\/pt\/wp-json\/wp\/v2\/product_cat?post=4626"},{"taxonomy":"product_tag","embeddable":true,"href":"https:\/\/antcube.shop\/pt\/wp-json\/wp\/v2\/product_tag?post=4626"}],"curies":[{"name":"wp","href":"https:\/\/api.w.org\/{rel}","templated":true}]}}