{"id":4625,"date":"2022-11-14T14:21:09","date_gmt":"2022-11-14T13:21:09","guid":{"rendered":"https:\/\/antcube.shop\/produkt\/acrylglas-xt-rohr-50-46mm-1m\/"},"modified":"2026-04-14T09:35:43","modified_gmt":"2026-04-14T07:35:43","slug":"acrylglas-xt-rohr-50-46mm-1m","status":"publish","type":"product","link":"https:\/\/antcube.shop\/pt\/produto\/acrylglas-xt-rohr-50-46mm-1m\/","title":{"rendered":"Tubo de formiga - cristalino - 50mm - 1m"},"content":{"rendered":"<p><strong>Dimens\u00f5es:<\/strong> di\u00e2metro exterior 50 mm, comprimento: 1m<\/p>\n<p><strong>Material:<\/strong> vidro acr\u00edlico<\/p>\n<p><strong>Cor:<\/strong> transparente, claro<\/p>\n<p><strong>Descri\u00e7\u00e3o:<\/strong> Pode ser ligado ao formic\u00e1rio atrav\u00e9s de adaptadores ou ligar v\u00e1rios formic\u00e1rios em conjunto.<\/p>\n<p><strong>Nota:<\/strong> Por raz\u00f5es de embalagem, os tubos de 1 metro podem ser cortados ao meio e opcionalmente encomendados com um peda\u00e7o de tubo correspondente. Se desejar que os tubos sejam entregues como tubos de 1 metro em qualquer caso, este deve ser seleccionado como um extra.<\/p>","protected":false},"excerpt":{"rendered":"<p>Dimens\u00f5es: di\u00e2metro exterior 50 mm, comprimento: 1m Material: vidro acr\u00edlico Cor: transparente, transparente Descri\u00e7\u00e3o: Pode ser ligado ao formic\u00e1rio atrav\u00e9s de adaptadores ou ligar v\u00e1rios formic\u00e1rios em conjunto. Nota: Por raz\u00f5es de embalagem, os tubos de 1 metro podem ser cortados ao meio e opcionalmente encomendados com um peda\u00e7o de tubo correspondente. Se quiser ter o","protected":false},"featured_media":5122,"comment_status":"open","ping_status":"closed","template":"","meta":{"_acf_changed":false,"content-type":"","_monsterinsights_skip_tracking":false,"_monsterinsights_sitenote_active":false,"_monsterinsights_sitenote_note":"","_monsterinsights_sitenote_category":0},"product_brand":[],"product_cat":[119,120],"product_tag":[],"class_list":{"0":"post-4625","1":"product","2":"type-product","3":"status-publish","4":"has-post-thumbnail","6":"product_cat-formicarium-components","7":"product_cat-hoses","9":"first","10":"instock","11":"taxable","12":"shipping-taxable","13":"purchasable","14":"product-type-simple"},"acf":[],"aioseo_notices":[],"jetpack_sharing_enabled":true,"_links":{"self":[{"href":"https:\/\/antcube.shop\/pt\/wp-json\/wp\/v2\/product\/4625","targetHints":{"allow":["GET"]}}],"collection":[{"href":"https:\/\/antcube.shop\/pt\/wp-json\/wp\/v2\/product"}],"about":[{"href":"https:\/\/antcube.shop\/pt\/wp-json\/wp\/v2\/types\/product"}],"replies":[{"embeddable":true,"href":"https:\/\/antcube.shop\/pt\/wp-json\/wp\/v2\/comments?post=4625"}],"wp:featuredmedia":[{"embeddable":true,"href":"https:\/\/antcube.shop\/pt\/wp-json\/wp\/v2\/media\/5122"}],"wp:attachment":[{"href":"https:\/\/antcube.shop\/pt\/wp-json\/wp\/v2\/media?parent=4625"}],"wp:term":[{"taxonomy":"product_brand","embeddable":true,"href":"https:\/\/antcube.shop\/pt\/wp-json\/wp\/v2\/product_brand?post=4625"},{"taxonomy":"product_cat","embeddable":true,"href":"https:\/\/antcube.shop\/pt\/wp-json\/wp\/v2\/product_cat?post=4625"},{"taxonomy":"product_tag","embeddable":true,"href":"https:\/\/antcube.shop\/pt\/wp-json\/wp\/v2\/product_tag?post=4625"}],"curies":[{"name":"wp","href":"https:\/\/api.w.org\/{rel}","templated":true}]}}