{"id":4613,"date":"2022-11-01T18:09:28","date_gmt":"2022-11-01T17:09:28","guid":{"rendered":"https:\/\/antcube.shop\/produkt\/antcube-starter-set-vivarium-30x30x30-cube\/"},"modified":"2026-04-01T11:20:15","modified_gmt":"2026-04-01T09:20:15","slug":"plantcube-vivarium-20x20x20-biom","status":"publish","type":"product","link":"https:\/\/antcube.shop\/pt\/produto\/plantcube-vivarium-20x20x20-biom\/","title":{"rendered":"PLANTCUBE - Biot\u00e9rio 20x20x20 Biom"},"content":{"rendered":"<p><b>Conte\u00fado:<\/b><b><br \/>\n<\/b><span style=\"font-weight: 400;\">1x PLANTCUBE Vivarium 20x20x20 Biom<\/span><span style=\"font-weight: 400;\"><br \/>\n<\/span><span style=\"font-weight: 400;\">2x tamp\u00f5es para furos de 10 mm<\/span><\/p>\n<p><span style=\"font-weight: 400;\">Cubo de vidro 20x20x20cm com 2 orif\u00edcios laterais de 27 mm e 2 orif\u00edcios laterais de 10 mm<\/span><span style=\"font-weight: 400;\"><br \/>\n<\/span><span style=\"font-weight: 400;\">O orif\u00edcio de 27 mm (ponto central) est\u00e1 a 8,5 cm de altura.\u00a0<\/span><\/p>\n<p><b>Dimens\u00f5es:<\/b><span style=\"font-weight: 400;\"> 200 x 200 x 200 mm; 4 mm de espessura de vidro<\/span><\/p>\n<p><b>Material:<\/b><span style=\"font-weight: 400;\"> vidro flotado<\/span><\/p>\n<p><b>Aberturas laterais:<\/b><b><br \/>\n<\/b><span style=\"font-weight: 400;\">2x furo 27mm<\/span><span style=\"font-weight: 400;\"><br \/>\n<\/span><span style=\"font-weight: 400;\">2x furo 10mm<\/span><\/p>\n<p><span style=\"font-weight: 400;\">Com os nossos Viv\u00e1rios PLANTCUBE, pode criar a sua pr\u00f3pria obra de arte viva para a sua sala de estar. Tamb\u00e9m pode manter pequenos animais num PLANTCUBE, pelo que n\u00e3o h\u00e1 limites para a sua criatividade.<\/span><\/p>\n<p><span style=\"font-weight: 400;\">Se quiser saber mais sobre o PLANTCUBE ou ler o nosso guia passo-a-passo para montar o seu viveiro, visite a seguinte liga\u00e7\u00e3o: <a href=\"http:\/\/antcube.shop\/PLANTCUBE\">antcube.shop\/PLANTCUBE<\/a><\/span><\/p>\n<p><b>Personalize o seu PLANTCUBE de acordo com as suas necessidades ou as das suas plantas e animais:<\/b><\/p>\n<p><span style=\"font-weight: 400;\">Os dois orif\u00edcios laterais de 10 mm, situados a 2 cm de altura (centro) do fundo, destinam-se a escoar o excesso de \u00e1gua. Por exemplo, pode utilizar a nossa mangueira transparente 10\/06mm para escoar a \u00e1gua. Os dois orif\u00edcios de 27 mm podem ser fechados com tamp\u00f5es ou servir de ventila\u00e7\u00e3o adicional quando equipados com grelhas. Pode at\u00e9 ligar duas configura\u00e7\u00f5es aqui atrav\u00e9s de um tubo de acr\u00edlico. Desta forma, se mantiver animais no seu viveiro, eles podem deslocar-se livremente de uma instala\u00e7\u00e3o para outra.<\/span><\/p>\n<p><b>Como transformar o seu PLANTCUBE num ecossistema bioativo?<\/b><\/p>\n<p><b>Criar uma camada de drenagem:<\/b><\/p>\n<p><span style=\"font-weight: 400;\">Para apoiar as suas plantas, deve construir primeiro uma camada de drenagem dentro do seu viveiro. Recomendamos que utilize 2-3 cm de gr\u00e2nulos de argila (4-8 mm), uma vez que s\u00e3o leves. Certifique-se de que os lava em \u00e1gua corrente antes de os colocar para remover o p\u00f3.\u00a0<\/span><\/p>\n<p><span style=\"font-weight: 400;\">Pode colocar uma tela de drenagem por cima dos gr\u00e2nulos de argila para separar a drenagem do substrato.<\/span><\/p>\n<p><b>Quais as plantas e o solo a utilizar:<\/b><\/p>\n<p><span style=\"font-weight: 400;\">Tudo isto depende do tipo de \"ecossistema\" que se pretende criar. Se quiser construir um viveiro des\u00e9rtico ou bastante seco, precisar\u00e1 de plantas que se desenvolvam nesse clima e de utilizar o solo apropriado para o seu crescimento. Para Viv\u00e1rios tropicais \u00e9 obviamente o mesmo. Tenta usar plantas de regi\u00f5es e\/ou climas semelhantes para que todas se d\u00eaem bem no mesmo tipo de solo e clima. Uma boa loja de plantas deve ter sempre informa\u00e7\u00f5es sobre o clima e o solo adequados para as plantas que vende.<\/span><\/p>\n<p><b>Importante:<\/b><span style=\"font-weight: 400;\"> Se quiser manter plantas e animais juntos, nunca deve utilizar plantas que n\u00e3o sabe se estiveram em contacto com fertilizantes ou pesticidas. Utilize apenas plantas de lojas de terr\u00e1rios ou similares que tenham a garantia de estarem completamente livres de pesticidas e fertilizantes. Caso contr\u00e1rio, estes podem levar \u00e0 morte dos seus animais.<\/span><\/p>\n<p><b>Introduzir uma \"equipa de limpeza\" para tornar o seu viveiro bioativo<\/b><\/p>\n<p><b>O que \u00e9 bioativo? <\/b><span style=\"font-weight: 400;\">O que \u00e9 bioativo? \u00c9 o mais pr\u00f3ximo que se chega de uma instala\u00e7\u00e3o autossustent\u00e1vel. Trata-se de adicionar a mistura adequada de solo e mat\u00e9ria org\u00e2nica para a forma\u00e7\u00e3o de microflora e a microfauna necess\u00e1ria para criar um ciclo de nutrientes no seu viveiro.<\/span><\/p>\n<p><span style=\"font-weight: 400;\">A nossa dica: Adicione sempre pequenas criaturas como col\u00eambolos e is\u00f3podes. Estes n\u00e3o s\u00e3o apenas uma boa fonte de alimento \"intermin\u00e1vel\", se quiser manter outros animais no seu viveiro. Alimentam-se especialmente de bolores que se podem formar devido \u00e0 elevada humidade e enriquecem o solo com nutrientes, o que, por sua vez, permite que as plantas cres\u00e7am de forma saud\u00e1vel.<\/span><\/p>\n<p><span style=\"font-weight: 400;\">Adicione um pouco de carv\u00e3o vegetal ao seu solo, o que ajuda os micr\u00f3bios a coloniz\u00e1-lo. O musgo e a casca de corti\u00e7a ou a madeira branca podre, para al\u00e9m da folhagem, n\u00e3o s\u00f3 t\u00eam um aspeto natural na sua instala\u00e7\u00e3o, como tamb\u00e9m alimentam a sua \"equipa de limpeza\", fornecem-lhes esconderijos e locais de reprodu\u00e7\u00e3o e s\u00e3o f\u00e1ceis de decompor em nutrientes para as suas plantas.<\/span><\/p>\n<p><b>Na natureza, tudo \u00e9 uma quest\u00e3o de equil\u00edbrio<\/b><\/p>\n<p><span style=\"font-weight: 400;\">No entanto, n\u00e3o \u00e9 aconselh\u00e1vel utilizar certas esp\u00e9cies de is\u00f3podes sem acrescentar nada que os cace, uma vez que uma popula\u00e7\u00e3o de is\u00f3podes sem predadores como as formigas, por exemplo, gosta de se descontrolar e as plantas do seu viveiro tornam-se rapidamente uma fonte de alimento indesejada. Na natureza, tudo \u00e9 uma quest\u00e3o de equil\u00edbrio.<\/span><\/p>\n<p><b>Mais informa\u00e7\u00f5es:<\/b><\/p>\n<p><span style=\"font-weight: 400;\">O vidro \u00e9 cortado de acordo com DIN 1249 com uma toler\u00e2ncia de +\/- 1mm. Para esp\u00e9cies de formigas extremamente pequenas, \u00e9 essencial uma protec\u00e7\u00e3o adicional contra a quebra.<\/span><\/p>","protected":false},"excerpt":{"rendered":"<p>Liga\u00e7\u00e3o: 2x furo de 27 mm<br \/>\n2x furo de 10 mm<\/p>","protected":false},"featured_media":12297,"comment_status":"open","ping_status":"closed","template":"","meta":{"_acf_changed":false,"content-type":"","_monsterinsights_skip_tracking":false,"_monsterinsights_sitenote_active":false,"_monsterinsights_sitenote_note":"","_monsterinsights_sitenote_category":0},"product_brand":[483],"product_cat":[341],"product_tag":[],"class_list":{"0":"post-4613","1":"product","2":"type-product","3":"status-publish","4":"has-post-thumbnail","6":"product_brand-plantcube","7":"product_cat-vivariums","9":"first","10":"instock","11":"taxable","12":"shipping-taxable","13":"purchasable","14":"product-type-simple"},"acf":[],"aioseo_notices":[],"jetpack_sharing_enabled":true,"_links":{"self":[{"href":"https:\/\/antcube.shop\/pt\/wp-json\/wp\/v2\/product\/4613","targetHints":{"allow":["GET"]}}],"collection":[{"href":"https:\/\/antcube.shop\/pt\/wp-json\/wp\/v2\/product"}],"about":[{"href":"https:\/\/antcube.shop\/pt\/wp-json\/wp\/v2\/types\/product"}],"replies":[{"embeddable":true,"href":"https:\/\/antcube.shop\/pt\/wp-json\/wp\/v2\/comments?post=4613"}],"wp:featuredmedia":[{"embeddable":true,"href":"https:\/\/antcube.shop\/pt\/wp-json\/wp\/v2\/media\/12297"}],"wp:attachment":[{"href":"https:\/\/antcube.shop\/pt\/wp-json\/wp\/v2\/media?parent=4613"}],"wp:term":[{"taxonomy":"product_brand","embeddable":true,"href":"https:\/\/antcube.shop\/pt\/wp-json\/wp\/v2\/product_brand?post=4613"},{"taxonomy":"product_cat","embeddable":true,"href":"https:\/\/antcube.shop\/pt\/wp-json\/wp\/v2\/product_cat?post=4613"},{"taxonomy":"product_tag","embeddable":true,"href":"https:\/\/antcube.shop\/pt\/wp-json\/wp\/v2\/product_tag?post=4613"}],"curies":[{"name":"wp","href":"https:\/\/api.w.org\/{rel}","templated":true}]}}