{"id":4611,"date":"2022-11-01T18:08:57","date_gmt":"2022-11-01T17:08:57","guid":{"rendered":"https:\/\/antcube.shop\/produkt\/antcube-arena-30x30x30-wurfel\/"},"modified":"2026-04-09T14:37:36","modified_gmt":"2026-04-09T12:37:36","slug":"antcube-arena-30x30x30-cubo","status":"publish","type":"product","link":"https:\/\/antcube.shop\/pt\/produto\/antcube-arena-30x30x30-cubo\/","title":{"rendered":"ANTCUBE - Arena 30x30x30 - Cubo"},"content":{"rendered":"<p><strong>Dimens\u00f5es:<\/strong> 300 x 300 x 300 mm; 4mm de espessura de vidro<\/p>\n<p><strong>Material:<\/strong> vidro flotado<\/p>\n<p><strong>Conex\u00e3o:<\/strong> 2x buraco 50 mm<\/p>\n<p><strong>Descri\u00e7\u00e3o:<\/strong><br \/>\nBacia de vidro 30x30x30 cm com 2 furos de 50 mm.<br \/>\nA perfura\u00e7\u00e3o (ponto central) \u00e9 em 3 cm de altura.<\/p>\n<p><strong>Nota:<\/strong> O vidro \u00e9 cortado de acordo com DIN 1249 com uma toler\u00e2ncia de +\/- 1mm. Para esp\u00e9cies de formigas extremamente pequenas, \u00e9 essencial uma protec\u00e7\u00e3o adicional contra a quebra.<\/p>","protected":false},"excerpt":{"rendered":"<p><strong>Conex\u00e3o:<\/strong> 2x buraco 50 mm<br \/>\n<strong>Tamanho:<\/strong> S, M, L, XL<\/p>","protected":false},"featured_media":5130,"comment_status":"open","ping_status":"closed","template":"","meta":{"_acf_changed":false,"content-type":"","_monsterinsights_skip_tracking":false,"_monsterinsights_sitenote_active":false,"_monsterinsights_sitenote_note":"","_monsterinsights_sitenote_category":0},"product_brand":[],"product_cat":[85,86],"product_tag":[],"class_list":{"0":"post-4611","1":"product","2":"type-product","3":"status-publish","4":"has-post-thumbnail","6":"product_cat-ant-arenas","7":"product_cat-formicariums","9":"first","10":"instock","11":"taxable","12":"shipping-taxable","13":"purchasable","14":"product-type-simple"},"acf":[],"aioseo_notices":[],"jetpack_sharing_enabled":true,"_links":{"self":[{"href":"https:\/\/antcube.shop\/pt\/wp-json\/wp\/v2\/product\/4611","targetHints":{"allow":["GET"]}}],"collection":[{"href":"https:\/\/antcube.shop\/pt\/wp-json\/wp\/v2\/product"}],"about":[{"href":"https:\/\/antcube.shop\/pt\/wp-json\/wp\/v2\/types\/product"}],"replies":[{"embeddable":true,"href":"https:\/\/antcube.shop\/pt\/wp-json\/wp\/v2\/comments?post=4611"}],"wp:featuredmedia":[{"embeddable":true,"href":"https:\/\/antcube.shop\/pt\/wp-json\/wp\/v2\/media\/5130"}],"wp:attachment":[{"href":"https:\/\/antcube.shop\/pt\/wp-json\/wp\/v2\/media?parent=4611"}],"wp:term":[{"taxonomy":"product_brand","embeddable":true,"href":"https:\/\/antcube.shop\/pt\/wp-json\/wp\/v2\/product_brand?post=4611"},{"taxonomy":"product_cat","embeddable":true,"href":"https:\/\/antcube.shop\/pt\/wp-json\/wp\/v2\/product_cat?post=4611"},{"taxonomy":"product_tag","embeddable":true,"href":"https:\/\/antcube.shop\/pt\/wp-json\/wp\/v2\/product_tag?post=4611"}],"curies":[{"name":"wp","href":"https:\/\/api.w.org\/{rel}","templated":true}]}}